{"id":103,"date":"2020-01-13T11:14:43","date_gmt":"2020-01-13T11:14:43","guid":{"rendered":"https:\/\/www.katarinateplicka.sk\/?page_id=103"},"modified":"2025-02-01T13:37:38","modified_gmt":"2025-02-01T13:37:38","slug":"zaverecne-prace","status":"publish","type":"page","link":"https:\/\/www.katarinateplicka.sk\/en\/zaverecne-prace\/","title":{"rendered":"FINAL THESIS"},"content":{"rendered":"<p class=\"has-white-color has-text-color has-background\" style=\"background-color:#3f9c2d\"><strong>As part of the pedagogical process, I supervise semester, bachelor's, and diploma theses, and as part of the scientific-research process, I supervise doctoral dissertations. The focus of all final theses is oriented to my professional profile and to the subjects that I teach in pedagogical process with orientation on cost management and optimization. Students can choose of various final theses. <\/strong><\/p>\n\n\n\n<figure class=\"wp-block-image aligncenter size-large\"><img fetchpriority=\"high\" decoding=\"async\" width=\"1024\" height=\"479\" src=\"https:\/\/www.katarinateplicka.sk\/wp-content\/uploads\/2021\/11\/final-thesis.png\" alt=\"\" class=\"wp-image-457\" srcset=\"https:\/\/www.katarinateplicka.sk\/wp-content\/uploads\/2021\/11\/final-thesis.png 1124w, https:\/\/www.katarinateplicka.sk\/wp-content\/uploads\/2021\/11\/final-thesis-300x141.png 300w, https:\/\/www.katarinateplicka.sk\/wp-content\/uploads\/2021\/11\/final-thesis-1024x481.png 1024w, https:\/\/www.katarinateplicka.sk\/wp-content\/uploads\/2021\/11\/final-thesis-768x361.png 768w, https:\/\/www.katarinateplicka.sk\/wp-content\/uploads\/2021\/11\/final-thesis-18x8.png 18w\" sizes=\"(max-width: 1024px) 100vw, 1024px\" \/><\/figure>\n\n\n\n<p class=\"has-black-color has-text-color\">When solving final theses, it is necessary to comply with Methodological Guideline on the requisites of final theses, their bibliographic registration, control of originality, storage, and access. DEFENCE OF THE FINAL THESIS consists of the preparation of a presentation, which consists of the basic parts of the final work - introduction, methodology and research methods, theoretical, analytical, design part, summary, and conclusions.&nbsp;<\/p>\n\n\n\n<figure class=\"wp-block-table\"><table class=\"has-white-color has-text-color has-background has-link-color has-fixed-layout\" style=\"background-color:#3f9c2d\"><tbody><tr><td class=\"has-text-align-center\" data-align=\"center\"><strong>Bachelor\u00b4s theses <\/strong><\/td><td class=\"has-text-align-center\" data-align=\"center\"><strong>Diploma theses <\/strong><\/td><td class=\"has-text-align-center\" data-align=\"center\"><strong>Dissertation theses <\/strong><\/td><\/tr><tr><td class=\"has-text-align-center\" data-align=\"center\">133<\/td><td class=\"has-text-align-center\" data-align=\"center\">136<\/td><td class=\"has-text-align-center\" data-align=\"center\">3<\/td><\/tr><\/tbody><\/table><\/figure>\n\n\n<figure><\/figure>\n<h6 style=\"text-align: center;\"><strong><span style=\"color: #000000;\">OVERVIEW OF BACHELOR THESES<\/span><\/strong><\/h6>\n<figure>\n<table style=\"background-color: #e9fbe5;\">\n<tbody>\n<tr>\n<td style=\"text-align: left;\"><span style=\"color: #808080;\">The position of cost controlling in business management and its use in cost optimization.<\/span><\/td>\n<\/tr>\n<tr>\n<td style=\"text-align: left;\"><span style=\"color: #808080;\">Optimization of bearing supply costs at the Energy Division division.<\/span><\/td>\n<\/tr>\n<tr>\n<td style=\"text-align: left;\"><span style=\"color: #808080;\">Evaluation of ISO standard 9001: 2000 in the company.<\/span><\/td>\n<\/tr>\n<tr>\n<td style=\"text-align: left;\"><span style=\"color: #808080;\">Use and benefits of controlling in cost management.<\/span><\/td>\n<\/tr>\n<tr>\n<td style=\"text-align: left;\"><span style=\"color: #808080;\">Evaluation of the benefits of the offered products in the field of customer care.<\/span><\/td>\n<\/tr>\n<tr>\n<td style=\"text-align: left;\"><span style=\"color: #808080;\">Principles of correct determination of personal income tax according to \u00a75 ZDP.<\/span><\/td>\n<\/tr>\n<tr>\n<td style=\"text-align: left;\"><span style=\"color: #808080;\">Process audit as a tool for improving the quality management system in the company \u017deleziarne Podbrezov\u00e1.<\/span><\/td>\n<\/tr>\n<tr>\n<td style=\"text-align: left;\"><span style=\"color: #808080;\">Preparation of the main budget of the business entity for the purpose of financial planning.<\/span><\/td>\n<\/tr>\n<tr>\n<td style=\"text-align: left;\"><span style=\"color: #808080;\">Specifics of the calculation formula in different sectors of the economy.<\/span><\/td>\n<\/tr>\n<tr>\n<td style=\"text-align: left;\"><span style=\"color: #808080;\">Tax, accounting and economic aspects of corporate reserves.<\/span><\/td>\n<\/tr>\n<tr>\n<td style=\"text-align: left;\"><span style=\"color: #808080;\">Application of voluntary instruments in practice and their practical benefits.<\/span><\/td>\n<\/tr>\n<tr>\n<td style=\"text-align: left;\"><span style=\"color: #808080;\">Analysis of financial statements according to international accounting standards.<\/span><\/td>\n<\/tr>\n<tr>\n<td style=\"text-align: left;\"><span style=\"color: #808080;\">Use of EU environmental funds, the possibility of obtaining resources and their use.<\/span><\/td>\n<\/tr>\n<tr>\n<td style=\"text-align: left;\"><span style=\"color: #808080;\">Target costing - the use of target calculation in determining the price of the product.<\/span><\/td>\n<\/tr>\n<tr>\n<td style=\"text-align: left;\"><span style=\"color: #808080;\">Tax planning as a tool to prevent financial insolvency of the company.<\/span><\/td>\n<\/tr>\n<tr>\n<td style=\"text-align: left;\"><span style=\"color: #808080;\">Support for the development of the municipality with a focus on the use of natural resources.<\/span><\/td>\n<\/tr>\n<tr>\n<td style=\"text-align: left;\"><span style=\"color: #808080;\">Eliminating waste in the company by using management methods.<\/span><\/td>\n<\/tr>\n<tr>\n<td style=\"text-align: left;\"><span style=\"color: #808080;\">Kaizen in terms of small and medium business.<\/span><\/td>\n<\/tr>\n<tr>\n<td style=\"text-align: left;\"><span style=\"color: #808080;\">Proposal of possibilities and means of reducing costs of municipal waste.<\/span><\/td>\n<\/tr>\n<tr>\n<td style=\"text-align: left;\"><span style=\"color: #808080;\">Optimization of technological and machine waste costs.<\/span><\/td>\n<\/tr>\n<tr>\n<td style=\"text-align: left;\"><span style=\"color: #808080;\">Application of quality management tools in terms of continuous improvement.<\/span><\/td>\n<\/tr>\n<tr>\n<td style=\"text-align: left;\"><span style=\"color: #808080;\">Analysis of company costs from an economic and accounting point of view using statistical methods.<\/span><\/td>\n<\/tr>\n<tr>\n<td style=\"text-align: left;\"><span style=\"color: #808080;\">Evaluation of production process quality costs and their impact on process efficiency.<\/span><\/td>\n<\/tr>\n<\/tbody>\n<\/table>\n<\/figure>\n<h6 style=\"text-align: center;\"><strong><span style=\"color: #000000;\">OVERVIEW OF DIPLOMA THESES<\/span><\/strong><\/h6>\n<figure>\n<table style=\"background-color: #e9fbe5;\">\n<tbody>\n<tr>\n<td style=\"text-align: left;\" data-align=\"left\"><span style=\"color: #808080;\">The use of quantitative methods in inventory optimization in U.S. Pat. STEEL Ko\u0161ice.<\/span><\/td>\n<\/tr>\n<tr>\n<td style=\"text-align: left;\" data-align=\"left\"><span style=\"color: #808080;\">Leasing and its effective use in a business unit.<\/span><\/td>\n<\/tr>\n<tr>\n<td style=\"text-align: left;\" data-align=\"left\"><span style=\"color: #808080;\">Preparation and execution of a tax audit in the accounting unit.<\/span><\/td>\n<\/tr>\n<tr>\n<td style=\"text-align: left;\" data-align=\"left\"><span style=\"color: #808080;\">New approaches in business cost management and their application in practice.<\/span><\/td>\n<\/tr>\n<tr>\n<td style=\"text-align: left;\" data-align=\"left\"><span style=\"color: #808080;\">Acquisition of tangible fixed assets in the form of loans and leasing - comparison.<\/span><\/td>\n<\/tr>\n<tr>\n<td style=\"text-align: left;\" data-align=\"left\"><span style=\"color: #808080;\">Controlling - a modern management discipline for achieving effective performance.<\/span><\/td>\n<\/tr>\n<tr>\n<td style=\"text-align: left;\" data-align=\"left\"><span style=\"color: #808080;\">Performance analysis of Finexa a.s. Prague.<\/span><\/td>\n<\/tr>\n<tr>\n<td style=\"text-align: left;\" data-align=\"left\"><span style=\"color: #808080;\">Calculations and budgets -cost optimization using calculations and budgets.<\/span><\/td>\n<\/tr>\n<tr>\n<td style=\"text-align: left;\" data-align=\"left\"><span style=\"color: #808080;\">Productivity management of manufacturing companies in relation to cost indicators.<\/span><\/td>\n<\/tr>\n<tr>\n<td style=\"text-align: left;\" data-align=\"left\"><span style=\"color: #808080;\">Creating a general cost management model in a manufacturing company.<\/span><\/td>\n<\/tr>\n<tr>\n<td style=\"text-align: left;\" data-align=\"left\"><span style=\"color: #808080;\">Collection and payment of income tax advances according to Act 595\/2003.<\/span><\/td>\n<\/tr>\n<tr>\n<td style=\"text-align: left;\" data-align=\"left\"><span style=\"color: #808080;\">HACCP quality system implementation and application in the practice of school facilities.<\/span><\/td>\n<\/tr>\n<tr>\n<td style=\"text-align: left;\" data-align=\"left\"><span style=\"color: #808080;\">Evaluation of economic indicators in the production process of the company Praktis.<\/span><\/td>\n<\/tr>\n<tr>\n<td style=\"text-align: left;\" data-align=\"left\"><span style=\"color: #808080;\">Kaizen- continuous improvement of the production process.<\/span><\/td>\n<\/tr>\n<tr>\n<td style=\"text-align: left;\" data-align=\"left\"><span style=\"color: #808080;\">Internal audit of the environmental management system.<\/span><\/td>\n<\/tr>\n<tr>\n<td style=\"text-align: left;\" data-align=\"left\"><span style=\"color: #808080;\">Calculations and budgeting in the selected agricultural enterprise.<\/span><\/td>\n<\/tr>\n<tr>\n<td style=\"text-align: left;\" data-align=\"left\"><span style=\"color: #808080;\">Analysis of business travel settlement in the current legislative conditions.<\/span><\/td>\n<\/tr>\n<tr>\n<td style=\"text-align: left;\" data-align=\"left\"><span style=\"color: #808080;\">Comparison of various forms of property acquisition with a focus on the environment.<\/span><\/td>\n<\/tr>\n<tr>\n<td style=\"text-align: left;\" data-align=\"left\"><span style=\"color: #808080;\">Application of the EFQM model in the evaluation of quality management system processes.<\/span><\/td>\n<\/tr>\n<tr>\n<td style=\"text-align: left;\" data-align=\"left\"><span style=\"color: #808080;\">Implementation of tools 5 S - good management in the company.<\/span><\/td>\n<\/tr>\n<tr>\n<td style=\"text-align: left;\" data-align=\"left\"><span style=\"color: #808080;\">Use of ABC and XYZ methods in the inventory management process.<\/span><\/td>\n<\/tr>\n<tr>\n<td style=\"text-align: left;\" data-align=\"left\"><span style=\"color: #808080;\">LCC- product life cycle cost assessment.<\/span><\/td>\n<\/tr>\n<tr>\n<td style=\"text-align: left;\" data-align=\"left\"><span style=\"color: #808080;\">Elimination of environmental costs and their benefits in the field of environment.<\/span><\/td>\n<\/tr>\n<tr>\n<td style=\"text-align: left;\" data-align=\"left\"><span style=\"color: #808080;\">Statistical evaluation of the maintenance process in the company and proposal of innovations for the maintenance process.<\/span><\/td>\n<\/tr>\n<\/tbody>\n<\/table>\n<\/figure>\n<h6 style=\"text-align: center;\"><strong><span style=\"color: #000000;\">OVERVIEW OF DISSERTATION THESIS<\/span><\/strong><\/h6>\n<figure>\n<table style=\"background-color: #e9fbe5;\">\n<tbody>\n<tr>\n<td style=\"text-align: left;\">\n<p><span style=\"color: #808080;\">LCA anal\u00fdza \u017eivotn\u00e9ho cyklu v\u00fdrobku ako n\u00e1stroj inova\u010dn\u00e9ho potenci\u00e1lu, zvy\u0161ovania pridanej hodnoty, kvality a environment\u00e1lnych parametrov v\u00fdrobku.<\/span><\/p>\n<\/td>\n<\/tr>\n<\/tbody>\n<\/table>\n<\/figure>\n<figure>\n<table style=\"background-color: #e9fbe5;\">\n<tbody>\n<tr>\n<td style=\"text-align: left;\"><span style=\"color: #808080;\">Analysis of possible ways of measuring the performance of industrial enterprises.<\/span><\/td>\n<\/tr>\n<\/tbody>\n<\/table>\n<\/figure>\n<figure>\n<table style=\"background-color: #e9fbe5; height: 5px;\" width=\"876\">\n<tbody>\n<tr>\n<td style=\"text-align: left;\"><span style=\"color: #808080;\">Mana\u017ement n\u00e1kladov ako\u00a0 n\u00e1stroj zvy\u0161ovania efekt\u00edvnosti podnikate\u013eskej \u010dinnosti.<\/span><\/td>\n<\/tr>\n<\/tbody>\n<\/table>\n<\/figure>\n\n\n<p><\/p>","protected":false},"excerpt":{"rendered":"<p>V r\u00e1mci pedagogick\u00e9ho procesu vediem semestr\u00e1lne, bakal\u00e1rske, diplomov\u00e9 pr\u00e1ce a v r\u00e1mci vedecko-v\u00fdskumn\u00e9ho procesu vediem doktorandsk\u00e9 dizerta\u010dn\u00e9 pr\u00e1ce. Zameranie v\u0161etk\u00fdch<\/p>","protected":false},"author":2,"featured_media":0,"parent":0,"menu_order":2,"comment_status":"closed","ping_status":"closed","template":"","meta":{"colormag_page_container_layout":"no_sidebar_content_centered","colormag_page_sidebar_layout":"no_sidebar","footnotes":""},"class_list":["post-103","page","type-page","status-publish","hentry"],"_links":{"self":[{"href":"https:\/\/www.katarinateplicka.sk\/en\/wp-json\/wp\/v2\/pages\/103","targetHints":{"allow":["GET"]}}],"collection":[{"href":"https:\/\/www.katarinateplicka.sk\/en\/wp-json\/wp\/v2\/pages"}],"about":[{"href":"https:\/\/www.katarinateplicka.sk\/en\/wp-json\/wp\/v2\/types\/page"}],"author":[{"embeddable":true,"href":"https:\/\/www.katarinateplicka.sk\/en\/wp-json\/wp\/v2\/users\/2"}],"replies":[{"embeddable":true,"href":"https:\/\/www.katarinateplicka.sk\/en\/wp-json\/wp\/v2\/comments?post=103"}],"version-history":[{"count":165,"href":"https:\/\/www.katarinateplicka.sk\/en\/wp-json\/wp\/v2\/pages\/103\/revisions"}],"predecessor-version":[{"id":4386,"href":"https:\/\/www.katarinateplicka.sk\/en\/wp-json\/wp\/v2\/pages\/103\/revisions\/4386"}],"wp:attachment":[{"href":"https:\/\/www.katarinateplicka.sk\/en\/wp-json\/wp\/v2\/media?parent=103"}],"curies":[{"name":"wp","href":"https:\/\/api.w.org\/{rel}","templated":true}]}}