{"id":1606,"date":"2022-02-16T06:40:37","date_gmt":"2022-02-16T06:40:37","guid":{"rendered":"https:\/\/www.katarinateplicka.sk\/?page_id=1606"},"modified":"2026-02-26T07:00:20","modified_gmt":"2026-02-26T07:00:20","slug":"propagacia","status":"publish","type":"page","link":"https:\/\/www.katarinateplicka.sk\/en\/propagacia\/","title":{"rendered":"PROPAGATION"},"content":{"rendered":"<p class=\"has-text-align-center has-white-color has-text-color has-background has-large-font-size\" style=\"background-color:#1ca321\"><strong>WHERE TO GO TO COLLEGE?<\/strong><\/p>\n\n\n\n<figure class=\"wp-block-image aligncenter size-full is-resized\"><img fetchpriority=\"high\" decoding=\"async\" width=\"776\" height=\"559\" src=\"https:\/\/www.katarinateplicka.sk\/wp-content\/uploads\/2025\/02\/svos-1024x768-1.jpg\" alt=\"\" class=\"wp-image-5288\" style=\"width:479px;height:auto\" srcset=\"https:\/\/www.katarinateplicka.sk\/wp-content\/uploads\/2025\/02\/svos-1024x768-1.jpg 776w, https:\/\/www.katarinateplicka.sk\/wp-content\/uploads\/2025\/02\/svos-1024x768-1-300x216.jpg 300w, https:\/\/www.katarinateplicka.sk\/wp-content\/uploads\/2025\/02\/svos-1024x768-1-768x553.jpg 768w, https:\/\/www.katarinateplicka.sk\/wp-content\/uploads\/2025\/02\/svos-1024x768-1-18x12.jpg 18w\" sizes=\"(max-width: 776px) 100vw, 776px\" \/><\/figure>\n\n\n\n<p class=\"has-text-align-center has-black-color has-text-color has-link-color wp-elements-e5aa10e5655706df76b9fe16cb88d1e6\" style=\"font-size:25px\"><strong>DO NOT HESITATE AND BECOME A MEMBER OF OUR TEAM <\/strong><\/p>\n\n\n\n<p class=\"has-text-align-center has-black-color has-text-color has-link-color wp-elements-13db1da4772d1903f4cfa3ec0bf00b15\" style=\"font-size:25px\"><strong>STUDY PROGRAM<\/strong>: <strong>ECONOMIC OF EARTH RESOURCES <\/strong><\/p>\n\n\n\n<figure class=\"wp-block-video\"><video height=\"1080\" style=\"aspect-ratio: 1920 \/ 1080;\" width=\"1920\" autoplay controls src=\"https:\/\/www.katarinateplicka.sk\/wp-content\/uploads\/2024\/propagacia_web.mp4\"><\/video><\/figure>\n\n\n\n<p class=\"has-text-align-center has-black-color has-text-color\" style=\"font-size:33px\"><\/p>","protected":false},"excerpt":{"rendered":"<p>KAM NA VYSOK\u00da \u0160KOLU? NEV\u00c1HAJTE A STA\u0147TE SA \u010cLENOM N\u00c1\u0160HO T\u00cdMU \u0160TUDIJN\u00dd PROGRAM: EKONOMIKA ZEMSK\u00ddCH ZDROJOV<\/p>","protected":false},"author":2,"featured_media":0,"parent":0,"menu_order":0,"comment_status":"closed","ping_status":"closed","template":"","meta":{"colormag_page_container_layout":"no_sidebar_content_centered","colormag_page_sidebar_layout":"no_sidebar","footnotes":""},"class_list":["post-1606","page","type-page","status-publish","hentry"],"_links":{"self":[{"href":"https:\/\/www.katarinateplicka.sk\/en\/wp-json\/wp\/v2\/pages\/1606","targetHints":{"allow":["GET"]}}],"collection":[{"href":"https:\/\/www.katarinateplicka.sk\/en\/wp-json\/wp\/v2\/pages"}],"about":[{"href":"https:\/\/www.katarinateplicka.sk\/en\/wp-json\/wp\/v2\/types\/page"}],"author":[{"embeddable":true,"href":"https:\/\/www.katarinateplicka.sk\/en\/wp-json\/wp\/v2\/users\/2"}],"replies":[{"embeddable":true,"href":"https:\/\/www.katarinateplicka.sk\/en\/wp-json\/wp\/v2\/comments?post=1606"}],"version-history":[{"count":35,"href":"https:\/\/www.katarinateplicka.sk\/en\/wp-json\/wp\/v2\/pages\/1606\/revisions"}],"predecessor-version":[{"id":5592,"href":"https:\/\/www.katarinateplicka.sk\/en\/wp-json\/wp\/v2\/pages\/1606\/revisions\/5592"}],"wp:attachment":[{"href":"https:\/\/www.katarinateplicka.sk\/en\/wp-json\/wp\/v2\/media?parent=1606"}],"curies":[{"name":"wp","href":"https:\/\/api.w.org\/{rel}","templated":true}]}}