{"id":5426,"date":"2025-08-18T14:56:41","date_gmt":"2025-08-18T14:56:41","guid":{"rendered":"https:\/\/www.katarinateplicka.sk\/?page_id=5426"},"modified":"2026-02-26T06:47:30","modified_gmt":"2026-02-26T06:47:30","slug":"prax","status":"publish","type":"page","link":"https:\/\/www.katarinateplicka.sk\/en\/prax\/","title":{"rendered":"PRACTICE"},"content":{"rendered":"<p class=\"has-text-align-center has-white-color has-text-color has-background has-link-color has-medium-font-size wp-elements-61ff755064c0021b65e9e51758478c55\" style=\"background-color:#3f9c2d\"><strong>I gained practical experience in various \"WORK POSITIONS\" based on my education.<\/strong><\/p>\n\n\n\n<div class=\"wp-block-columns is-layout-flex wp-container-core-columns-is-layout-28f84493 wp-block-columns-is-layout-flex\">\n<div class=\"wp-block-column is-layout-flow wp-block-column-is-layout-flow\">\n<div class=\"wp-block-columns is-layout-flex wp-container-core-columns-is-layout-28f84493 wp-block-columns-is-layout-flex\">\n<div class=\"wp-block-column is-layout-flow wp-block-column-is-layout-flow\"><\/div>\n\n\n\n<div class=\"wp-block-column is-layout-flow wp-block-column-is-layout-flow\"><\/div>\n\n\n\n<div class=\"wp-block-column is-layout-flow wp-block-column-is-layout-flow\"><\/div>\n\n\n\n<div class=\"wp-block-column is-layout-flow wp-block-column-is-layout-flow\"><\/div>\n<\/div>\n<\/div>\n\n\n\n<div class=\"wp-block-column is-layout-flow wp-block-column-is-layout-flow\"><\/div>\n\n\n\n<div class=\"wp-block-column is-layout-flow wp-block-column-is-layout-flow\"><\/div>\n<\/div>\n\n\n\n<figure class=\"wp-block-table is-style-stripes\" style=\"font-size:13px\"><table class=\"has-black-color has-text-color has-link-color\" style=\"border-style:none;border-width:0px\"><tbody><tr><td class=\"has-text-align-left\" data-align=\"left\"><strong>1990-1995<\/strong><\/td><td class=\"has-text-align-left\" data-align=\"left\">Experience in gastronomy and hotel industry: <br>storekeeper<br>cookbook \u2013 cold kitchen <br>cookbook \u2013 warm kitchen<br>pastry chef<br>waiter<br>barmen<br>receptionist<br>hotel operator<\/td><td class=\"has-text-align-left\" data-align=\"left\">Baden Baden \u2013 Germany<br>Munchen - Germany<br>Achern - Germany<br>Tatransk\u00e1 Lomnica<br>Star\u00e1 Lesn\u00e1 <br>Podbansk\u00e9, <br>Dob\u0161insk\u00e1 Ma\u0161a<br>Dedinky<br>Poprad<\/td><\/tr><tr><td class=\"has-text-align-left\" data-align=\"left\"><strong>1996-2009<\/strong><\/td><td class=\"has-text-align-left\" data-align=\"left\">accountant, tax specialist, economist, calculator<\/td><td class=\"has-text-align-left\" data-align=\"left\">DREVOS \u2013 Association of Individuals in Agriculture, Dob\u0161insk\u00e1 Ma\u0161a <\/td><\/tr><tr><td class=\"has-text-align-left\" data-align=\"left\"><strong>1998-2000<\/strong><\/td><td class=\"has-text-align-left\" data-align=\"left\">pedagogy <\/td><td class=\"has-text-align-left\" data-align=\"left\">Secondary vocational school of metallurgy, Ko\u0161ice <\/td><\/tr><tr><td class=\"has-text-align-left\" data-align=\"left\"><strong>2000-2008<\/strong><\/td><td class=\"has-text-align-left\" data-align=\"left\">tax specialist <\/td><td class=\"has-text-align-left\" data-align=\"left\">Tax returns of individuals <\/td><\/tr><tr><td class=\"has-text-align-left\" data-align=\"left\"><strong>2001-2003<\/strong><\/td><td class=\"has-text-align-left\" data-align=\"left\">assistant professor <\/td><td class=\"has-text-align-left\" data-align=\"left\">Department of Entrepreneurship and Management, BERG Faculty, Technical University of Ko\u0161ice <\/td><\/tr><tr><td class=\"has-text-align-left\" data-align=\"left\"><strong>2003-2008<\/strong><\/td><td class=\"has-text-align-left\" data-align=\"left\">assistant professor <\/td><td class=\"has-text-align-left\" data-align=\"left\">Institute of Entrepreneurship and Tourism, BERG Faculty, Technical University of Ko\u0161ice <\/td><\/tr><tr><td class=\"has-text-align-left\" data-align=\"left\"><strong>2004-2008<\/strong><\/td><td class=\"has-text-align-left\" data-align=\"left\">quality manager <\/td><td class=\"has-text-align-left\" data-align=\"left\">BERG Faculty, Technical University of Ko\u0161ice <\/td><\/tr><tr><td class=\"has-text-align-left\" data-align=\"left\"><strong>2004<\/strong><\/td><td class=\"has-text-align-left\" data-align=\"left\">assistant teacher <\/td><td class=\"has-text-align-left\" data-align=\"left\">Re-educational children's home, Mlynky- Biele Vody<\/td><\/tr><tr><td class=\"has-text-align-left\" data-align=\"left\"><strong>2004-2005<\/strong><\/td><td class=\"has-text-align-left\" data-align=\"left\">lector <\/td><td class=\"has-text-align-left\" data-align=\"left\">ABC accounting for everyone. Institute of Lifelong Learning Technical University of Kosice.<\/td><\/tr><tr><td class=\"has-text-align-left\" data-align=\"left\"><strong>2006<\/strong><\/td><td class=\"has-text-align-left\" data-align=\"left\">lector <\/td><td class=\"has-text-align-left\" data-align=\"left\">ICV \u2013 Institute of Lifelong Learning Technical University of Ko\u0161ice - Union of wife in Slovakia, KO Ko\u0161ice<\/td><\/tr><tr><td class=\"has-text-align-left\" data-align=\"left\"><strong>2008-2009<\/strong><\/td><td class=\"has-text-align-left\" data-align=\"left\">assistant professor <\/td><td class=\"has-text-align-left\" data-align=\"left\">Institute of Entrepreneurship and Management, BERG Faculty, Technical University of Ko\u0161ice <\/td><\/tr><tr><td class=\"has-text-align-left\" data-align=\"left\"><strong>2008-2009<\/strong><\/td><td class=\"has-text-align-left\" data-align=\"left\">lector <\/td><td class=\"has-text-align-left\" data-align=\"left\">ICV \u2013 Institute of Lifelong Learning Technical University of Ko\u0161ice - POMIPO <\/td><\/tr><tr><td class=\"has-text-align-left\" data-align=\"left\"><strong>2007-2009<\/strong><\/td><td class=\"has-text-align-left\" data-align=\"left\">accounting asistent <\/td><td class=\"has-text-align-left\" data-align=\"left\">Non-profit organization Pauzi\u010dka, Ko\u0161ice <\/td><\/tr><tr><td class=\"has-text-align-left\" data-align=\"left\"><strong>2007-2009<\/strong><\/td><td class=\"has-text-align-left\" data-align=\"left\">lector <\/td><td class=\"has-text-align-left\" data-align=\"left\">Secondary Vocational School Potsdam, Ko\u0161ice <\/td><\/tr><tr><td class=\"has-text-align-left\" data-align=\"left\"><strong>2008-2025<\/strong><\/td><td class=\"has-text-align-left\" data-align=\"left\">internal auditor <\/td><td class=\"has-text-align-left\" data-align=\"left\">BERG Faculty, Technical University of Ko\u0161ice<\/td><\/tr><tr><td class=\"has-text-align-left\" data-align=\"left\"><strong>2009-2019<\/strong><\/td><td class=\"has-text-align-left\" data-align=\"left\">associate professor<\/td><td class=\"has-text-align-left\" data-align=\"left\">Institute of Entrepreneurship and Management, BERG Faculty, Technical University of Ko\u0161ice <\/td><\/tr><tr><td class=\"has-text-align-left\" data-align=\"left\"><strong>(2019- present)<\/strong><\/td><td class=\"has-text-align-left\" data-align=\"left\">gestor<\/td><td class=\"has-text-align-left\" data-align=\"left\">Responsible for the Faculty's Laboratory Regulations, BERG Faculty, Technical University of Ko\u0161ice <\/td><\/tr><tr><td class=\"has-text-align-left\" data-align=\"left\"><strong>(2019- present)<\/strong><\/td><td class=\"has-text-align-left\" data-align=\"left\">associate professor <\/td><td class=\"has-text-align-left\" data-align=\"left\">Institute of Earth resources, fakulty BERG, Technical university Ko\u0161ice <\/td><\/tr><\/tbody><\/table><\/figure>","protected":false},"excerpt":{"rendered":"<p>Praktick\u00e9 sk\u00fasenosti som z\u00edskavala na r\u00f4znych &#8222;pracovn\u00fdch poz\u00edci\u00e1ch &#8220; na z\u00e1klade dosiahnut\u00e9ho vzdelania. 1990-1995 Prax v gastron\u00f3mii a hoteli\u00e9rstve: skladn\u00ed\u010dkakuch\u00e1rka<\/p>","protected":false},"author":2,"featured_media":0,"parent":0,"menu_order":0,"comment_status":"closed","ping_status":"closed","template":"","meta":{"colormag_page_container_layout":"no_sidebar_content_centered","colormag_page_sidebar_layout":"no_sidebar","footnotes":""},"class_list":["post-5426","page","type-page","status-publish","hentry"],"_links":{"self":[{"href":"https:\/\/www.katarinateplicka.sk\/en\/wp-json\/wp\/v2\/pages\/5426","targetHints":{"allow":["GET"]}}],"collection":[{"href":"https:\/\/www.katarinateplicka.sk\/en\/wp-json\/wp\/v2\/pages"}],"about":[{"href":"https:\/\/www.katarinateplicka.sk\/en\/wp-json\/wp\/v2\/types\/page"}],"author":[{"embeddable":true,"href":"https:\/\/www.katarinateplicka.sk\/en\/wp-json\/wp\/v2\/users\/2"}],"replies":[{"embeddable":true,"href":"https:\/\/www.katarinateplicka.sk\/en\/wp-json\/wp\/v2\/comments?post=5426"}],"version-history":[{"count":23,"href":"https:\/\/www.katarinateplicka.sk\/en\/wp-json\/wp\/v2\/pages\/5426\/revisions"}],"predecessor-version":[{"id":5591,"href":"https:\/\/www.katarinateplicka.sk\/en\/wp-json\/wp\/v2\/pages\/5426\/revisions\/5591"}],"wp:attachment":[{"href":"https:\/\/www.katarinateplicka.sk\/en\/wp-json\/wp\/v2\/media?parent=5426"}],"curies":[{"name":"wp","href":"https:\/\/api.w.org\/{rel}","templated":true}]}}