{"id":58,"date":"2020-01-13T09:50:38","date_gmt":"2020-01-13T09:50:38","guid":{"rendered":"https:\/\/www.katarinateplicka.sk\/?page_id=58"},"modified":"2026-02-27T07:18:50","modified_gmt":"2026-02-27T07:18:50","slug":"kontakt","status":"publish","type":"page","link":"https:\/\/www.katarinateplicka.sk\/en\/kontakt\/","title":{"rendered":"CONTACT"},"content":{"rendered":"<div data-elementor-type=\"wp-page\" data-elementor-id=\"58\" class=\"elementor elementor-58\">\n\t\t\t\t\t\t<section class=\"elementor-section elementor-top-section elementor-element elementor-element-7f6e996b elementor-section-boxed elementor-section-height-default elementor-section-height-default\" data-id=\"7f6e996b\" data-element_type=\"section\" data-e-type=\"section\">\n\t\t\t\t\t\t<div class=\"elementor-container elementor-column-gap-default\">\n\t\t\t\t\t<div class=\"elementor-column elementor-col-100 elementor-top-column elementor-element elementor-element-132cf1b2\" data-id=\"132cf1b2\" data-element_type=\"column\" data-e-type=\"column\">\n\t\t\t<div class=\"elementor-widget-wrap elementor-element-populated\">\n\t\t\t\t\t\t<div class=\"elementor-element elementor-element-743e3b14 elementor-widget elementor-widget-text-editor\" data-id=\"743e3b14\" data-element_type=\"widget\" data-e-type=\"widget\" data-widget_type=\"text-editor.default\">\n\t\t\t\t<div class=\"elementor-widget-container\">\n\t\t\t\t\t\t\t\t\t<p style=\"text-align: center;\"><strong>Technical University of Ko\u0161ice<\/strong><\/p>\n<p style=\"text-align: center;\"><strong>Faculty of mining, ecology, process control and geotechnologies<\/strong><\/p>\n<p style=\"text-align: center;\"><strong>Institute of Earth resources<\/strong><\/p>\n<p style=\"text-align: center;\"><strong>Department of Economic of Earth resources<\/strong><\/p>\n<p style=\"text-align: center;\"><strong>Park Komensk\u00e9ho 19, 042 00 Ko\u0161ice<\/strong><\/p>\n<p style=\"text-align: center;\"><!-- \/wp:post-content --><\/p>\n<p style=\"text-align: center;\"><!-- wp:paragraph {\"align\":\"center\",\"backgroundColor\":\"white\",\"textColor\":\"black\",\"fontSize\":\"medium\"} --><\/p>\n<p style=\"text-align: center;\"><strong>Consultation hours: <\/strong>Wednesday 9.00-11.00 <strong>Place: <\/strong>Mining pavilion, 1st floor on the left, no. 129A <strong>phone:<\/strong> +42155\/602 2997 <strong>email:<\/strong> katarina.teplicka@tuke.sk<\/p>\n<p style=\"text-align: center;\"><!-- \/wp:paragraph --><\/p>\n<p style=\"text-align: center;\"><!-- wp:paragraph {\"align\":\"center\",\"textColor\":\"black\",\"fontSize\":\"medium\"} --><\/p>\n<p style=\"text-align: center;\"><strong>WEB PROFILE<\/strong>: <a href=\"https:\/\/www.katarinateplicka.sk\/en\/\">www.katarinateplicka.sk<\/a><\/p>\n<p style=\"text-align: center;\"><!-- \/wp:paragraph --><\/p>\n<p style=\"text-align: center;\"><!-- wp:paragraph {\"align\":\"center\",\"textColor\":\"black\",\"fontSize\":\"medium\"} --><\/p>\n<p style=\"text-align: center;\"><strong>WEB<b> PEDAGOGIC<\/b><\/strong><b>:<\/b> <a href=\"https:\/\/katarina-teplicka.webnode.sk\/\">katarina-teplicka.webnode.sk<\/a><\/p>\n<p style=\"text-align: center;\"><!-- \/wp:paragraph --><\/p>\n<p style=\"text-align: center;\"><!-- wp:paragraph {\"align\":\"center\",\"textColor\":\"black\",\"fontSize\":\"medium\"} --><\/p>\n<p style=\"text-align: center;\"><strong>E-<b>LEARNING:<\/b> <\/strong><a href=\"https:\/\/moodle.tuke.sk\/moodle\/\" target=\"_blank\" rel=\"noreferrer noopener\">https:\/\/moodle2.tuke.sk\/moodle\/<\/a><\/p>\n<!-- \/wp:paragraph --><!-- wp:heading {\"textAlign\":\"center\",\"backgroundColor\":\"white\",\"textColor\":\"black\",\"className\":\"has-large-font-size\"} -->\n<h2 style=\"text-align: center;\"><strong>TIME TABLE\u00a0<\/strong><\/h2>\n<!-- \/wp:heading --><!-- wp:table {\"backgroundColor\":\"white\",\"textColor\":\"black\",\"className\":\"is-style-regular\",\"fontSize\":\"medium\"} -->\n<figure>\n<table style=\"height: 193px;\" width=\"1071\">\n<thead>\n<tr>\n<th>DAY<\/th>\n<th style=\"text-align: center;\" data-align=\"center\">9.10 &#8211; 10.40<\/th>\n<th style=\"text-align: center;\" data-align=\"center\">10.50 -12.20<\/th>\n<th data-align=\"center\">12.30 -14.15<\/th>\n<th data-align=\"center\">14.15 -15.55<\/th>\n<\/tr>\n<\/thead>\n<tbody>\n<tr>\n<td>Monday<\/td>\n<td style=\"text-align: center;\" data-align=\"center\">AaD KDL3<\/td>\n<td data-align=\"center\">\u00a0<\/td>\n<td style=\"text-align: center;\" data-align=\"center\">MK I\/9<\/td>\n<td data-align=\"center\">\u00a0<\/td>\n<\/tr>\n<tr>\n<td>Tuesday<\/td>\n<td data-align=\"center\">\u00a0<\/td>\n<td data-align=\"center\">\u00a0<\/td>\n<td style=\"text-align: center;\" data-align=\"center\">MK PC1<\/td>\n<td data-align=\"center\">\u00a0<\/td>\n<\/tr>\n<tr>\n<td>Wednesday<\/td>\n<td style=\"text-align: center;\" data-align=\"center\">CONSULTATION<\/td>\n<td data-align=\"center\">\u00a0<\/td>\n<td style=\"text-align: center;\" data-align=\"center\">AaD PCIT<\/td>\n<td data-align=\"center\">\u00a0<\/td>\n<\/tr>\n<tr>\n<td>Thursday<\/td>\n<td style=\"text-align: center;\" data-align=\"center\">PROJECTS<\/td>\n<td style=\"text-align: center;\" data-align=\"center\">PROJECTS<\/td>\n<td data-align=\"center\">\u00a0<\/td>\n<td data-align=\"center\">\u00a0<\/td>\n<\/tr>\n<tr>\n<td>Friday<\/td>\n<td style=\"text-align: center;\" data-align=\"center\">EXTERNAL STUDY<\/td>\n<td style=\"text-align: center;\" data-align=\"center\">EXTERNAL STUDY<\/td>\n<td data-align=\"center\">\u00a0<\/td>\n<td data-align=\"center\">\u00a0<\/td>\n<\/tr>\n<\/tbody>\n<\/table>\n<\/figure>\n<!-- \/wp:table -->\t\t\t\t\t\t\t\t<\/div>\n\t\t\t\t<\/div>\n\t\t\t\t\t<\/div>\n\t\t<\/div>\n\t\t\t\t\t<\/div>\n\t\t<\/section>\n\t\t\t\t<\/div>","protected":false},"excerpt":{"rendered":"<p>Technick\u00e1 univerzita v Ko\u0161iciach Fakulta ban\u00edctva, ekol\u00f3gie, riadenia a geotechnol\u00f3gi\u00ed \u00dastav zemsk\u00fdch zdrojov Oddelenie ekonomiky zemsk\u00fdch zdrojov Park Komensk\u00e9ho 19,<\/p>","protected":false},"author":2,"featured_media":0,"parent":0,"menu_order":11,"comment_status":"closed","ping_status":"closed","template":"","meta":{"colormag_page_container_layout":"no_sidebar_content_centered","colormag_page_sidebar_layout":"no_sidebar","footnotes":""},"class_list":["post-58","page","type-page","status-publish","hentry"],"_links":{"self":[{"href":"https:\/\/www.katarinateplicka.sk\/en\/wp-json\/wp\/v2\/pages\/58","targetHints":{"allow":["GET"]}}],"collection":[{"href":"https:\/\/www.katarinateplicka.sk\/en\/wp-json\/wp\/v2\/pages"}],"about":[{"href":"https:\/\/www.katarinateplicka.sk\/en\/wp-json\/wp\/v2\/types\/page"}],"author":[{"embeddable":true,"href":"https:\/\/www.katarinateplicka.sk\/en\/wp-json\/wp\/v2\/users\/2"}],"replies":[{"embeddable":true,"href":"https:\/\/www.katarinateplicka.sk\/en\/wp-json\/wp\/v2\/comments?post=58"}],"version-history":[{"count":192,"href":"https:\/\/www.katarinateplicka.sk\/en\/wp-json\/wp\/v2\/pages\/58\/revisions"}],"predecessor-version":[{"id":5595,"href":"https:\/\/www.katarinateplicka.sk\/en\/wp-json\/wp\/v2\/pages\/58\/revisions\/5595"}],"wp:attachment":[{"href":"https:\/\/www.katarinateplicka.sk\/en\/wp-json\/wp\/v2\/media?parent=58"}],"curies":[{"name":"wp","href":"https:\/\/api.w.org\/{rel}","templated":true}]}}