{"id":60,"date":"2020-01-13T09:50:50","date_gmt":"2020-01-13T09:50:50","guid":{"rendered":"https:\/\/www.katarinateplicka.sk\/?page_id=60"},"modified":"2025-10-20T15:02:57","modified_gmt":"2025-10-20T15:02:57","slug":"pedagogika","status":"publish","type":"page","link":"https:\/\/www.katarinateplicka.sk\/en\/pedagogika\/","title":{"rendered":"PEDAGOGIC"},"content":{"rendered":"<p class=\"has-white-color has-text-color has-background\" style=\"background-color:#3f9c2d;font-size:15px\"><strong>The pedagogical process in the field of Earth Resource Management is implemented through classic and new innovative didactic methods that form a map of innovative tools in education. As part of the pedagogical process, we use e-learning, web learning, and blended learning. These forms of education are linked to the classical way of education and allow to increase in the quality of education and the motivation of students in education.<\/strong><\/p>\n\n\n\n<div class=\"wp-block-group is-layout-constrained wp-block-group-is-layout-constrained\">\n<div class=\"wp-block-group is-nowrap is-layout-flex wp-container-core-group-is-layout-6c531013 wp-block-group-is-layout-flex\">\n<figure class=\"wp-block-image size-large is-resized\"><img fetchpriority=\"high\" decoding=\"async\" width=\"1024\" height=\"781\" src=\"https:\/\/www.katarinateplicka.sk\/wp-content\/uploads\/2023\/06\/A9-Cementaren-1024x781.jpg\" alt=\"\" class=\"wp-image-3289\" style=\"width:492px;height:auto\" srcset=\"https:\/\/www.katarinateplicka.sk\/wp-content\/uploads\/2023\/06\/A9-Cementaren-1024x781.jpg 1024w, https:\/\/www.katarinateplicka.sk\/wp-content\/uploads\/2023\/06\/A9-Cementaren-300x229.jpg 300w, https:\/\/www.katarinateplicka.sk\/wp-content\/uploads\/2023\/06\/A9-Cementaren-768x586.jpg 768w, https:\/\/www.katarinateplicka.sk\/wp-content\/uploads\/2023\/06\/A9-Cementaren-1536x1171.jpg 1536w, https:\/\/www.katarinateplicka.sk\/wp-content\/uploads\/2023\/06\/A9-Cementaren-2048x1562.jpg 2048w, https:\/\/www.katarinateplicka.sk\/wp-content\/uploads\/2023\/06\/A9-Cementaren-16x12.jpg 16w\" sizes=\"(max-width: 1024px) 100vw, 1024px\" \/><\/figure>\n\n\n\n<figure class=\"wp-block-image size-large is-resized\"><img decoding=\"async\" width=\"1024\" height=\"768\" src=\"https:\/\/www.katarinateplicka.sk\/wp-content\/uploads\/2023\/05\/Teplicka-bana-profil--1024x768.jpg\" alt=\"\" class=\"wp-image-3219\" style=\"width:488px;height:auto\" srcset=\"https:\/\/www.katarinateplicka.sk\/wp-content\/uploads\/2023\/05\/Teplicka-bana-profil--1024x768.jpg 1024w, https:\/\/www.katarinateplicka.sk\/wp-content\/uploads\/2023\/05\/Teplicka-bana-profil--300x225.jpg 300w, https:\/\/www.katarinateplicka.sk\/wp-content\/uploads\/2023\/05\/Teplicka-bana-profil--768x576.jpg 768w, https:\/\/www.katarinateplicka.sk\/wp-content\/uploads\/2023\/05\/Teplicka-bana-profil--16x12.jpg 16w, https:\/\/www.katarinateplicka.sk\/wp-content\/uploads\/2023\/05\/Teplicka-bana-profil-.jpg 1280w\" sizes=\"(max-width: 1024px) 100vw, 1024px\" \/><\/figure>\n<\/div>\n<\/div>\n\n\n\n<h1 class=\"wp-block-heading has-text-align-center has-black-color has-white-background-color has-text-color has-background has-medium-font-size\"><strong>SUBJECTS OF EDUCATION <\/strong><\/h1>\n\n\n\n<div class=\"wp-block-columns is-layout-flex wp-container-core-columns-is-layout-28f84493 wp-block-columns-is-layout-flex\">\n<div class=\"wp-block-column is-layout-flow wp-block-column-is-layout-flow\" style=\"flex-basis:100%\">\n<figure class=\"wp-block-table is-style-stripes has-small-font-size\"><table class=\"has-black-color has-white-background-color has-text-color has-background has-link-color has-border-color has-cyan-bluish-gray-border-color\" style=\"border-style:solid;border-width:2px\"><tbody><tr><td class=\"has-text-align-left\" data-align=\"left\"><strong>SUBJECTS TAUGHT <\/strong><\/td><td class=\"has-text-align-left\" data-align=\"left\"><\/td><td class=\"has-text-align-left\" data-align=\"left\"><strong>GUARANTEED SUBJECTS<\/strong><\/td><\/tr><tr><td class=\"has-text-align-left\" data-align=\"left\">1. Business economic<\/td><td class=\"has-text-align-left\" data-align=\"left\">14. Tax systems<\/td><td class=\"has-text-align-left\" data-align=\"left\">1. Economic statistic<\/td><\/tr><tr><td class=\"has-text-align-left\" data-align=\"left\">2. Budgeting and accounting<\/td><td class=\"has-text-align-left\" data-align=\"left\">15. Business in small enterprise <\/td><td class=\"has-text-align-left\" data-align=\"left\">2. Budgeting and Finance<\/td><\/tr><tr><td class=\"has-text-align-left\" data-align=\"left\">3. Informantion business system<\/td><td class=\"has-text-align-left\" data-align=\"left\">16. Economic statistic <\/td><td class=\"has-text-align-left\" data-align=\"left\">3. Managerial accounting<\/td><\/tr><tr><td class=\"has-text-align-left\" data-align=\"left\">4. Accounting and budgeting system<\/td><td class=\"has-text-align-left\" data-align=\"left\">17. Managerial skills<\/td><td class=\"has-text-align-left\" data-align=\"left\">4. Managerial skills<\/td><\/tr><tr><td class=\"has-text-align-left\" data-align=\"left\">5. Accounting<\/td><td class=\"has-text-align-left\" data-align=\"left\">18. Quality management <\/td><td class=\"has-text-align-left\" data-align=\"left\">5. Environmental economic<\/td><\/tr><tr><td class=\"has-text-align-left\" data-align=\"left\">6. Optimal management<\/td><td class=\"has-text-align-left\" data-align=\"left\">19. Management of water quality <\/td><td class=\"has-text-align-left\" data-align=\"left\">6. Integrated rescue system<\/td><\/tr><tr><td class=\"has-text-align-left\" data-align=\"left\">7. Business management <\/td><td class=\"has-text-align-left\" data-align=\"left\">20. Operational analyses <\/td><td class=\"has-text-align-left\" data-align=\"left\">7. Informantion business system<\/td><\/tr><tr><td class=\"has-text-align-left\" data-align=\"left\">8. Environmental management system<\/td><td class=\"has-text-align-left\" data-align=\"left\">21. Environmental economic <\/td><td class=\"has-text-align-left\" data-align=\"left\">8. Tax systems<\/td><\/tr><tr><td class=\"has-text-align-left\" data-align=\"left\">9. Business plan and innovations <\/td><td class=\"has-text-align-left\" data-align=\"left\">22. Budgeting and Finance<\/td><td class=\"has-text-align-left\" data-align=\"left\">9. Budgeting and accounting<\/td><\/tr><tr><td class=\"has-text-align-left\" data-align=\"left\">10. Training of accounting<\/td><td class=\"has-text-align-left\" data-align=\"left\">23. Bachelor and Diploma training<\/td><td class=\"has-text-align-left\" data-align=\"left\">10. Auditing and Taxes<\/td><\/tr><tr><td class=\"has-text-align-left\" data-align=\"left\">11. Methods of economic analyses<\/td><td class=\"has-text-align-left\" data-align=\"left\">24. Block training education <\/td><td class=\"has-text-align-left\" data-align=\"left\">11. Methods of economic analyses<\/td><\/tr><tr><td class=\"has-text-align-left\" data-align=\"left\">12. Managerial accounting <\/td><td class=\"has-text-align-left\" data-align=\"left\">25. Personal management <\/td><td class=\"has-text-align-left\" data-align=\"left\">12. Management of water quality<\/td><\/tr><tr><td class=\"has-text-align-left\" data-align=\"left\">13. Auditing and Taxes <\/td><td class=\"has-text-align-left\" data-align=\"left\">26. Semester project <\/td><td class=\"has-text-align-left\" data-align=\"left\">13. Education to BOZP II<\/td><\/tr><tr><td class=\"has-text-align-left\" data-align=\"left\"><\/td><td class=\"has-text-align-left\" data-align=\"left\"><\/td><td class=\"has-text-align-left\" data-align=\"left\">14. Training of accounting<\/td><\/tr><tr><td class=\"has-text-align-left\" data-align=\"left\"><\/td><td class=\"has-text-align-left\" data-align=\"left\"><\/td><td class=\"has-text-align-left\" data-align=\"left\">15. Accounting<\/td><\/tr><tr><td class=\"has-text-align-left\" data-align=\"left\"><\/td><td class=\"has-text-align-left\" data-align=\"left\"><\/td><td class=\"has-text-align-left\" data-align=\"left\">16. Economic evaluation of mineral extraction deposits<\/td><\/tr><tr><td class=\"has-text-align-left\" data-align=\"left\"><\/td><td class=\"has-text-align-left\" data-align=\"left\"><\/td><td class=\"has-text-align-left\" data-align=\"left\">17. Personal management<\/td><\/tr><tr><td class=\"has-text-align-left\" data-align=\"left\"><\/td><td class=\"has-text-align-left\" data-align=\"left\"><\/td><td class=\"has-text-align-left\" data-align=\"left\">18. Quality management<\/td><\/tr><tr><td class=\"has-text-align-left\" data-align=\"left\"><\/td><td class=\"has-text-align-left\" data-align=\"left\"><\/td><td class=\"has-text-align-left\" data-align=\"left\">19. Logistics of energy and media transport <\/td><\/tr><\/tbody><\/table><\/figure>\n<\/div>\n<\/div>\n\n\n\n<p class=\"has-text-align-center has-black-color has-white-background-color has-text-color has-background has-medium-font-size\"><strong>INNOVATIVE EDUCATION <\/strong>                         \/            <strong><a href=\"https:\/\/katarina-teplicka.webnode.sk\/kultura\/\">LINK FOR PEDAGOGICAL PROCESS <\/a><\/strong><\/p>\n\n\n\n<figure class=\"wp-block-image aligncenter size-large is-resized\"><img decoding=\"async\" width=\"1024\" height=\"693\" src=\"https:\/\/www.katarinateplicka.sk\/wp-content\/uploads\/2021\/11\/inovative-method.png\" alt=\"\" class=\"wp-image-98\" style=\"aspect-ratio:1.4721189591078068;width:854px;height:auto\" srcset=\"https:\/\/www.katarinateplicka.sk\/wp-content\/uploads\/2021\/11\/inovative-method.png 1010w, https:\/\/www.katarinateplicka.sk\/wp-content\/uploads\/2021\/11\/inovative-method-300x191.png 300w, https:\/\/www.katarinateplicka.sk\/wp-content\/uploads\/2021\/11\/inovative-method-768x489.png 768w, https:\/\/www.katarinateplicka.sk\/wp-content\/uploads\/2021\/11\/inovative-method-18x12.png 18w\" sizes=\"(max-width: 1024px) 100vw, 1024px\" \/><\/figure>\n\n\n\n<h3 class=\"wp-block-heading alignwide has-text-align-center has-black-color has-white-background-color has-text-color has-background has-medium-font-size\"><strong>STUDENTS CONFERENCES<\/strong><\/h3>\n\n\n\n<figure class=\"wp-block-image aligncenter size-large is-resized\"><img loading=\"lazy\" decoding=\"async\" width=\"1024\" height=\"768\" src=\"https:\/\/www.katarinateplicka.sk\/wp-content\/uploads\/2023\/01\/studentska-konferencia-1024x768.jpg\" alt=\"\" class=\"wp-image-2397\" style=\"width:481px;height:auto\" srcset=\"https:\/\/www.katarinateplicka.sk\/wp-content\/uploads\/2023\/01\/studentska-konferencia-1024x768.jpg 1024w, https:\/\/www.katarinateplicka.sk\/wp-content\/uploads\/2023\/01\/studentska-konferencia-300x225.jpg 300w, https:\/\/www.katarinateplicka.sk\/wp-content\/uploads\/2023\/01\/studentska-konferencia-768x576.jpg 768w, https:\/\/www.katarinateplicka.sk\/wp-content\/uploads\/2023\/01\/studentska-konferencia-16x12.jpg 16w, https:\/\/www.katarinateplicka.sk\/wp-content\/uploads\/2023\/01\/studentska-konferencia.jpg 1280w\" sizes=\"(max-width: 1024px) 100vw, 1024px\" \/><\/figure>\n\n\n\n<figure class=\"wp-block-table is-style-regular\" style=\"font-size:15px\"><table class=\"has-black-color has-white-background-color has-text-color has-background has-link-color\" style=\"border-width:3px\"><tbody><tr><td class=\"has-text-align-left\" data-align=\"left\">(2019) USING OF MANAGERIAL INSTRUMENTS FOR EFFECTIVE MANAGEMENT<\/td><td class=\"has-text-align-center\" data-align=\"center\"><a href=\"https:\/\/tukesk-my.sharepoint.com\/:b:\/g\/personal\/katarina_teplicka_tuke_sk\/EbIlCXLn4otKvizCHefyNfoBe8_w_Edhma1zfgrY7Ujm_Q?e=79NEJL\"><strong>LINK <\/strong><\/a><\/td><\/tr><tr><td class=\"has-text-align-left\" data-align=\"left\">(2020) SIGNIFICANCE OF AREA OF MANAGERIAL ACCOUNTING AND THEIR USING IN PRAXIS<\/td><td class=\"has-text-align-center\" data-align=\"center\"><a href=\"https:\/\/tukesk-my.sharepoint.com\/:b:\/g\/personal\/katarina_teplicka_tuke_sk\/EYLk2z1jgwxPs_UH6LwAbcwBoh_MZUhuNV_r34uInXGxlQ?e=Qr5hrj\"><strong>LINK <\/strong><\/a><\/td><\/tr><tr><td class=\"has-text-align-left\" data-align=\"left\">(2021) USING TAXES COSTS IN BUSINESS BY THE TAXES LAW<\/td><td class=\"has-text-align-center\" data-align=\"center\"><a href=\"https:\/\/tukesk-my.sharepoint.com\/:b:\/g\/personal\/katarina_teplicka_tuke_sk\/EaydI9vNF0dMhcwptFYj5LYBpJa4a2SIAAdoFt7GhWxV_w?e=xspRbl\"><strong>LINK <\/strong><\/a><\/td><\/tr><tr><td class=\"has-text-align-left\" data-align=\"left\">(2021) METHODS AND TECHNICS OF THE QUALITY MANAGEMENT IN INDUSTRIAL COMPANIES<\/td><td class=\"has-text-align-center\" data-align=\"center\"><a href=\"https:\/\/tukesk-my.sharepoint.com\/:b:\/g\/personal\/katarina_teplicka_tuke_sk\/EXas_JZ4aMRAl22AQnW-GFUBcpZgjw8XN0LBPf1gsbFEyg?e=gl4bnP\"><strong>LINK  <\/strong><\/a><\/td><\/tr><tr><td class=\"has-text-align-left\" data-align=\"left\">(2022) DEVELOPMENT OF TAX INDICATORS AND THEIR INFLUENCE TO TAX PROCESS<\/td><td class=\"has-text-align-center\" data-align=\"center\"><a href=\"https:\/\/tukesk-my.sharepoint.com\/:b:\/g\/personal\/katarina_teplicka_tuke_sk\/ETh_tFwEk1RNhFnyZS5JvlcBqoURfPgualmHD9EH3Unswg?e=haSd65\"><strong>LINK <\/strong><\/a><\/td><\/tr><tr><td class=\"has-text-align-left\" data-align=\"left\">(2022) WHAT ALL DAMAGES THE ENVIRONMENT<\/td><td class=\"has-text-align-center\" data-align=\"center\"><a href=\"https:\/\/tukesk-my.sharepoint.com\/:b:\/g\/personal\/katarina_teplicka_tuke_sk\/ER7XqWB85n5HpwI3WFvcZ-UB77Qaef8fzDV1KxbQCd9GzA?e=ZZzcZi\"><strong>LINK <\/strong><\/a><\/td><\/tr><tr><td class=\"has-text-align-left\" data-align=\"left\">(2024) SANCTINS SYSTEM OF THE ENVIRONMENTAL ECONOMIC<\/td><td class=\"has-text-align-center\" data-align=\"center\"><a href=\"https:\/\/tukesk-my.sharepoint.com\/:b:\/g\/personal\/katarina_teplicka_tuke_sk\/EeePsFwlZxxBs-CfJssRHTAB35736xPtS4l9WjstunzJUQ?e=XyECyr\"><strong>LINK <\/strong><\/a><\/td><\/tr><tr><td class=\"has-text-align-left\" data-align=\"left\">(2025) METHODS AND APPROACH IN QUALITY MANAGEMENT<\/td><td class=\"has-text-align-center\" data-align=\"center\"><a href=\"https:\/\/tukesk-my.sharepoint.com\/:b:\/g\/personal\/katarina_teplicka_tuke_sk\/ESBYJ1mhj6lJiZeLMCIT6-YBp_SzLcMR2KcET9ubEBDVIQ?e=hpu3ew\" target=\"_blank\" rel=\"noreferrer noopener\"><strong>LINK <\/strong><\/a><\/td><\/tr><tr><td class=\"has-text-align-left\" data-align=\"left\">(2025) INSTRUMENTS OF QUALITY MANAGEMENT <\/td><td class=\"has-text-align-center\" data-align=\"center\"><a href=\"https:\/\/tukesk-my.sharepoint.com\/:b:\/g\/personal\/katarina_teplicka_tuke_sk\/EV6e3tpakQZHiMXo7PCgorIBKcGwTLH5MT_itN5zxTwiUQ?e=NHQzdy\"><strong>LINK <\/strong><\/a><\/td><\/tr><\/tbody><\/table><\/figure>\n\n\n\n<div class=\"wp-block-group is-layout-grid wp-container-core-group-is-layout-478b6e6b wp-block-group-is-layout-grid\">\n<figure class=\"wp-block-image size-large wp-container-content-69bc4bdf\"><img loading=\"lazy\" decoding=\"async\" width=\"1024\" height=\"576\" src=\"https:\/\/www.katarinateplicka.sk\/wp-content\/uploads\/2025\/01\/konferMK1-1024x576.png\" alt=\"\" class=\"wp-image-3732\" srcset=\"https:\/\/www.katarinateplicka.sk\/wp-content\/uploads\/2025\/01\/konferMK1-1024x576.png 1024w, https:\/\/www.katarinateplicka.sk\/wp-content\/uploads\/2025\/01\/konferMK1-300x169.png 300w, https:\/\/www.katarinateplicka.sk\/wp-content\/uploads\/2025\/01\/konferMK1-768x432.png 768w, https:\/\/www.katarinateplicka.sk\/wp-content\/uploads\/2025\/01\/konferMK1-1536x864.png 1536w, https:\/\/www.katarinateplicka.sk\/wp-content\/uploads\/2025\/01\/konferMK1-18x10.png 18w, https:\/\/www.katarinateplicka.sk\/wp-content\/uploads\/2025\/01\/konferMK1.png 1920w\" sizes=\"(max-width: 1024px) 100vw, 1024px\" \/><\/figure>\n\n\n\n<figure class=\"wp-block-image size-large wp-container-content-69bc4bdf\"><img loading=\"lazy\" decoding=\"async\" width=\"1024\" height=\"576\" src=\"https:\/\/www.katarinateplicka.sk\/wp-content\/uploads\/2025\/01\/diskusneforum-kvalita-1024x576.jpg\" alt=\"\" class=\"wp-image-3718\" srcset=\"https:\/\/www.katarinateplicka.sk\/wp-content\/uploads\/2025\/01\/diskusneforum-kvalita-1024x576.jpg 1024w, https:\/\/www.katarinateplicka.sk\/wp-content\/uploads\/2025\/01\/diskusneforum-kvalita-300x169.jpg 300w, https:\/\/www.katarinateplicka.sk\/wp-content\/uploads\/2025\/01\/diskusneforum-kvalita-768x432.jpg 768w, https:\/\/www.katarinateplicka.sk\/wp-content\/uploads\/2025\/01\/diskusneforum-kvalita-1536x864.jpg 1536w, https:\/\/www.katarinateplicka.sk\/wp-content\/uploads\/2025\/01\/diskusneforum-kvalita-2048x1152.jpg 2048w, https:\/\/www.katarinateplicka.sk\/wp-content\/uploads\/2025\/01\/diskusneforum-kvalita-18x10.jpg 18w\" sizes=\"(max-width: 1024px) 100vw, 1024px\" \/><\/figure>\n\n\n\n<figure class=\"wp-block-image size-full wp-container-content-69bc4bdf\"><img loading=\"lazy\" decoding=\"async\" width=\"966\" height=\"549\" src=\"https:\/\/www.katarinateplicka.sk\/wp-content\/uploads\/2025\/01\/studenti-prednaska.jpeg\" alt=\"\" class=\"wp-image-4299\" srcset=\"https:\/\/www.katarinateplicka.sk\/wp-content\/uploads\/2025\/01\/studenti-prednaska.jpeg 966w, https:\/\/www.katarinateplicka.sk\/wp-content\/uploads\/2025\/01\/studenti-prednaska-300x170.jpeg 300w, https:\/\/www.katarinateplicka.sk\/wp-content\/uploads\/2025\/01\/studenti-prednaska-768x436.jpeg 768w, https:\/\/www.katarinateplicka.sk\/wp-content\/uploads\/2025\/01\/studenti-prednaska-18x10.jpeg 18w\" sizes=\"(max-width: 966px) 100vw, 966px\" \/><\/figure>\n\n\n\n<figure class=\"wp-block-image size-full wp-container-content-69bc4bdf\"><img loading=\"lazy\" decoding=\"async\" width=\"1024\" height=\"532\" src=\"https:\/\/www.katarinateplicka.sk\/wp-content\/uploads\/2025\/01\/konfera-.jpg\" alt=\"\" class=\"wp-image-4300\" srcset=\"https:\/\/www.katarinateplicka.sk\/wp-content\/uploads\/2025\/01\/konfera-.jpg 1024w, https:\/\/www.katarinateplicka.sk\/wp-content\/uploads\/2025\/01\/konfera--300x156.jpg 300w, https:\/\/www.katarinateplicka.sk\/wp-content\/uploads\/2025\/01\/konfera--768x399.jpg 768w, https:\/\/www.katarinateplicka.sk\/wp-content\/uploads\/2025\/01\/konfera--18x9.jpg 18w\" sizes=\"(max-width: 1024px) 100vw, 1024px\" \/><\/figure>\n\n\n\n<figure class=\"wp-block-image size-large\"><img loading=\"lazy\" decoding=\"async\" width=\"1024\" height=\"576\" src=\"https:\/\/www.katarinateplicka.sk\/wp-content\/uploads\/2023\/01\/A2-workshop-1024x576.jpg\" alt=\"\" class=\"wp-image-2407\" srcset=\"https:\/\/www.katarinateplicka.sk\/wp-content\/uploads\/2023\/01\/A2-workshop-1024x576.jpg 1024w, https:\/\/www.katarinateplicka.sk\/wp-content\/uploads\/2023\/01\/A2-workshop-300x169.jpg 300w, https:\/\/www.katarinateplicka.sk\/wp-content\/uploads\/2023\/01\/A2-workshop-768x432.jpg 768w, https:\/\/www.katarinateplicka.sk\/wp-content\/uploads\/2023\/01\/A2-workshop-1536x864.jpg 1536w, https:\/\/www.katarinateplicka.sk\/wp-content\/uploads\/2023\/01\/A2-workshop-2048x1152.jpg 2048w, https:\/\/www.katarinateplicka.sk\/wp-content\/uploads\/2023\/01\/A2-workshop-18x10.jpg 18w\" sizes=\"(max-width: 1024px) 100vw, 1024px\" \/><\/figure>\n<\/div>\n\n\n\n<p><\/p>\n\n\n\n<p class=\"has-text-align-center has-black-color has-white-background-color has-text-color has-background has-link-color has-medium-font-size wp-elements-949077c5960beac9b1cf9b5761aeb799\"><strong><strong>PEDAGOGICAL EDUCATION <\/strong><\/strong><\/p>\n\n\n\n<figure class=\"wp-block-image aligncenter size-large is-resized\"><img loading=\"lazy\" decoding=\"async\" width=\"1024\" height=\"768\" src=\"https:\/\/www.katarinateplicka.sk\/wp-content\/uploads\/2022\/01\/FEI-Kosice-konferencia-1024x768.jpg\" alt=\"\" class=\"wp-image-1389\" style=\"width:451px;height:auto\" srcset=\"https:\/\/www.katarinateplicka.sk\/wp-content\/uploads\/2022\/01\/FEI-Kosice-konferencia-1024x768.jpg 1024w, https:\/\/www.katarinateplicka.sk\/wp-content\/uploads\/2022\/01\/FEI-Kosice-konferencia-300x225.jpg 300w, https:\/\/www.katarinateplicka.sk\/wp-content\/uploads\/2022\/01\/FEI-Kosice-konferencia-768x576.jpg 768w, https:\/\/www.katarinateplicka.sk\/wp-content\/uploads\/2022\/01\/FEI-Kosice-konferencia-16x12.jpg 16w, https:\/\/www.katarinateplicka.sk\/wp-content\/uploads\/2022\/01\/FEI-Kosice-konferencia.jpg 1333w\" sizes=\"(max-width: 1024px) 100vw, 1024px\" \/><\/figure>\n\n\n\n<p class=\"has-black-color has-text-color has-link-color wp-elements-df5cb869c039095cdc9bc7ba20d9cbd7\" style=\"font-size:15px\">(2024) WORKSOP: Quality of high school 2024, SAKVA \u2013 Slovak association for university quality, Vysok\u00e9 Tatry.<\/p>\n\n\n\n<p class=\"has-black-color has-text-color has-link-color wp-elements-b7d90eb37a77e1e38216cc84cb45958f\" style=\"font-size:15px\">(2023) WORKSOP: Innovations in the university education, Kolokvium 2023 pedagogical project KEGA, Bratislava.<\/p>\n\n\n\n<p class=\"has-black-color has-text-color has-link-color wp-elements-f1ccda84ab6ad80d54f2b7bd50ce9da8\" style=\"font-size:15px\">(2022) Roundtable: Ensuring the quality of education, online platform TEAMS within the KEGA project and INTERREG MTF Trnava.<\/p>\n\n\n\n<p class=\"has-black-color has-text-color has-link-color wp-elements-bc05d2a72a3f3c04042ceb60d3d4d233\" style=\"font-size:15px\">(2022) WORKSHOP: Worldwide quality day 2022, discussion formu of quality of education, Slovak society for quality, Vysok\u00e9 Tatry.<\/p>\n\n\n\n<p class=\"has-black-color has-text-color has-link-color wp-elements-f3590fcd5bdb462ce91d922bfbff6fa9\" style=\"font-size:15px\">(2017) Training: Innovative methods in the pedagogical process at universities within the framework of the KEGA project - Methodological and pedagogical center Pre\u0161ov.<\/p>\n\n\n\n<p class=\"has-black-color has-text-color has-link-color wp-elements-383795a16c7d06931a0160c0b696e3c3\" style=\"font-size:15px\">(2012) Course: Management of teaching quality at universities OPV-2009\/1.2\/01-SORO. Project: Package of innovative elements for the reform of education at TUKE.<\/p>\n\n\n\n<p class=\"has-black-color has-text-color has-link-color wp-elements-42ec315b46eb053ca2b0e17a53cd49b8\" style=\"font-size:15px\">(2010) Course: University Pedagogy SK-076, according to the standard curriculum for engineering pedagogy IGIP- International engineering educator, International Society for Engineering Education, Trnava.<\/p>\n\n\n\n<p class=\"has-black-color has-text-color has-link-color wp-elements-c9c9536b746b0feb284494bd9bc4c7a0\" style=\"font-size:15px\">(2009) Course: University Pedagogy 11\/2009, Department of Engineering Pedagogy, Technical University in Ko\u0161ice.<\/p>\n\n\n\n<p class=\"has-black-color has-text-color has-link-color wp-elements-2dc0758a00c3b2b9b2350a45ce6fcf70\" style=\"font-size:15px\">(2008) Course: Supplementary education SOP \u013dZ 2005\/NP1-050, Project \"Extended education of doctoral students in accordance with the criteria of the quality system at the Technical University of Ko\u0161ice, area of \u200b\u200beducation: Quality, safety, risk management, Innovation management.<\/p>\n\n\n\n<p class=\"has-black-color has-text-color has-link-color wp-elements-569d976110c498a08aa4d133e7ae86c2\" style=\"font-size:15px\">(2002) Course: IDEP training, training of authors, tutors, managers of distance education, Slovak University of Technology in Bratislava, Local Center for Distance Education.<\/p>\n\n\n\n<p class=\"has-black-color has-text-color has-link-color wp-elements-ed717d9f5da728436950de8c63beb4dd\" style=\"font-size:15px\">(2000) STUDIES: Supplementary pedagogical studies focused on basic subjects of the field 21-05-9 Management of processes of obtaining and processing raw materials, study field Engineering Management in Secondary Schools, Department of Engineering Pedagogy, Technical University of Ko\u0161ice.<mark style=\"background-color:rgba(0, 0, 0, 0)\" class=\"has-inline-color has-black-color\"><strong> <\/strong>   <\/mark><strong>     <\/strong><\/p>","protected":false},"excerpt":{"rendered":"<p>Pedagogick\u00fd proces v odbore Mana\u017e\u00e9rstvo zemsk\u00fdch zdrojov realizujeme prostredn\u00edctvom klasick\u00fdch a nov\u00fdch inovat\u00edvnych didaktick\u00fdch met\u00f3d, ktor\u00e9 tvoria mapu inovat\u00edvnych n\u00e1strojov<\/p>","protected":false},"author":2,"featured_media":0,"parent":0,"menu_order":1,"comment_status":"closed","ping_status":"closed","template":"","meta":{"colormag_page_container_layout":"no_sidebar_content_centered","colormag_page_sidebar_layout":"no_sidebar","footnotes":""},"class_list":["post-60","page","type-page","status-publish","hentry"],"_links":{"self":[{"href":"https:\/\/www.katarinateplicka.sk\/en\/wp-json\/wp\/v2\/pages\/60","targetHints":{"allow":["GET"]}}],"collection":[{"href":"https:\/\/www.katarinateplicka.sk\/en\/wp-json\/wp\/v2\/pages"}],"about":[{"href":"https:\/\/www.katarinateplicka.sk\/en\/wp-json\/wp\/v2\/types\/page"}],"author":[{"embeddable":true,"href":"https:\/\/www.katarinateplicka.sk\/en\/wp-json\/wp\/v2\/users\/2"}],"replies":[{"embeddable":true,"href":"https:\/\/www.katarinateplicka.sk\/en\/wp-json\/wp\/v2\/comments?post=60"}],"version-history":[{"count":218,"href":"https:\/\/www.katarinateplicka.sk\/en\/wp-json\/wp\/v2\/pages\/60\/revisions"}],"predecessor-version":[{"id":5494,"href":"https:\/\/www.katarinateplicka.sk\/en\/wp-json\/wp\/v2\/pages\/60\/revisions\/5494"}],"wp:attachment":[{"href":"https:\/\/www.katarinateplicka.sk\/en\/wp-json\/wp\/v2\/media?parent=60"}],"curies":[{"name":"wp","href":"https:\/\/api.w.org\/{rel}","templated":true}]}}