{"id":64,"date":"2020-01-13T09:51:19","date_gmt":"2020-01-13T09:51:19","guid":{"rendered":"https:\/\/www.katarinateplicka.sk\/?page_id=64"},"modified":"2025-11-28T17:19:05","modified_gmt":"2025-11-28T17:19:05","slug":"konferencie","status":"publish","type":"page","link":"https:\/\/www.katarinateplicka.sk\/en\/konferencie\/","title":{"rendered":"CONFERENCES"},"content":{"rendered":"<p class=\"has-white-color has-text-color has-background\" style=\"background-color:#3f9c2d\"><strong>As part of the \"Research and Development\" process, we organize professional and educational conferences. The purpose of participating in conferences is to gain new knowledge, skills, experience, and knowledge in a specialized field, to gain new contacts at universities and business entities, and to establish new collaborations within the framework of scientific projects, applied projects, and educational projects. <\/strong><\/p>\n\n\n\n<figure class=\"wp-block-image aligncenter size-large\"><img fetchpriority=\"high\" decoding=\"async\" width=\"1024\" height=\"410\" src=\"https:\/\/www.katarinateplicka.sk\/wp-content\/uploads\/2020\/06\/mapa-konferencii-1024x410.png\" alt=\"\" class=\"wp-image-452\" srcset=\"https:\/\/www.katarinateplicka.sk\/wp-content\/uploads\/2020\/06\/mapa-konferencii-1024x410.png 1024w, https:\/\/www.katarinateplicka.sk\/wp-content\/uploads\/2020\/06\/mapa-konferencii-300x120.png 300w, https:\/\/www.katarinateplicka.sk\/wp-content\/uploads\/2020\/06\/mapa-konferencii-768x308.png 768w, https:\/\/www.katarinateplicka.sk\/wp-content\/uploads\/2020\/06\/mapa-konferencii.png 1151w\" sizes=\"(max-width: 1024px) 100vw, 1024px\" \/><\/figure>\n\n\n\n<p class=\"has-text-align-center has-black-color has-white-background-color has-text-color has-background has-medium-font-size\"><strong>MEMBER OF THE CONFERENCE COMMISSION<\/strong><\/p>\n\n\n\n<figure class=\"wp-block-image aligncenter size-large is-resized\"><img decoding=\"async\" width=\"1024\" height=\"683\" src=\"https:\/\/www.katarinateplicka.sk\/wp-content\/uploads\/2020\/01\/Konfera-1-1024x683.jpg\" alt=\"\" class=\"wp-image-302\" style=\"width:435px;height:290px\" srcset=\"https:\/\/www.katarinateplicka.sk\/wp-content\/uploads\/2020\/01\/Konfera-1-1024x683.jpg 1024w, https:\/\/www.katarinateplicka.sk\/wp-content\/uploads\/2020\/01\/Konfera-1-300x200.jpg 300w, https:\/\/www.katarinateplicka.sk\/wp-content\/uploads\/2020\/01\/Konfera-1-768x512.jpg 768w, https:\/\/www.katarinateplicka.sk\/wp-content\/uploads\/2020\/01\/Konfera-1-1536x1024.jpg 1536w, https:\/\/www.katarinateplicka.sk\/wp-content\/uploads\/2020\/01\/Konfera-1-2048x1365.jpg 2048w\" sizes=\"(max-width: 1024px) 100vw, 1024px\" \/><figcaption class=\"wp-element-caption\">Conference Wood faculty of Zvolen <\/figcaption><\/figure>\n\n\n\n<p class=\"has-black-color has-text-color has-normal-font-size\">(2010) Economics and Business Management 2010, Technical University of Zvolen, Faculty of Wood Science, Zvolen, Slovakia.<\/p>\n\n\n\n<p class=\"has-black-color has-text-color has-normal-font-size\">(2011) Economics and Business Management 2011, Technical University of Zvolen, Faculty of Wood Science, Zvolen, Slovakia.<\/p>\n\n\n\n<p class=\"has-black-color has-text-color has-normal-font-size\">(2015) Economic and Management 2015<strong>,<\/strong> The Technical University of Zvolen, Faculty of Wood Science, Zvolen, Slovakia. <strong>&nbsp;<\/strong><\/p>\n\n\n\n<p class=\"has-black-color has-text-color has-normal-font-size\">(2015) IEEE 2015, Informatics 2015<strong>, <\/strong>The Technical University of Kosice, Faculty of Electrical Engineering, and Informatics, Poprad, Slovakia. &nbsp;<\/p>\n\n\n\n<p class=\"has-black-color has-text-color has-normal-font-size\">(2017) ESEM 201<strong>7,<\/strong> Education Science and Education Management, Guilin, China.<\/p>\n\n\n\n<p class=\"has-black-color has-text-color has-normal-font-size\">(2017) Management and Economy of production<strong>2017<\/strong> The Technical University of Zvolen, Faculty of Wood Science, Zvolen, Slovakia.<\/p>\n\n\n\n<p class=\"has-black-color has-text-color has-normal-font-size\">(2017) IEEE 2017, Informatics 2017, Technical University of Kosice, Faculty of Electrical Engineering, and Informatics, Poprad, Slovakia. &nbsp;<\/p>\n\n\n\n<p class=\"has-black-color has-text-color has-normal-font-size\">(2018) Differentiated forms of marketing, TU in Kosice, Department of Social Sciences, Kosice, Slovakia.<\/p>\n\n\n\n<p class=\"has-black-color has-text-color has-normal-font-size\">(2018) Horizons of Business Environment IV, Faculty of Management, Bratislava, Slovakia.<\/p>\n\n\n\n<p class=\"has-black-color has-text-color has-normal-font-size\">(2019) Economics, Management and Technology in Enterprises 2019, Technical University of Zvolen, Faculty of Wood Science, Zvolen, Slovakia.<\/p>\n\n\n\n<p class=\"has-black-color has-text-color has-normal-font-size\">(2019) IEEE 2019, Informatics 2019, Technical University of Kosice, Faculty of Electrical Engineering, and Informatics, Poprad, Slovakia. &nbsp;<\/p>\n\n\n\n<p class=\"has-black-color has-text-color has-normal-font-size\">(2019) Horizons of Business Environment IV, Faculty of Management, Bratislava. &nbsp;<\/p>\n\n\n\n<p class=\"has-black-color has-text-color\">(2022) Horizons of Business Environment VII, Faculty of management, Bratislava, Slovakia. &nbsp;<\/p>\n\n\n\n<p class=\"has-black-color has-text-color has-link-color wp-elements-4b1bd15ff022fbd322b1a87d39ff0411\">(2023) Horizons of Business Environment IV, Faculty of Management, Bratislava, Slovakia. &nbsp;<\/p>\n\n\n\n<p class=\"has-text-align-center has-black-color has-white-background-color has-text-color has-background has-link-color has-medium-font-size wp-elements-49ed728c368fda8b9130daf0c39b6e44\"><strong>SCIENTIFIC CONFERENCES PARTICIPATION<\/strong><\/p>\n\n\n\n<figure class=\"wp-block-image aligncenter size-large is-resized\"><img decoding=\"async\" width=\"1024\" height=\"665\" src=\"https:\/\/www.katarinateplicka.sk\/wp-content\/uploads\/2020\/06\/Konfera-2-1024x665.jpg\" alt=\"\" class=\"wp-image-454\" style=\"width:628px;height:408px\" srcset=\"https:\/\/www.katarinateplicka.sk\/wp-content\/uploads\/2020\/06\/Konfera-2-1024x665.jpg 1024w, https:\/\/www.katarinateplicka.sk\/wp-content\/uploads\/2020\/06\/Konfera-2-300x195.jpg 300w, https:\/\/www.katarinateplicka.sk\/wp-content\/uploads\/2020\/06\/Konfera-2-768x499.jpg 768w, https:\/\/www.katarinateplicka.sk\/wp-content\/uploads\/2020\/06\/Konfera-2-1536x997.jpg 1536w, https:\/\/www.katarinateplicka.sk\/wp-content\/uploads\/2020\/06\/Konfera-2-2048x1330.jpg 2048w\" sizes=\"(max-width: 1024px) 100vw, 1024px\" \/><figcaption class=\"wp-element-caption\">Conference WOODEMA Trnava<\/figcaption><\/figure>\n\n\n\n<p class=\"has-black-color has-text-color has-link-color wp-elements-61497849cb5586174ecb6d8443e7ec69\"><strong>4.-5.11.2004 (Hr\u00e1dok):<\/strong> Scientific symposium with international participation in ecology in selected agglomerations of Jel\u0161ava-Luben\u00edk and Stredn\u00fd Spi\u0161.<\/p>\n\n\n\n<p class=\"has-black-color has-text-color has-link-color wp-elements-95a5d0302aca079f4c38d04da6aac732\"><strong>22.-23.9.2005 (Poprad):<\/strong> International Scientific Conference: Organization Performance - Approaches to its Measurement and Evaluation.<\/p>\n\n\n\n<p class=\"has-black-color has-text-color has-link-color wp-elements-0ad538f13b0c0d20f89307ca49c9963b\"><strong>20.-21.10.2005 (Pre\u0161ov):<\/strong> International Scientific Conference: New trends in Technology System Operation. International school of Management.<\/p>\n\n\n\n<p class=\"has-black-color has-text-color has-link-color wp-elements-1a87d47444cba9b15df3baadf16a41ab\"><strong>1.-3.10.2008 (Her\u013eany):<\/strong> International Scientific Conference: National and Regional Economy VII - International Scientific Conference, Technical University of Ko\u0161ice, Faculty of Economics.<\/p>\n\n\n\n<p class=\"has-black-color has-text-color has-link-color wp-elements-1250c6ee84295ba8f37a8280326557a3\"><strong>16.10.2008 (Zvolen):<\/strong> International Scientific Conference: Quality Control and Management in Enterprises, International Conference 2008, Technical University of Zvolen, Faculty of Wood Science and Technology.<\/p>\n\n\n\n<p class=\"has-black-color has-text-color has-link-color wp-elements-6b27602937e16838d75d92ebe9b54f33\"><strong>5.-6.10.2010 (Zvolen):<\/strong> International Scientific Conference: Economic and Management of enterprises 2010, Technical university of Zvolen, Faculty of Wood Science and Technology.<\/p>\n\n\n\n<p class=\"has-black-color has-text-color has-link-color wp-elements-46e6a36cd75896cb785abfc097926cd5\"><strong>11.-13.11.2010 (Hederv\u00e1r ,Hungary):<\/strong> International Scientific Conference: IN LOOK DAYS 2010.<\/p>\n\n\n\n<p class=\"has-black-color has-text-color has-link-color wp-elements-f902e418202cc96962b6526b3213cec8\"><strong>13.-15.10.2010 (Her\u013eany):<\/strong> International Scientific Conference: National and Regional Economy VIII - International Scientific Conference, Technical University of Ko\u0161ice, Faculty of Economics.<\/p>\n\n\n\n<p class=\"has-black-color has-text-color has-link-color wp-elements-3790d49b7228882aa8ae57181f88a0b4\"><strong>4.-5.10.2011 (Zvolen):<\/strong> International Scientific Conference: Economic and Management of enterprises 2011, Technical university of Zvolen, Faculty of Wood Science and Technology.<\/p>\n\n\n\n<p class=\"has-black-color has-text-color has-link-color wp-elements-d99240fdbcbb8526e357f2cadf601c76\"><strong>23.-25.3.2011 (Ve\u013ek\u00e1 T\u0155\u0148a):<\/strong> International Scientific Conference: RESPECT 2011, Faculty BERG.<\/p>\n\n\n\n<p class=\"has-black-color has-text-color has-link-color wp-elements-d866f233b1b75ac4d7449f9df05a10fd\"><strong>7.-9.9.2011 (Pre\u0161ov):<\/strong> International Scientific Conference: UNINFOS 2011, University information systems.<\/p>\n\n\n\n<p class=\"has-black-color has-text-color has-link-color wp-elements-411f952d009fa392cfb2b37c049ec836\"><strong>13.-14.10.2011 (Ko\u0161ice):<\/strong> International Scientific Conference: IN LOOK DAYS 2011.<\/p>\n\n\n\n<p class=\"has-black-color has-text-color has-link-color wp-elements-ab34c1e00b88a64f2cd5cf5ec26e6544\"><strong>2.-4.12.2011 (Zakopane Poland):<\/strong> International Scientific Conference: Toyotarity in the context of European enterprises improvement. The Visegrad Group Countries.<\/p>\n\n\n\n<p class=\"has-black-color has-text-color has-link-color wp-elements-dba1a85131aa46cbb0602d744ebd6e3c\"><strong>6.-8.6.2012 (Trnava):<\/strong> International Scientific Conference: Wood and Furniture industry in times of change.<\/p>\n\n\n\n<p class=\"has-black-color has-text-color has-link-color wp-elements-a2238255bbf3b0b69353015c46d6cbc9\"><strong>27.-28.6.2012 (Bansk\u00e1 Bystrica):<\/strong> International Scientific Conference: Management of human resource of the firms.<\/p>\n\n\n\n<p class=\"has-black-color has-text-color has-link-color wp-elements-834243294526531c71ec03f5caccbb42\"><strong>18.-19.9.2014 (Ko\u0161ice):<\/strong> International Scientific Conference: Quality and Leading Innovation, Technical university of Ko\u0161ice.<\/p>\n\n\n\n<p class=\"has-black-color has-text-color has-link-color wp-elements-1d4dabe090fa507e3c2cb7fffbb9496e\"><strong>22.-24.10.2014 (Ko\u0161ice):<\/strong> International Scientific Conference: Inequality and poverty in the European Union and Slovakia. Economic faculty, Technical university of Ko\u0161ice.<\/p>\n\n\n\n<p class=\"has-black-color has-text-color has-link-color wp-elements-69107bf7c355dad1f028763a472301db\"><strong>12.-13.11.2014 (\u0160trbsk\u00e9 pleso):<\/strong> XXI. International Scientific Conference: Managing competency challenges.<\/p>\n\n\n\n<p class=\"has-black-color has-text-color has-link-color wp-elements-57d531badd315f026772a5fa7a974cf0\"><strong>15.-16.10.2015 (Zvolen):<\/strong> International Scientific Conference: Economic and Management of enterprises 2015, Technical university of  Zvolen, Wood faculty. &nbsp;<\/p>\n\n\n\n<p class=\"has-black-color has-text-color has-link-color wp-elements-09c6e4dd879c2c775e38765cb12beb63\"><strong>12.-13.11.2015 (\u0160trbsk\u00e9 pleso):<\/strong> Process management of self-government 2015 - final scientific workshop for the VEGA project.<\/p>\n\n\n\n<p class=\"has-black-color has-text-color has-link-color wp-elements-b155efdefe8077c8e8b76a1699bb255d\"><strong>18.-20.11.2015 (Poprad):<\/strong> International Scientific Conference: INFORMATICS 2015.<\/p>\n\n\n\n<p class=\"has-black-color has-text-color has-link-color wp-elements-83b76235dcaf639447c5201a195a7a96\"><strong>20.-21.10.2016 (Star\u00e1 lesn\u00e1):<\/strong> International Scientific Conference: XXIII. World quality day international konference: Quality as a prerequisite for growth and competitiveness.<\/p>\n\n\n\n<p class=\"has-black-color has-text-color has-link-color wp-elements-797e85d8361708cf210da797a42df3de\"><strong>25.11.2016 (Ko\u0161ice):<\/strong> International Scientific Conference: Dates in destination management. DiDM2016.<\/p>\n\n\n\n<p class=\"has-black-color has-text-color has-link-color wp-elements-9b4d199c90d0fc732e3bc03ca704c789\"><strong>29.-31.3.2017 (Her\u013eany):<\/strong> International Scientific Conference: RESPECT 2017,  Renewable energy sources, Faculty of BERG.<\/p>\n\n\n\n<p class=\"has-black-color has-text-color has-link-color wp-elements-0ddb256cdc931d2df40512db48478dbe\"><strong>18.-20.5.2017 (Ko\u0161ice):<\/strong> International Scientific Conference: Marketing, Management, business, financial and social aspects of business. Faculty of Business and Economics in Ko\u0161ice.<\/p>\n\n\n\n<p class=\"has-black-color has-text-color has-link-color wp-elements-9fdbd0a759076fef129689eac36470ad\">&nbsp;<strong>5.-6.10.2017 (Zvolen):<\/strong> International Scientific Conference: Economic and Management of enterprises 2017, Technical university of  Zvolen, Wood faculty. &nbsp;<\/p>\n\n\n\n<p class=\"has-black-color has-text-color has-link-color wp-elements-243f646468d5e3922ce59bfaf9462e52\"><strong>14.-16.11. 2017 (Poprad):<\/strong> International Scientific Conference: INFORMATICS 2017.<\/p>\n\n\n\n<p class=\"has-black-color has-text-color has-link-color wp-elements-af76c323e1bc9445d96021340ddfb252\"><strong>28.-30.6.2017 (Ko\u0161ice):<\/strong> International Scientific Conference: WIRE 2017 Week of Innovative regions in Europe.<\/p>\n\n\n\n<p class=\"has-black-color has-text-color has-link-color wp-elements-fd7592549a3869b5db3b6ad800f1a256\"><strong>17.-18.5.2018 (Ko\u0161ice):<\/strong> International Scientific Conference: Marketing, Management, Trade, Financial and Social asspects of business, Faculty of Business and Economics in Ko\u0161ice.<\/p>\n\n\n\n<p class=\"has-black-color has-text-color has-link-color wp-elements-c10bc56a5efefeed8d502f65872d8878\"><strong>17.-18.12.2018 (Bratislava):<\/strong> International Scientific Conference: Horizons of the business environment IV. Department of Finance and Economics, Faculty of Management, Comenius University, Bratislava.<\/p>\n\n\n\n<p class=\"has-black-color has-text-color has-link-color wp-elements-73b0677fecdada8865edee283414af3a\"><strong>9.-10.5.2019 (Zvolen):<\/strong> International Scientific Conference: Economics, Management, Technology in Enterprises 2019, Technical university of Zvolen, Wood faculty.<\/p>\n\n\n\n<p class=\"has-black-color has-text-color has-link-color wp-elements-d3d4f82470c03f2c18ac6860cc20a321\"><strong>18.-22.3.2019 (Ko\u0161ice):<\/strong> ): International Scientific Conference: Water is the strategic raw material of the future. &nbsp;<\/p>\n\n\n\n<p class=\"has-black-color has-text-color has-link-color wp-elements-a5d061d2d27b5e007fd4188d24ad5dfd\"><strong>25.4.2019 (Pre\u0161ov):<\/strong> International Scientific Conference:  Business and innovations in business activities XIV, International school of Management, Pre\u0161ov.<\/p>\n\n\n\n<p class=\"has-black-color has-text-color has-link-color wp-elements-579bbf926b3b503f3b258f7879afc2b4\"><strong>8.10.2019 (Poprad):<\/strong> International Scientific Conference: The Poprad Economic and Management Forum 2019.<\/p>\n\n\n\n<p class=\"has-black-color has-text-color has-link-color wp-elements-b6c2f8c4cf578d0d99d3562f4f5a410c\"><strong>20.-22.11.2019 (Poprad):<\/strong> International Scientific Conference: IEEE2019 Informatics2019, 15th International scientific conference on informatics, Faculty of electrotechnic and informatics, Technical university of Ko\u0161ice. &nbsp;<\/p>\n\n\n\n<p class=\"has-black-color has-text-color has-link-color wp-elements-18a0dee5c8771d549799025cc61a5614\"><strong>13.12.2019 (Bratislava):<\/strong> International Scientific Conference: Horizons of the business environment V, Faculty of Management, Comenius University in Bratislava.<\/p>\n\n\n\n<p class=\"has-black-color has-text-color has-link-color wp-elements-d63fc10b7fa80259b020122e19516d5a\"><strong>9.12.2022 (Bratislava):<\/strong> International Scientific Conference: Horizons of the business environment VII, Faculty of Management, Comenius University in Bratislava.<br><br><strong>25.11.2022 (\u0160trbsk\u00e9 pleso): <\/strong>XXVI. volume international conference on the occasion of World Quality Day and European Quality Week, \u0160trbsk\u00e9 pleso. Slovakia<\/p>\n\n\n\n<p class=\"has-black-color has-text-color has-link-color wp-elements-f46ee9e62fb0937ce58a3584b9387b23\"><strong>11.11.2022 (Pre\u0161ov): <\/strong>ISM Pre\u0161ov - Weel of science, technic, research - invited lecture.<\/p>\n\n\n\n<p class=\"has-black-color has-text-color has-link-color wp-elements-817cb57236e55cf46f97b547cb15b665\"><strong>1.-3.6.2022 (Vysok\u00e9 Tatry) <\/strong>38<sup>th<\/sup> Czech-Polish-Slovak Symposium -\u201cOn Mining and Environmental Geophysics\u201d.<\/p>\n\n\n\n<p class=\"has-black-color has-text-color has-link-color wp-elements-3228a569f585d62cbb012292684c9811\"><strong>9.12.2023 (Bratislava) <\/strong>Horizons of the business environment VIII. International science conference, Faculty of Management, Comenius University, Bratislava.<\/p>\n\n\n\n<p class=\"has-black-color has-text-color has-link-color wp-elements-d0d30841dde118980f351b113fbaa868\"><strong>18.10.2023 (Bratislava) <\/strong>Innovation in university education, Creation of the new model of education, Bratislava, STU, Institute of Management. <\/p>\n\n\n\n<p class=\"has-black-color has-text-color has-link-color wp-elements-337a85afe07387fee1ff3b55af8f4cf0\"><strong>10.10.2024<\/strong> <strong>(Star\u00e1 Lesn\u00e1)<\/strong> Conference: innovations in the education of the university. SAKVA \u2013 Quality of high education 2024.<\/p>\n\n\n\n<p class=\"has-black-color has-text-color has-link-color wp-elements-ad37637d8a93c30fa60da970bc315340\"><strong>10.-11.6.2025 (Gbe\u013eany) <\/strong>Conference: HR and Inspiration Forum 2025, Building Relationships, Trust and Collaboration. <\/p>\n\n\n\n<p class=\"has-black-color has-text-color has-link-color wp-elements-2e61823db5aa6998a7df151664ca0943\"><strong>9.-10.10.2025 (Star\u00e1 Lesn\u00e1)<\/strong> SAKVA Conference: Quality of Higher Education 2025 \u2013 the impact of the organizational culture of a university on quality assurance of education<br>at university.<\/p>\n\n\n\n<p class=\"has-black-color has-text-color has-link-color wp-elements-82311cfeff8892b7ae09612c103496cb\"><strong>21.-22.10.2025 (\u017dilina) <\/strong>Conference: Production Management: Technologies push boundaries, people give them direction. <\/p>\n\n\n\n<p class=\"has-black-color has-text-color has-link-color wp-elements-a2c8f66725b7ddaadc1c81b21acc6ffa\"><strong>20.-21.11.2025 (\u0160trbsk\u00e9 pleso)<\/strong> International Conference Quality: Quality for Profit and Risk Management. <\/p>\n\n\n\n<figure class=\"wp-block-image aligncenter size-full is-resized\"><img loading=\"lazy\" decoding=\"async\" width=\"1024\" height=\"681\" src=\"https:\/\/www.katarinateplicka.sk\/wp-content\/uploads\/2025\/01\/konfera-Polsko-visegrad-fond-1024x681-1.jpg\" alt=\"\" class=\"wp-image-3752\" style=\"width:561px;height:auto\" srcset=\"https:\/\/www.katarinateplicka.sk\/wp-content\/uploads\/2025\/01\/konfera-Polsko-visegrad-fond-1024x681-1.jpg 1024w, https:\/\/www.katarinateplicka.sk\/wp-content\/uploads\/2025\/01\/konfera-Polsko-visegrad-fond-1024x681-1-300x200.jpg 300w, https:\/\/www.katarinateplicka.sk\/wp-content\/uploads\/2025\/01\/konfera-Polsko-visegrad-fond-1024x681-1-768x511.jpg 768w, https:\/\/www.katarinateplicka.sk\/wp-content\/uploads\/2025\/01\/konfera-Polsko-visegrad-fond-1024x681-1-18x12.jpg 18w\" sizes=\"(max-width: 1024px) 100vw, 1024px\" \/><figcaption class=\"wp-element-caption\">Conference Visegrad Fund Poland <\/figcaption><\/figure>\n\n\n\n<p><\/p>","protected":false},"excerpt":{"rendered":"<p>V r\u00e1mci procesu &#8222;V\u00fdskum a v\u00fdvoj&#8220; realizujeme konferencie odborn\u00e9ho a vzdel\u00e1vacieho charakteru. Z\u00e1merom \u00fa\u010dasti na konferenci\u00e1ch je z\u00edskavanie nov\u00fdch vedomost\u00ed,<\/p>","protected":false},"author":2,"featured_media":0,"parent":0,"menu_order":3,"comment_status":"closed","ping_status":"closed","template":"","meta":{"colormag_page_container_layout":"no_sidebar_content_centered","colormag_page_sidebar_layout":"no_sidebar","footnotes":""},"class_list":["post-64","page","type-page","status-publish","hentry"],"_links":{"self":[{"href":"https:\/\/www.katarinateplicka.sk\/en\/wp-json\/wp\/v2\/pages\/64","targetHints":{"allow":["GET"]}}],"collection":[{"href":"https:\/\/www.katarinateplicka.sk\/en\/wp-json\/wp\/v2\/pages"}],"about":[{"href":"https:\/\/www.katarinateplicka.sk\/en\/wp-json\/wp\/v2\/types\/page"}],"author":[{"embeddable":true,"href":"https:\/\/www.katarinateplicka.sk\/en\/wp-json\/wp\/v2\/users\/2"}],"replies":[{"embeddable":true,"href":"https:\/\/www.katarinateplicka.sk\/en\/wp-json\/wp\/v2\/comments?post=64"}],"version-history":[{"count":56,"href":"https:\/\/www.katarinateplicka.sk\/en\/wp-json\/wp\/v2\/pages\/64\/revisions"}],"predecessor-version":[{"id":5497,"href":"https:\/\/www.katarinateplicka.sk\/en\/wp-json\/wp\/v2\/pages\/64\/revisions\/5497"}],"wp:attachment":[{"href":"https:\/\/www.katarinateplicka.sk\/en\/wp-json\/wp\/v2\/media?parent=64"}],"curies":[{"name":"wp","href":"https:\/\/api.w.org\/{rel}","templated":true}]}}