{"id":660,"date":"2020-11-13T08:41:31","date_gmt":"2020-11-13T08:41:31","guid":{"rendered":"https:\/\/www.katarinateplicka.sk\/?page_id=660"},"modified":"2025-08-19T08:08:44","modified_gmt":"2025-08-19T08:08:44","slug":"hodnotenie-vzdelavania","status":"publish","type":"page","link":"https:\/\/www.katarinateplicka.sk\/en\/hodnotenie-vzdelavania\/","title":{"rendered":"RATING OF EDUCATION"},"content":{"rendered":"<p style=\"background-color: #1ca321; text-align: center;\"><span style=\"color: #ffffff;\"><strong><br \/>Increasing pedagogical mastery at universities is an integral part of every pedagogical process. The teacher has the competence to increase the quality of teaching the subjects that he guarantees and teaches. The teacher can increase the quality of teaching, only based on suggestions, recommendations, and comments of students.<\/strong><\/span><\/p>\n<h4 style=\"text-align: center;\"><strong>DEAR STUDENTS, <\/strong><\/h4>\n<h6 style=\"text-align: center;\"><span style=\"color: #000000;\"><strong>I WANT TO MOTIVATE YOU TO ANNOUNCE YOUR \"GREAT IDEAS\"  IN THE QUESTIONNAIRE <\/strong><\/span><span style=\"color: #000000;\"><strong>IN THE PEDAGOGICAL PROCESS \u2013 TEACHING A SUBJECT.<\/strong><\/span><\/h6>\n<h6 style=\"text-align: center;\"><strong>SUBJECT EVALUATION<\/strong> <a href=\"https:\/\/www.click4survey.sk\/s4\/66905\/3aa4c114\" data-wplink-edit=\"true\"><strong>LINK<\/strong><\/a><\/h6>\n<figure><img fetchpriority=\"high\" decoding=\"async\" class=\"aligncenter\" src=\"https:\/\/www.katarinateplicka.sk\/wp-content\/uploads\/2020\/11\/dotaznik-web-1-1.png\" alt=\"\" width=\"252\" height=\"215\" \/><\/figure>\n<h6 style=\"text-align: center;\"><strong>TEACHER EVALUATION\u00a0<a href=\"https:\/\/www.portalvs.sk\/rating\/katarina-teplicka\" target=\"_blank\" rel=\"noreferrer noopener\">LINK<\/a><\/strong><\/h6>\n<figure>\n<figcaption>\n<figure style=\"width: 259px\" class=\"wp-caption aligncenter\"><img decoding=\"async\" class=\"\" src=\"https:\/\/www.katarinateplicka.sk\/wp-content\/uploads\/2023\/01\/foto-web-teplicka-260x300.jpg\" alt=\"\" width=\"259\" height=\"299\" \/><figcaption class=\"wp-caption-text\"><strong>doc. Ing. Katar\u00edna Teplick\u00e1, PhD.<\/strong><\/figcaption><\/figure>\n<\/figcaption>\n<figcaption><strong><span style=\"color: #000000;\">\u00a0\u00a0\u00a0\u00a0\u00a0\u00a0\u00a0\u00a0\u00a0\u00a0\u00a0\u00a0\u00a0\u00a0\u00a0\u00a0\u00a0\u00a0\u00a0\u00a0\u00a0\u00a0\u00a0\u00a0\u00a0\u00a0\u00a0\u00a0\u00a0\u00a0\u00a0\u00a0\u00a0\u00a0\u00a0\u00a0\u00a0\u00a0\u00a0\u00a0\u00a0\u00a0\u00a0\u00a0\u00a0\u00a0\u00a0\u00a0\u00a0\u00a0\u00a0\u00a0\u00a0\u00a0\u00a0\u00a0\u00a0\u00a0\u00a0\u00a0\u00a0\u00a0\u00a0\u00a0\u00a0\u00a0\u00a0\u00a0\u00a0\u00a0\u00a0\u00a0\u00a0\u00a0\u00a0\u00a0\u00a0\u00a0\u00a0\u00a0\u00a0\u00a0\u00a0\u00a0\u00a0\u00a0\u00a0\u00a0\u00a0\u00a0\u00a0\u00a0\u00a0\u00a0\u00a0\u00a0\u00a0\u00a0\u00a0\u00a0\u00a0\u00a0\u00a0\u00a0\u00a0\u00a0\u00a0\u00a0<\/span><\/strong><\/figcaption>\n<\/figure>\n\n\n<div class=\"wp-block-group is-content-justification-center is-nowrap is-layout-flex wp-container-core-group-is-layout-23441af8 wp-block-group-is-layout-flex\">\n<figure class=\"wp-block-image size-full is-resized has-custom-border\"><img decoding=\"async\" width=\"966\" height=\"661\" src=\"https:\/\/www.katarinateplicka.sk\/wp-content\/uploads\/2025\/02\/hodnotenie-p-index.png\" alt=\"\" class=\"has-border-color has-black-border-color wp-image-5382\" style=\"border-width:2px;width:417px;height:auto\" srcset=\"https:\/\/www.katarinateplicka.sk\/wp-content\/uploads\/2025\/02\/hodnotenie-p-index.png 966w, https:\/\/www.katarinateplicka.sk\/wp-content\/uploads\/2025\/02\/hodnotenie-p-index-300x205.png 300w, https:\/\/www.katarinateplicka.sk\/wp-content\/uploads\/2025\/02\/hodnotenie-p-index-768x526.png 768w, https:\/\/www.katarinateplicka.sk\/wp-content\/uploads\/2025\/02\/hodnotenie-p-index-18x12.png 18w, https:\/\/www.katarinateplicka.sk\/wp-content\/uploads\/2025\/02\/hodnotenie-p-index-130x90.png 130w\" sizes=\"(max-width: 966px) 100vw, 966px\" \/><\/figure>\n\n\n\n<figure class=\"wp-block-image size-full is-resized has-custom-border\"><img loading=\"lazy\" decoding=\"async\" width=\"863\" height=\"369\" src=\"https:\/\/www.katarinateplicka.sk\/wp-content\/uploads\/2025\/02\/hodnotenie-studentmi.png\" alt=\"\" class=\"has-border-color has-black-border-color wp-image-5383\" style=\"border-width:2px;width:505px;height:auto\" srcset=\"https:\/\/www.katarinateplicka.sk\/wp-content\/uploads\/2025\/02\/hodnotenie-studentmi.png 863w, https:\/\/www.katarinateplicka.sk\/wp-content\/uploads\/2025\/02\/hodnotenie-studentmi-300x128.png 300w, https:\/\/www.katarinateplicka.sk\/wp-content\/uploads\/2025\/02\/hodnotenie-studentmi-768x328.png 768w, https:\/\/www.katarinateplicka.sk\/wp-content\/uploads\/2025\/02\/hodnotenie-studentmi-18x8.png 18w\" sizes=\"(max-width: 863px) 100vw, 863px\" \/><\/figure>\n\n\n\n<figure class=\"wp-block-image size-full is-resized\"><img loading=\"lazy\" decoding=\"async\" width=\"434\" height=\"237\" src=\"https:\/\/www.katarinateplicka.sk\/wp-content\/uploads\/2025\/02\/hodnotenie-minister.png\" alt=\"\" class=\"wp-image-5385\" style=\"width:489px;height:auto\" srcset=\"https:\/\/www.katarinateplicka.sk\/wp-content\/uploads\/2025\/02\/hodnotenie-minister.png 434w, https:\/\/www.katarinateplicka.sk\/wp-content\/uploads\/2025\/02\/hodnotenie-minister-300x164.png 300w, https:\/\/www.katarinateplicka.sk\/wp-content\/uploads\/2025\/02\/hodnotenie-minister-18x10.png 18w\" sizes=\"(max-width: 434px) 100vw, 434px\" \/><\/figure>\n<\/div>\n\n\n\n<p><\/p>\n\n\n\n<p class=\"has-text-align-center has-black-color has-text-color has-link-color has-medium-font-size wp-elements-0bdc8cfdcac04d873c7cd131aede7325\"><strong>THANK YOU FOR YOUR POSITIVE AND NEGATIVE COMMENTS.<\/strong><\/p>\n\n\n\n<p><\/p>","protected":false},"excerpt":{"rendered":"<p>Zvy\u0161ovanie pedagogick\u00e9ho majstrovstva na vysok\u00fdch \u0161kol\u00e1ch je neodmyslite\u013enou s\u00fa\u010das\u0165ou ka\u017ed\u00e9ho pedagogick\u00e9ho procesu. Pedag\u00f3g &#8211; vyu\u010duj\u00faci m\u00e1 kompetencie k tomu, aby<\/p>","protected":false},"author":2,"featured_media":0,"parent":0,"menu_order":3,"comment_status":"closed","ping_status":"closed","template":"","meta":{"colormag_page_container_layout":"no_sidebar_content_centered","colormag_page_sidebar_layout":"no_sidebar","footnotes":""},"class_list":["post-660","page","type-page","status-publish","hentry"],"_links":{"self":[{"href":"https:\/\/www.katarinateplicka.sk\/en\/wp-json\/wp\/v2\/pages\/660","targetHints":{"allow":["GET"]}}],"collection":[{"href":"https:\/\/www.katarinateplicka.sk\/en\/wp-json\/wp\/v2\/pages"}],"about":[{"href":"https:\/\/www.katarinateplicka.sk\/en\/wp-json\/wp\/v2\/types\/page"}],"author":[{"embeddable":true,"href":"https:\/\/www.katarinateplicka.sk\/en\/wp-json\/wp\/v2\/users\/2"}],"replies":[{"embeddable":true,"href":"https:\/\/www.katarinateplicka.sk\/en\/wp-json\/wp\/v2\/comments?post=660"}],"version-history":[{"count":94,"href":"https:\/\/www.katarinateplicka.sk\/en\/wp-json\/wp\/v2\/pages\/660\/revisions"}],"predecessor-version":[{"id":5454,"href":"https:\/\/www.katarinateplicka.sk\/en\/wp-json\/wp\/v2\/pages\/660\/revisions\/5454"}],"wp:attachment":[{"href":"https:\/\/www.katarinateplicka.sk\/en\/wp-json\/wp\/v2\/media?parent=660"}],"curies":[{"name":"wp","href":"https:\/\/api.w.org\/{rel}","templated":true}]}}