{"id":677,"date":"2020-11-13T09:20:19","date_gmt":"2020-11-13T09:20:19","guid":{"rendered":"https:\/\/www.katarinateplicka.sk\/?page_id=677"},"modified":"2025-02-07T13:19:18","modified_gmt":"2025-02-07T13:19:18","slug":"semestralne-projekty","status":"publish","type":"page","link":"https:\/\/www.katarinateplicka.sk\/en\/semestralne-projekty\/","title":{"rendered":"SEMESTER PROJECTS"},"content":{"rendered":"<figure class=\"wp-block-image aligncenter size-full\"><img fetchpriority=\"high\" decoding=\"async\" width=\"753\" height=\"368\" src=\"https:\/\/www.katarinateplicka.sk\/wp-content\/uploads\/2025\/02\/sem-project-aj.png\" alt=\"\" class=\"wp-image-5322\" srcset=\"https:\/\/www.katarinateplicka.sk\/wp-content\/uploads\/2025\/02\/sem-project-aj.png 1178w, https:\/\/www.katarinateplicka.sk\/wp-content\/uploads\/2025\/02\/sem-project-aj-300x141.png 300w, https:\/\/www.katarinateplicka.sk\/wp-content\/uploads\/2025\/02\/sem-project-aj-1024x482.png 1024w, https:\/\/www.katarinateplicka.sk\/wp-content\/uploads\/2025\/02\/sem-project-aj-768x362.png 768w, https:\/\/www.katarinateplicka.sk\/wp-content\/uploads\/2025\/02\/sem-project-aj-18x8.png 18w\" sizes=\"(max-width: 753px) 100vw, 753px\" \/><\/figure>\n\n\n\n<h1 class=\"wp-block-heading has-text-align-center has-black-color has-white-background-color has-text-color has-background has-medium-font-size\"><strong>SEMESTER PROJECT I&nbsp;<\/strong><\/h1>\n\n\n\n<p class=\"has-black-color has-text-color has-link-color wp-elements-4d89ae7c432c2910a4027700d4ae5e9f\">1level (LS) Management of Earth Resources - Bachelor study<br>1level (ZS) Management of Earth Resources - Engineering study&nbsp;<\/p>\n\n\n\n<p class=\"has-black-color has-text-color has-link-color wp-elements-ca8573f2ca6620a55506eaaef2635f3c\"><strong>Output: Theoretical part of the project - Current state of the problem at the home and abroad<br><\/strong><br><strong>The complex structure of the semester project I:<br><\/strong>Titlepage<br>Thesis content (a division of chapters, subchapters\u2026)<br>List of figures, graphs, diagrams, tables<br>List of abbreviations and symbols<br>Glossary (very commonly used foreign terms in the text) <br>Introduction (scope of about 1 page, thought entry into the issue, formulation of problems,<br>which the author wants to solve, the goal he wants to achieve the work,the possibilities of its in<br>use in social practice)<br>Core - Theoretical part (introduction to the issue, elaboration of basic theoretical<br>knowledge and skills, basic conceptual apparatus, connection to the analytical part of the work)<br>Conclusion (summary of theoretical knowledge)<br>References (according to ISO 690)<br>Attachments (company auxiliary materials, extensive tables, diagrams)<\/p>\n\n\n\n<h1 class=\"wp-block-heading has-text-align-center has-black-color has-white-background-color has-text-color has-background has-medium-font-size\"><strong>SEMESTER PROJECT II<\/strong><\/h1>\n\n\n\n<p class=\"has-black-color has-text-color has-link-color wp-elements-0268834ed631f00a307ca8eae72b7cce\">2 level (ZS) Management of Earth Resources - bachelor study <br>1 level (LS) Management of Earth Resources - engineering study<br><br><strong>Output: Analytical part of the project - the aim of the work, methodology and methods of researching the work, a description of the actual situation in a particular company, institution.<br><\/strong><br><strong>The complex structure of the semester project II:<br><\/strong>Titlepage<br>Abstract (in a foreign language)<br>Thesis content (a division of chapters, subchapters\u2026)<br>List of figures, graphs, diagrams, tables<br>List of abbreviations and symbols (if present)<br>Glossary of terms (if foreign terms are used very often in the text)<br>Introduction (range of about 1 page, thought entry into the issue, formulation of problems that the author wants to solve, the goal that the work wants to achieve, the possibility of its use in social practice)<br>Core - Theoretical part (introduction, basic concepts, classifications, types, methods, basic conceptual apparatus of the solved problem)<br>The core - Practical - analytical part - contains the methodology of solving the whole semester project in relation to the selected company in which the project will be implemented, a description of the actual situation in the company.<br>Conclusion (summary of the analysis results)<br>References (according to ISO 690)<br>Attachments<\/p>\n\n\n\n<h1 class=\"wp-block-heading has-text-align-center has-black-color has-white-background-color has-text-color has-background has-medium-font-size\"><strong><strong>SEMESTER PROJECT III<\/strong><\/strong><\/h1>\n\n\n\n<p class=\"has-black-color has-text-color has-link-color wp-elements-e3ff5c79954b48fab3a3beb5270e4678\">3 level (ZS) Management of Earth Resources - bachelor study&nbsp;<br>2 level (ZS) Management of Earth Resources - engineering study<br><br><strong>Output: Analytical part of the project - problem analysis in practice and evaluation of analysis results, the design part of the project - evaluation of work results and discussion.<\/strong><br><br><strong>The complex structure of the semester project III:<\/strong> <br>Titlepage<br>Analytical sheet<br>Abstract (in a foreign language)<br>Thesis content (a division of chapters, subchapters\u2026)<br>List of figures, graphs, diagrams, tables<br>List of abbreviations and symbols (if present)<br>Glossary of terms (if foreign terms are used very often in the text)<br>Introduction (range of about 1 page, thought entry into the issue, formulation of problems that the author wants to solve, the goal that the work wants to achieve, the possibility of its use in social practice)<br>Core - Theoretical part (introduction, basic concepts, classifications, types, methods, basic conceptual apparatus)<br>The core - Practical - analytical part - contains the methodology of solving the whole semester project in relation to the selected company, a description of the actual situation in the company, elaboration of an analysis in a particular company, and evaluation of the achieved results. <br>Core - Design part - proposal of possible improvements, recommendation of changes in the company with the possibility of practical application.<br>Conclusion (summary of basic work, proposals, and recommendations)<br>Summary (summary of work results in a foreign language)<br>References (according to ISO 690)<br>Attachments<\/p>\n\n\n\n<p><\/p>","protected":false},"excerpt":{"rendered":"<p>SEMESTR\u00c1LNY PROJEKT I&nbsp; 1. ro\u010dn\u00edk LS odbor Mana\u017e\u00e9rstvo zemsk\u00fdch zdrojov bakal\u00e1rske1. ro\u010dn\u00edk ZS odbor&nbsp;Mana\u017e\u00e9rstvo zemsk\u00fdch zdrojov in\u017einierske&nbsp; V\u00fdstup: Teoretick\u00e1 \u010das\u0165<\/p>","protected":false},"author":2,"featured_media":0,"parent":0,"menu_order":0,"comment_status":"closed","ping_status":"closed","template":"elementor_header_footer","meta":{"colormag_page_container_layout":"no_sidebar_content_centered","colormag_page_sidebar_layout":"no_sidebar","footnotes":""},"class_list":["post-677","page","type-page","status-publish","hentry"],"_links":{"self":[{"href":"https:\/\/www.katarinateplicka.sk\/en\/wp-json\/wp\/v2\/pages\/677","targetHints":{"allow":["GET"]}}],"collection":[{"href":"https:\/\/www.katarinateplicka.sk\/en\/wp-json\/wp\/v2\/pages"}],"about":[{"href":"https:\/\/www.katarinateplicka.sk\/en\/wp-json\/wp\/v2\/types\/page"}],"author":[{"embeddable":true,"href":"https:\/\/www.katarinateplicka.sk\/en\/wp-json\/wp\/v2\/users\/2"}],"replies":[{"embeddable":true,"href":"https:\/\/www.katarinateplicka.sk\/en\/wp-json\/wp\/v2\/comments?post=677"}],"version-history":[{"count":24,"href":"https:\/\/www.katarinateplicka.sk\/en\/wp-json\/wp\/v2\/pages\/677\/revisions"}],"predecessor-version":[{"id":5371,"href":"https:\/\/www.katarinateplicka.sk\/en\/wp-json\/wp\/v2\/pages\/677\/revisions\/5371"}],"wp:attachment":[{"href":"https:\/\/www.katarinateplicka.sk\/en\/wp-json\/wp\/v2\/media?parent=677"}],"curies":[{"name":"wp","href":"https:\/\/api.w.org\/{rel}","templated":true}]}}