{"id":68,"date":"2020-01-13T09:51:46","date_gmt":"2020-01-13T09:51:46","guid":{"rendered":"https:\/\/www.katarinateplicka.sk\/?page_id=68"},"modified":"2025-04-25T07:29:59","modified_gmt":"2025-04-25T07:29:59","slug":"projekty","status":"publish","type":"page","link":"https:\/\/www.katarinateplicka.sk\/en\/projekty\/","title":{"rendered":"PROJECTS"},"content":{"rendered":"<h1 class=\"wp-block-heading has-text-align-left has-white-color has-text-color has-background has-link-color wp-elements-08fff563d9f36fda0ab5c52a0158bcee\" style=\"background-color:#3f9c2d;font-size:15px\"><strong>The research and development process <strong>in the field of Earth Resources Management&nbsp;<\/strong>is carried out through basic and applied research projects. The projects are oriented towards the pedagogical, scientific and application areas. We implement domestic and foreign projects. The orientation of the projects is focused on the strategy of my Scientific School, which is focused on the use of management tools, approaches, methods, techniques of various forms of management with the aim of optimizing corporate resources - production factors. <\/strong><\/h1>\n\n\n\n<div class=\"wp-block-group is-content-justification-center is-nowrap is-layout-flex wp-container-core-group-is-layout-23441af8 wp-block-group-is-layout-flex\">\n<figure class=\"wp-block-image size-large is-resized\"><img fetchpriority=\"high\" decoding=\"async\" width=\"576\" height=\"1024\" src=\"https:\/\/www.katarinateplicka.sk\/wp-content\/uploads\/2020\/11\/plzen-3-1-576x1024.jpg\" alt=\"\" class=\"wp-image-831\" style=\"width:200px;height:auto\" srcset=\"https:\/\/www.katarinateplicka.sk\/wp-content\/uploads\/2020\/11\/plzen-3-1-576x1024.jpg 576w, https:\/\/www.katarinateplicka.sk\/wp-content\/uploads\/2020\/11\/plzen-3-1-169x300.jpg 169w, https:\/\/www.katarinateplicka.sk\/wp-content\/uploads\/2020\/11\/plzen-3-1-768x1365.jpg 768w, https:\/\/www.katarinateplicka.sk\/wp-content\/uploads\/2020\/11\/plzen-3-1-864x1536.jpg 864w, https:\/\/www.katarinateplicka.sk\/wp-content\/uploads\/2020\/11\/plzen-3-1-1152x2048.jpg 1152w, https:\/\/www.katarinateplicka.sk\/wp-content\/uploads\/2020\/11\/plzen-3-1-scaled.jpg 1440w\" sizes=\"(max-width: 576px) 100vw, 576px\" \/><\/figure>\n\n\n\n<figure class=\"wp-block-image size-large is-resized\"><img decoding=\"async\" width=\"768\" height=\"1024\" src=\"https:\/\/www.katarinateplicka.sk\/wp-content\/uploads\/2025\/01\/navsteva-laboratoria-768x1024.jpg\" alt=\"\" class=\"wp-image-3864\" style=\"width:265px;height:auto\" srcset=\"https:\/\/www.katarinateplicka.sk\/wp-content\/uploads\/2025\/01\/navsteva-laboratoria-768x1024.jpg 768w, https:\/\/www.katarinateplicka.sk\/wp-content\/uploads\/2025\/01\/navsteva-laboratoria-225x300.jpg 225w, https:\/\/www.katarinateplicka.sk\/wp-content\/uploads\/2025\/01\/navsteva-laboratoria-1152x1536.jpg 1152w, https:\/\/www.katarinateplicka.sk\/wp-content\/uploads\/2025\/01\/navsteva-laboratoria-1536x2048.jpg 1536w, https:\/\/www.katarinateplicka.sk\/wp-content\/uploads\/2025\/01\/navsteva-laboratoria-9x12.jpg 9w, https:\/\/www.katarinateplicka.sk\/wp-content\/uploads\/2025\/01\/navsteva-laboratoria-scaled.jpg 1920w\" sizes=\"(max-width: 768px) 100vw, 768px\" \/><\/figure>\n\n\n\n<figure class=\"wp-block-image size-large is-resized\"><img decoding=\"async\" width=\"576\" height=\"1024\" src=\"https:\/\/www.katarinateplicka.sk\/wp-content\/uploads\/2020\/11\/ostrava-3-576x1024.jpg\" alt=\"\" class=\"wp-image-857\" style=\"width:196px;height:auto\" srcset=\"https:\/\/www.katarinateplicka.sk\/wp-content\/uploads\/2020\/11\/ostrava-3-576x1024.jpg 576w, https:\/\/www.katarinateplicka.sk\/wp-content\/uploads\/2020\/11\/ostrava-3-169x300.jpg 169w, https:\/\/www.katarinateplicka.sk\/wp-content\/uploads\/2020\/11\/ostrava-3-768x1365.jpg 768w, https:\/\/www.katarinateplicka.sk\/wp-content\/uploads\/2020\/11\/ostrava-3-864x1536.jpg 864w, https:\/\/www.katarinateplicka.sk\/wp-content\/uploads\/2020\/11\/ostrava-3-1152x2048.jpg 1152w, https:\/\/www.katarinateplicka.sk\/wp-content\/uploads\/2020\/11\/ostrava-3-scaled.jpg 1440w\" sizes=\"(max-width: 576px) 100vw, 576px\" \/><\/figure>\n<\/div>\n\n\n\n<figure class=\"wp-block-table aligncenter\"><table class=\"has-white-color has-text-color has-background\" style=\"background-color:#3f9c2d\"><tbody><tr><td class=\"has-text-align-center\" data-align=\"center\"><strong>VEGA projects <\/strong><\/td><td class=\"has-text-align-center\" data-align=\"center\"><strong>KEGA projects <\/strong><\/td><td class=\"has-text-align-center\" data-align=\"center\"><strong>APVV projects <\/strong><\/td><td class=\"has-text-align-center\" data-align=\"center\"><strong>International projects<\/strong><\/td><\/tr><tr><td class=\"has-text-align-center\" data-align=\"center\">16<\/td><td class=\"has-text-align-center\" data-align=\"center\">5<\/td><td class=\"has-text-align-center\" data-align=\"center\">2<\/td><td class=\"has-text-align-center\" data-align=\"center\">4<\/td><\/tr><\/tbody><\/table><\/figure>\n\n\n\n<p class=\"has-text-align-center has-black-color has-text-color has-link-color has-medium-font-size wp-elements-51333cf7918d4206a9b2bea67ad48c75\"><strong>SCIENCE SCHOOL<\/strong><\/p>\n\n\n\n<p class=\"has-black-color has-text-color\" style=\"font-size:15px\"><strong>(2000) diploma thesis<\/strong> in the field of \"21-05-9 Management of processes of extraction and processing of raw materials\", in the study program \"Engineering Management\" with the topic of the diploma thesis: \"Analysis of factors determining the economic efficiency of the company\", supervisor: prof. Ing. Vadimir Vodzinsky, CSc. With this diploma thesis, I focused my direction on<strong> <\/strong>business, strategic and performance management, business economics, accounting, basics of statistics.<\/p>\n\n\n\n<p class=\"has-black-color has-text-color\" style=\"font-size:15px\"><strong>(2003) dissertation<\/strong> in the scientific field \"21-05-9 Management of processes of acquisition and processing of raw materials\", on the topic of the doctoral dissertation: \"Economics of environmentally oriented quality - theoretical possibilities and their applications in production practice\", with the supervisor doc. Ing. \u013dubica Florekov\u00e1, CSc. The scientific focus has expanded to include the areas of environmental management, quality management, project management, innovation management, tax management and crisis management within the framework of solving scientific projects and conducting new subjects in the educational process. &nbsp;<\/p>\n\n\n\n<p class=\"has-black-color has-text-color\" style=\"font-size:15px\"><strong>(2008) habilitation thesis<\/strong> in the field of 5.2.38 \"Acquisition and processing of earth resources\" on the topic of the habilitation thesis: Application of modern trends in cost management in manufacturing enterprises\", where I applied my knowledge from my doctoral studies and the orientation of my scientific school focused on various forms of management with the aim of optimizing economic variables and minimizing company costs and using digitalization in the field of economic and financial analyses through controlling. The habilitation thesis contained innovative management tools that began to be applied in business practice in Slovakia.<\/p>\n\n\n\n<p class=\"has-black-color has-text-color\" style=\"font-size:15px\"><strong>(2021) inaugural monograph<\/strong> in the field of \"acquisition and processing of natural resources\" on the topic: \"Synergy of forms of management in industrial enterprises and their impact on performance\", where I processed knowledge from individual areas of management in terms of optimizing corporate resources. This scientific monograph is focused on the use of management tools, approaches, methods and techniques that, in synergy with various forms of management, improve the economic indicators of industrial enterprises and increase the performance of value-added enterprises. <\/p>\n\n\n\n<p class=\"has-black-color has-text-color\" style=\"font-size:15px\"><strong>(2010-2016) doctoral theses <\/strong>in the position of a supervisor in the field 5.2.38 Acquisition and processing of earth resources\": (1) Ing. \u0160. \u010cepov\u00e1: LCA analysis of the product life cycle as a tool for innovation potential, increasing added value, quality and environmental parameters of the product. (2) Ing. M. Daubner: Analysis of possible ways of measuring the performance of industrial enterprises. (3) Ing. T. Pavlik: Cost management as a tool for increasing the efficiency of business activities. The doctoral theses were oriented towards innovative approaches in environmental management, quality management, innovation management, performance management, and cost management.<\/p>\n\n\n\n<p class=\"has-text-align-center has-black-color has-white-background-color has-text-color has-background has-link-color has-medium-font-size wp-elements-470f4b6ace163e9ae10042a89a513c3c\"><strong>VEGA PROJECTS<\/strong><\/p>\n\n\n\n<p class=\"has-black-color has-text-color has-background has-link-color wp-elements-7eab819190ff7b9785056c78955a09b3\" style=\"background-color:#3f9c2d\"><strong>position: responsible project manager<\/strong>, <strong>project representative<\/strong><\/p>\n\n\n\n<p class=\"has-black-color has-text-color has-link-color wp-elements-3278dad7971cd93de8655501783b295b\">VEGA \u010d. 1\/2574\/05 (1.1.2005 \u2013 31.12.2008) \u2013 Application of modern development trends in the field of managerial decision-making in manufacturing companies as a prerequisite for building world-class companies. Certificate of successful completion of the project.<br>VEGA No. 1\/0002\/08 (1.1.2008 \u2013 31.12.2010) \u2013 Use of environmental tools in the process of ensuring economic and environmental harmonization of manufacturing enterprises. Certificate of successful completion of the project.<br>VEGA \u010d.1\/0004\/11 (1.1.2011-31.12.2013) \u2013 Proposal of methodology for implementation and evaluation of the Kaizen system in the conditions of small and medium businesses in the Slovak Republic. Certificate of successful completion of the project.<br>VEGA No. 1\/0961\/13 (1.1.2013- 31.12.2015) \u2013 Process management of local government. Certificate of successful completion of the project.<\/p>\n\n\n\n<p class=\"has-black-color has-text-color has-background has-link-color wp-elements-6d9f7abded40514690bb17bca95f5c40\" style=\"background-color:#3f9c2d\"><strong>position: project researcher<\/strong><\/p>\n\n\n\n<p class=\"has-black-color has-text-color has-link-color wp-elements-b49e2efcdce0e1386e053544ae38b92f\" style=\"font-size:15px\">VEGA No. 1\/0380\/25 (1.1.2025 \u2013 31.12.2028) \u2013 Research into logistics systems based on educational robot models and computer simulation. <br>VEGA No. 1\/0114\/25 (1.1.2025 \u2013 31.12.2028) \u2013 Study of the performance properties and sustainability of active logistics elements of belt transport.<br>VEGA No. 1\/0317\/19  (1.1.2019 \u2013 31.12.2022) \u2013 Research and development of new SMART solutions based on the principles of Industry 4.0, logistics, 3D modeling and simulation to streamline production in the mining and construction industries. Certificate of successful completion of the project.<br>VEGA No. 1\/0651\/2018 (1.1.2018 \u2013 31.12.2020) \u2013  Research into the impact of the institutional environment on corporate social responsibility, customer satisfaction and performance. Certificate of successful completion of the project.<br>VEGA no. 1\/0741\/16 (2016-2018): \"Controlling industrial innovation to maintain and improve their competitiveness\". Certificate of successful completion of the project.<br>VEGA no. 1\/0669\/13 (012013-122015) Proactive crisis management of industrial enterprises based on the concept of controlling. Certificate of successful completion of the project.<br>VEGA No. 1\/0370\/10 (1.1. 2010 \u2013 31.12. 2011) \u2013 Investigation of the environmental impacts of underground coal gasification technologies in Slovak conditions. Certificate of successful completion of the project.<br>VEGA \u010d. 1\/0270\/08 (1.1.2008 \u2013 31.12.2010) \u2013 Design of a model of knowledge management in the company and evaluation of an investment in human capital as a prerequisite for increasing the competitiveness of the entity. Certificate of successful completion of the project.<br>VEGA No. 1\/4168\/07 (1.1.2007 \u2013 31.12.2009) \u2013 Optimization of technical and economic parameters of loading, transportation and storage of mineral raw materials. Certificate of successful completion of the project.<br>VEGA No. 1\/0360\/03 (1.1.2003 \u2013 31.12.2005) \u2013 Evaluation of the level of the applied form of division and cooperation of labor in the mining industry of Slovakia. Certificate of successful completion of the project.<br>VEGA No. 1\/9358\/02 (1.1.2002 \u2013 31.12.2004) \u2013 Model solution for marketing management of a mining organization. Certificate of successful completion of the project.<br>VEGA No. 1\/8072\/01 (1.1.2001 \u2013 31.12.2003) \u2013 Comprehensive reengineering of a mining enterprise. Certificate of successful completion of the project.<\/p>\n\n\n\n<p class=\"has-text-align-center has-black-color has-text-color has-link-color has-medium-font-size wp-elements-adc8229769c16a3ab490f2b4b18de41d\"><strong>KEGA PROJECTS<\/strong><\/p>\n\n\n\n<p class=\"has-black-color has-text-color has-background has-link-color wp-elements-d04020c199823272591871df3481944b\" style=\"background-color:#3f9c2d\"><strong>position: responsible project manager<\/strong><\/p>\n\n\n\n<p class=\"has-black-color has-text-color has-link-color wp-elements-8518427f24fedbe7ad1b684ed9ab010f\">KEGA no. 002TUKE-4\/2017 (1.1.2017-31.12.2019) Innovative didactic methods in the pedagogical process at universities and their importance for increasing the pedagogical mastery of teachers and the development of student competencies. Certificate of successful completion of the project.<\/p>\n\n\n<h6 style=\"text-align: center;\"><span style=\"color: #008000;\"><strong><a style=\"color: #008000;\" href=\"https:\/\/didaktika-kega-projekt.webnode.sk\/\">LINK OF PROJECT <\/a><\/strong><\/span><\/h6>\n\n\n<p class=\"has-black-color has-text-color has-link-color wp-elements-44afdc7305206d1156cbcddc79ed1343\" style=\"font-size:15px\">KEGA No. 013TUKE-4\/2025 (1.1.2025-31.12.2027) \u2013 Implementation of an innovative spectrum of educational methods in the study program Rescue, Fire and Safety Technology and Geotourism. <\/p>\n\n\n\n<p class=\"has-black-color has-text-color has-background has-link-color wp-elements-6d9f7abded40514690bb17bca95f5c40\" style=\"background-color:#3f9c2d\"><strong>position: project researcher<\/strong><\/p>\n\n\n\n<p class=\"has-black-color has-text-color has-link-color wp-elements-9a6cf6b9284ba5aa660ee126e2e32d81\">KEGA \u010d. 010TUKE-4\/2023 (1.1.2023-31.12.2025) - - Application of educational robots in the process of teaching the study program industrial logistics.  Certificate of successful completion of the project.<br>KEGA \u010d. 009TUKE-4\/2020 (1.1.2020-31.12.2022) \u2013 Transfer of digitization into education in the study program Business Management and Economics. Certificate of successful completion of the project.<br>KEGA \u010d. 049TUKE-4\/2019 (1.1.2019-31.12.2021) \u2013 Education of foreign students with emphasis on the creation of key competencies in the context of building a career and inclusion in the labor market in Slovakia. Certificate of successful completion of the project.<\/p>\n\n\n\n<p class=\"has-text-align-center has-black-color has-text-color has-link-color has-medium-font-size wp-elements-1426bc3cbf8ccee46d4f423b5092a61f\"><strong>APVV PROJECTS<\/strong><\/p>\n\n\n\n<p class=\"has-black-color has-text-color has-background has-link-color wp-elements-6d9f7abded40514690bb17bca95f5c40\" style=\"background-color:#3f9c2d\"><strong>position: project researcher<\/strong><\/p>\n\n\n\n<p class=\"has-black-color has-text-color has-link-color wp-elements-7cd4d968d43f91a81e7526ebdc7f232d\">APVV (1.1.2004 \u2013 31.12.2006) \u2013 Partnership Support Program 2004<strong> <\/strong>\"Development and support of education\" - Virtual company logistics laboratory.<\/p>\n\n\n\n<p class=\"has-black-color has-text-color has-link-color wp-elements-48f9432e9611650a23b22e1be1ed8c50\">APVV -0634-11 (1.1.2012-31.12.2014) &#8211; <strong> <\/strong>Forecasting corporate bankruptcy in a crisis period focused on Slovak market conditions.<\/p>\n\n\n\n<p class=\"has-black-color has-text-color has-link-color wp-elements-9ac00cf961d1ea846fe5a532228b76c6\"><\/p>\n\n\n\n<p class=\"has-text-align-center has-black-color has-text-color has-link-color has-medium-font-size wp-elements-aa285f7ce5d61fa6772fded4120d0f3a\"><strong>INTERNATIONAL PROJECTS<\/strong><\/p>\n\n\n\n<p class=\"has-black-color has-text-color has-background has-link-color wp-elements-6d9f7abded40514690bb17bca95f5c40\" style=\"background-color:#3f9c2d\"><strong>position: project researcher<\/strong><\/p>\n\n\n\n<p class=\"has-black-color has-text-color has-link-color wp-elements-27f1f094827b2b1f55d7ff78136d2ae1\">ITMS 313011T567 \u2013 New possibilities and approaches to optimization within logistics processes in the field of transport and transportation systems. <br>No. 18197 HORIZON 2020 &#8211; EIT RAW MATERIALS PROJECT LIMBRA:&nbsp; Become a stay -at- home entrepreneur! <br>ITMS2014+ 313011T564 \u2013 Research into the impacts of implementing alternative energy sources into energy management processes in industrial sectors.<br>ITMS 26110230018 \u2013 Package of innovative elements for education reform at TUKE.<\/p>\n\n\n\n<p class=\"has-black-color has-text-color\">&nbsp;<\/p>\n\n\n\n<p><\/p>","protected":false},"excerpt":{"rendered":"<p>V\u00fdskumno &#8211; v\u00fdvojov\u00fd proces v odbore Mana\u017e\u00e9rstvo zemsk\u00fdch zdrojov&nbsp;realizujeme prostredn\u00edctvom projektov z\u00e1kladn\u00e9ho a aplikovan\u00e9ho v\u00fdskumu. Projekty s\u00fa orientovan\u00e9 na pedagogick\u00fa,<\/p>","protected":false},"author":2,"featured_media":0,"parent":0,"menu_order":5,"comment_status":"closed","ping_status":"closed","template":"","meta":{"colormag_page_container_layout":"no_sidebar_content_centered","colormag_page_sidebar_layout":"no_sidebar","footnotes":""},"class_list":["post-68","page","type-page","status-publish","hentry"],"_links":{"self":[{"href":"https:\/\/www.katarinateplicka.sk\/en\/wp-json\/wp\/v2\/pages\/68","targetHints":{"allow":["GET"]}}],"collection":[{"href":"https:\/\/www.katarinateplicka.sk\/en\/wp-json\/wp\/v2\/pages"}],"about":[{"href":"https:\/\/www.katarinateplicka.sk\/en\/wp-json\/wp\/v2\/types\/page"}],"author":[{"embeddable":true,"href":"https:\/\/www.katarinateplicka.sk\/en\/wp-json\/wp\/v2\/users\/2"}],"replies":[{"embeddable":true,"href":"https:\/\/www.katarinateplicka.sk\/en\/wp-json\/wp\/v2\/comments?post=68"}],"version-history":[{"count":140,"href":"https:\/\/www.katarinateplicka.sk\/en\/wp-json\/wp\/v2\/pages\/68\/revisions"}],"predecessor-version":[{"id":5396,"href":"https:\/\/www.katarinateplicka.sk\/en\/wp-json\/wp\/v2\/pages\/68\/revisions\/5396"}],"wp:attachment":[{"href":"https:\/\/www.katarinateplicka.sk\/en\/wp-json\/wp\/v2\/media?parent=68"}],"curies":[{"name":"wp","href":"https:\/\/api.w.org\/{rel}","templated":true}]}}