{"id":70,"date":"2020-01-13T09:52:07","date_gmt":"2020-01-13T09:52:07","guid":{"rendered":"https:\/\/www.katarinateplicka.sk\/?page_id=70"},"modified":"2026-01-22T13:10:05","modified_gmt":"2026-01-22T13:10:05","slug":"publikacna-cinnost","status":"publish","type":"page","link":"https:\/\/www.katarinateplicka.sk\/en\/publikacna-cinnost\/","title":{"rendered":"PUBLISHING ACTIVITY"},"content":{"rendered":"<div data-elementor-type=\"wp-page\" data-elementor-id=\"70\" class=\"elementor elementor-70\">\n\t\t\t\t\t\t<section class=\"elementor-section elementor-top-section elementor-element elementor-element-1e058a10 elementor-section-boxed elementor-section-height-default elementor-section-height-default\" data-id=\"1e058a10\" data-element_type=\"section\" data-e-type=\"section\">\n\t\t\t\t\t\t<div class=\"elementor-container elementor-column-gap-default\">\n\t\t\t\t\t<div class=\"elementor-column elementor-col-100 elementor-top-column elementor-element elementor-element-22d52e32\" data-id=\"22d52e32\" data-element_type=\"column\" data-e-type=\"column\">\n\t\t\t<div class=\"elementor-widget-wrap elementor-element-populated\">\n\t\t\t\t\t\t<div class=\"elementor-element elementor-element-341a9536 elementor-widget elementor-widget-text-editor\" data-id=\"341a9536\" data-element_type=\"widget\" data-e-type=\"widget\" data-widget_type=\"text-editor.default\">\n\t\t\t\t<div class=\"elementor-widget-container\">\n\t\t\t\t\t\t\t\t\t<p><\/p>\n<p class=\"has-white-color has-text-color has-background\" style=\"background-color:#3f9c2d\"><strong>As part of our publishing activity, we prepare professional, scientific, and pedagogical publications. In the professional field, we focus on professional contributions, professional books, professional university textbooks, professional scripts, and professional monographs. As part of scientific publications, we focus on scientific contributions in indexed journals, and scientific monographs. In the field of pedagogical publications, we prepare publications focused on the pedagogical process and improving the quality of the pedagogical process, various monographs, books, exercise books, textbooks, scripts, and methodologies. <\/strong><\/p>\n<p><\/p>\n<p><\/p>\n<figure class=\"wp-block-image aligncenter size-large is-resized\"><img fetchpriority=\"high\" decoding=\"async\" width=\"1024\" height=\"317\" src=\"https:\/\/www.katarinateplicka.sk\/wp-content\/uploads\/2020\/01\/monografie-1024x317.png\" alt=\"\" class=\"wp-image-435\" style=\"width:630px;height:auto\" srcset=\"https:\/\/www.katarinateplicka.sk\/wp-content\/uploads\/2020\/01\/monografie-1024x317.png 1024w, https:\/\/www.katarinateplicka.sk\/wp-content\/uploads\/2020\/01\/monografie-300x93.png 300w, https:\/\/www.katarinateplicka.sk\/wp-content\/uploads\/2020\/01\/monografie-768x238.png 768w, https:\/\/www.katarinateplicka.sk\/wp-content\/uploads\/2020\/01\/monografie-1536x475.png 1536w, https:\/\/www.katarinateplicka.sk\/wp-content\/uploads\/2020\/01\/monografie.png 1606w\" sizes=\"(max-width: 1024px) 100vw, 1024px\" \/><\/figure>\n<p><\/p>\n<figure style=\"font-size: 12px;\">\n<table>\n<tbody>\n<tr>\n<td style=\"text-align: center;\" data-align=\"center\"><strong>A<\/strong><\/td>\n<td style=\"text-align: center;\">&nbsp;<\/td>\n<td style=\"text-align: center;\" data-align=\"center\"><strong><span style=\"color: #000000;\">B<\/span><\/strong><\/td>\n<td style=\"text-align: center;\">&nbsp;<\/td>\n<td style=\"text-align: center;\"><strong><span style=\"color: #000000;\">C<\/span><\/strong><\/td>\n<td style=\"text-align: center;\">&nbsp;<\/td>\n<td style=\"text-align: center;\"><strong><span style=\"color: #000000;\">D<\/span><\/strong><\/td>\n<td style=\"text-align: center;\">&nbsp;<\/td>\n<td style=\"text-align: center;\"><strong><span style=\"color: #000000;\">N<\/span><\/strong><\/td>\n<td style=\"text-align: center;\">&nbsp;<\/td>\n<td style=\"text-align: center;\"><strong><span style=\"color: #000000;\">S<\/span><\/strong><\/td>\n<td style=\"text-align: center;\">&nbsp;<\/td>\n<td style=\"text-align: center;\"><strong><span style=\"color: #000000;\">O<\/span><\/strong><\/td>\n<td style=\"text-align: center;\">&nbsp;<\/td>\n<td style=\"text-align: center;\"><strong><span style=\"color: #000000;\">P<\/span><\/strong><\/td>\n<td style=\"text-align: center;\">&nbsp;<\/td>\n<\/tr>\n<tr>\n<td style=\"text-align: center;\" data-align=\"center\"><strong><span style=\"color: #000000;\">AAA<\/span><\/strong><\/td>\n<td style=\"text-align: center;\"><strong><span style=\"color: #000000;\">10<\/span><\/strong><\/td>\n<td style=\"text-align: center;\" data-align=\"center\"><strong><span style=\"color: #000000;\">ADC<\/span><\/strong><\/td>\n<td style=\"text-align: center;\"><strong><span style=\"color: #000000;\">6<\/span><\/strong><\/td>\n<td style=\"text-align: center;\"><strong><span style=\"color: #000000;\">ADE<\/span><\/strong><\/td>\n<td style=\"text-align: center;\"><strong><span style=\"color: #000000;\">43<\/span><\/strong><\/td>\n<td style=\"text-align: center;\"><strong><span style=\"color: #000000;\">AEF<\/span><\/strong><\/td>\n<td style=\"text-align: center;\"><strong><span style=\"color: #000000;\">3<\/span><\/strong><\/td>\n<td style=\"text-align: center;\"><strong><span style=\"color: #000000;\">ADM<\/span><\/strong><\/td>\n<td style=\"text-align: center;\"><strong><span style=\"color: #000000;\">12<\/span><\/strong><\/td>\n<td style=\"text-align: center;\"><strong><span style=\"color: #000000;\">V1<\/span><\/strong><\/td>\n<td style=\"text-align: center;\"><strong><span style=\"color: #000000;\">2<\/span><\/strong><\/td>\n<td style=\"text-align: center;\"><strong><span style=\"color: #000000;\">O1<\/span><\/strong><\/td>\n<td style=\"text-align: center;\"><strong><span style=\"color: #000000;\">4<\/span><\/strong><\/td>\n<td style=\"text-align: center;\"><strong><span style=\"color: #000000;\">P1<\/span><\/strong><\/td>\n<td style=\"text-align: center;\"><strong><span style=\"color: #000000;\">6<\/span><\/strong><\/td>\n<\/tr>\n<tr>\n<td style=\"text-align: center;\" data-align=\"center\"><strong><span style=\"color: #000000;\">AAB<\/span><\/strong><\/td>\n<td style=\"text-align: center;\"><strong><span style=\"color: #000000;\">8<\/span><\/strong><\/td>\n<td style=\"text-align: center;\" data-align=\"center\"><strong><span style=\"color: #000000;\">ADD<\/span><\/strong><\/td>\n<td style=\"text-align: center;\"><strong><span style=\"color: #000000;\">2<\/span><\/strong><\/td>\n<td style=\"text-align: center;\"><strong><span style=\"color: #000000;\">ADF<\/span><\/strong><\/td>\n<td style=\"text-align: center;\"><strong><span style=\"color: #000000;\">129<\/span><\/strong><\/td>\n<td style=\"text-align: center;\"><strong><span style=\"color: #000000;\">AGI<\/span><\/strong><\/td>\n<td style=\"text-align: center;\"><strong><span style=\"color: #000000;\">2<\/span><\/strong><\/td>\n<td style=\"text-align: center;\"><strong><span style=\"color: #000000;\">ADN<\/span><\/strong><\/td>\n<td style=\"text-align: center;\"><strong><span style=\"color: #000000;\">6<\/span><\/strong><\/td>\n<td style=\"text-align: center;\"><strong><span style=\"color: #000000;\">V2<\/span><\/strong><\/td>\n<td style=\"text-align: center;\"><strong><span style=\"color: #000000;\">3<\/span><\/strong><\/td>\n<td style=\"text-align: center;\"><strong><span style=\"color: #000000;\">O3<\/span><\/strong><\/td>\n<td style=\"text-align: center;\"><strong><span style=\"color: #000000;\">2<\/span><\/strong><\/td>\n<td>&nbsp;<\/td>\n<td>&nbsp;<\/td>\n<\/tr>\n<tr>\n<td style=\"text-align: center;\" data-align=\"center\"><strong><span style=\"color: #000000;\">ABD<\/span><\/strong><\/td>\n<td style=\"text-align: center;\"><strong><span style=\"color: #000000;\">2<\/span><\/strong><\/td>\n<td style=\"text-align: center;\" data-align=\"center\">&nbsp;<\/td>\n<td style=\"text-align: center;\">&nbsp;<\/td>\n<td style=\"text-align: center;\"><strong><span style=\"color: #000000;\">AEC<\/span><\/strong><\/td>\n<td style=\"text-align: center;\"><strong><span style=\"color: #000000;\">6<\/span><\/strong><\/td>\n<td style=\"text-align: center;\"><strong><span style=\"color: #000000;\">BEF<\/span><\/strong><\/td>\n<td style=\"text-align: center;\"><strong><span style=\"color: #000000;\">1<\/span><\/strong><\/td>\n<td style=\"text-align: center;\">&nbsp;<\/td>\n<td style=\"text-align: center;\">&nbsp;<\/td>\n<td style=\"text-align: center;\"><strong><span style=\"color: #000000;\">V3<\/span><\/strong><\/td>\n<td style=\"text-align: center;\"><strong><span style=\"color: #000000;\">26<\/span><\/strong><\/td>\n<td style=\"text-align: center;\">&nbsp;<\/td>\n<td>&nbsp;<\/td>\n<td>&nbsp;<\/td>\n<td>&nbsp;<\/td>\n<\/tr>\n<tr>\n<td style=\"text-align: center;\" data-align=\"center\"><strong><span style=\"color: #000000;\">ACA<\/span><\/strong><\/td>\n<td style=\"text-align: center;\"><strong><span style=\"color: #000000;\">3<\/span><\/strong><\/td>\n<td style=\"text-align: center;\" data-align=\"center\">&nbsp;<\/td>\n<td style=\"text-align: center;\">&nbsp;<\/td>\n<td style=\"text-align: center;\"><strong><span style=\"color: #000000;\">AED<\/span><\/strong><\/td>\n<td style=\"text-align: center;\"><strong><span style=\"color: #000000;\">25<\/span><\/strong><\/td>\n<td style=\"text-align: center;\"><strong><span style=\"color: #000000;\">DAI<\/span><\/strong><\/td>\n<td style=\"text-align: center;\"><strong><span style=\"color: #000000;\">2<\/span><\/strong><\/td>\n<td style=\"text-align: center;\">&nbsp;<\/td>\n<td>&nbsp;<\/td>\n<td>&nbsp;<\/td>\n<td>&nbsp;<\/td>\n<td>&nbsp;<\/td>\n<td>&nbsp;<\/td>\n<td>&nbsp;<\/td>\n<td>&nbsp;<\/td>\n<\/tr>\n<tr>\n<td style=\"text-align: center;\" data-align=\"center\"><strong><span style=\"color: #000000;\">ACB<\/span><\/strong><\/td>\n<td style=\"text-align: center;\"><strong><span style=\"color: #000000;\">7<\/span><\/strong><\/td>\n<td style=\"text-align: center;\" data-align=\"center\">&nbsp;<\/td>\n<td style=\"text-align: center;\">&nbsp;<\/td>\n<td style=\"text-align: center;\"><strong><span style=\"color: #000000;\">AFB<\/span><\/strong><\/td>\n<td style=\"text-align: center;\"><strong><span style=\"color: #000000;\">1<\/span><\/strong><\/td>\n<td style=\"text-align: center;\"><strong><span style=\"color: #000000;\">GAI<\/span><\/strong><\/td>\n<td style=\"text-align: center;\"><strong><span style=\"color: #000000;\">6<\/span><\/strong><\/td>\n<td style=\"text-align: center;\">&nbsp;<\/td>\n<td style=\"text-align: center;\">&nbsp;<\/td>\n<td style=\"text-align: center;\">&nbsp;<\/td>\n<td style=\"text-align: center;\">&nbsp;<\/td>\n<td style=\"text-align: center;\">&nbsp;<\/td>\n<td style=\"text-align: center;\">&nbsp;<\/td>\n<td style=\"text-align: center;\"><strong><span style=\"color: #000000;\">D<\/span><\/strong><\/td>\n<td style=\"text-align: center;\">&nbsp;<\/td>\n<\/tr>\n<tr>\n<td style=\"text-align: center;\" data-align=\"center\"><strong><span style=\"color: #000000;\">BAB<\/span><\/strong><\/td>\n<td style=\"text-align: center;\"><strong><span style=\"color: #000000;\">2<\/span><\/strong><\/td>\n<td style=\"text-align: center;\" data-align=\"center\">&nbsp;<\/td>\n<td style=\"text-align: center;\">&nbsp;<\/td>\n<td style=\"text-align: center;\"><strong><span style=\"color: #000000;\">AFC<\/span><\/strong><\/td>\n<td style=\"text-align: center;\"><strong><span style=\"color: #000000;\">24<\/span><\/strong><\/td>\n<td style=\"text-align: center;\"><strong><span style=\"color: #000000;\">GII<\/span><\/strong><\/td>\n<td style=\"text-align: center;\"><strong><span style=\"color: #000000;\">2<\/span><\/strong><\/td>\n<td style=\"text-align: center;\">&nbsp;<\/td>\n<td>&nbsp;<\/td>\n<td>&nbsp;<\/td>\n<td>&nbsp;<\/td>\n<td>&nbsp;<\/td>\n<td>&nbsp;<\/td>\n<td style=\"text-align: center;\"><strong><span style=\"color: #000000;\">D1<\/span><\/strong><\/td>\n<td style=\"text-align: center;\"><strong><span style=\"color: #000000;\">1<\/span><\/strong><\/td>\n<\/tr>\n<tr>\n<td style=\"text-align: center;\" data-align=\"center\"><strong><span style=\"color: #000000;\">BCI<\/span><\/strong><\/td>\n<td style=\"text-align: center;\"><strong><span style=\"color: #000000;\">8<\/span><\/strong><\/td>\n<td style=\"text-align: center;\" data-align=\"center\">&nbsp;<\/td>\n<td style=\"text-align: center;\">&nbsp;<\/td>\n<td style=\"text-align: center;\"><strong><span style=\"color: #000000;\">AFD<\/span><\/strong><\/td>\n<td style=\"text-align: center;\"><strong><span style=\"color: #000000;\">38<\/span><\/strong><\/td>\n<td style=\"text-align: center;\">&nbsp;<\/td>\n<td>&nbsp;<\/td>\n<td>&nbsp;<\/td>\n<td>&nbsp;<\/td>\n<td>&nbsp;<\/td>\n<td>&nbsp;<\/td>\n<td>&nbsp;<\/td>\n<td>&nbsp;<\/td>\n<td>&nbsp;<\/td>\n<td>&nbsp;<\/td>\n<\/tr>\n<tr>\n<td style=\"text-align: center;\" data-align=\"center\"><strong><span style=\"color: #000000;\">FAI<\/span><\/strong><\/td>\n<td style=\"text-align: center;\"><strong><span style=\"color: #000000;\">6<\/span><\/strong><\/td>\n<td style=\"text-align: center;\" data-align=\"center\">&nbsp;<\/td>\n<td style=\"text-align: center;\">&nbsp;<\/td>\n<td style=\"text-align: center;\"><strong><span style=\"color: #000000;\">AFG<\/span><\/strong><\/td>\n<td style=\"text-align: center;\"><strong><span style=\"color: #000000;\">2<\/span><\/strong><\/td>\n<td>&nbsp;<\/td>\n<td>&nbsp;<\/td>\n<td>&nbsp;<\/td>\n<td>&nbsp;<\/td>\n<td>&nbsp;<\/td>\n<td>&nbsp;<\/td>\n<td>&nbsp;<\/td>\n<td>&nbsp;<\/td>\n<td>&nbsp;<\/td>\n<td>&nbsp;<\/td>\n<\/tr>\n<tr>\n<td style=\"text-align: center;\" data-align=\"center\"><strong><span style=\"color: #000000;\">ACD<\/span><\/strong><\/td>\n<td style=\"text-align: center;\"><strong><span style=\"color: #000000;\">1<\/span><\/strong><\/td>\n<td style=\"text-align: center;\" data-align=\"center\">&nbsp;<\/td>\n<td style=\"text-align: center;\">&nbsp;<\/td>\n<td style=\"text-align: center;\"><strong><span style=\"color: #000000;\">AFH<\/span><\/strong><\/td>\n<td style=\"text-align: center;\"><strong><span style=\"color: #000000;\">11<\/span><\/strong><\/td>\n<td>&nbsp;<\/td>\n<td>&nbsp;<\/td>\n<td>&nbsp;<\/td>\n<td>&nbsp;<\/td>\n<td>&nbsp;<\/td>\n<td>&nbsp;<\/td>\n<td>&nbsp;<\/td>\n<td>&nbsp;<\/td>\n<td>&nbsp;<\/td>\n<td>&nbsp;<\/td>\n<\/tr>\n<tr>\n<td data-align=\"center\">&nbsp;<\/td>\n<td>&nbsp;<\/td>\n<td data-align=\"center\">&nbsp;<\/td>\n<td>&nbsp;<\/td>\n<td style=\"text-align: center;\"><strong><span style=\"color: #000000;\">BDE<\/span><\/strong><\/td>\n<td style=\"text-align: center;\"><strong><span style=\"color: #000000;\">6<\/span><\/strong><\/td>\n<td style=\"text-align: center;\">&nbsp;<\/td>\n<td style=\"text-align: center;\">&nbsp;<\/td>\n<td style=\"text-align: center;\">&nbsp;<\/td>\n<td style=\"text-align: center;\">&nbsp;<\/td>\n<td style=\"text-align: center;\">&nbsp;<\/td>\n<td style=\"text-align: center;\">&nbsp;<\/td>\n<td style=\"text-align: center;\">&nbsp;<\/td>\n<td style=\"text-align: center;\">&nbsp;<\/td>\n<td style=\"text-align: center;\">&nbsp;<\/td>\n<td style=\"text-align: center;\">&nbsp;<\/td>\n<\/tr>\n<tr>\n<td data-align=\"center\">&nbsp;<\/td>\n<td>&nbsp;<\/td>\n<td data-align=\"center\">&nbsp;<\/td>\n<td>&nbsp;<\/td>\n<td style=\"text-align: center;\"><strong><span style=\"color: #000000;\">BDF<\/span><\/strong><\/td>\n<td style=\"text-align: center;\"><strong><span style=\"color: #000000;\">32<\/span><\/strong><\/td>\n<td>&nbsp;<\/td>\n<td>&nbsp;<\/td>\n<td>&nbsp;<\/td>\n<td>&nbsp;<\/td>\n<td>&nbsp;<\/td>\n<td>&nbsp;<\/td>\n<td>&nbsp;<\/td>\n<td>&nbsp;<\/td>\n<td>&nbsp;<\/td>\n<td>&nbsp;<\/td>\n<\/tr>\n<tr>\n<td style=\"text-align: center;\" data-align=\"center\">&nbsp;<\/td>\n<td style=\"text-align: center;\">&nbsp;<\/td>\n<td style=\"text-align: center;\" data-align=\"center\">&nbsp;<\/td>\n<td style=\"text-align: center;\">&nbsp;<\/td>\n<td style=\"text-align: center;\"><strong><span style=\"color: #000000;\">BED<\/span><\/strong><\/td>\n<td style=\"text-align: center;\"><strong><span style=\"color: #000000;\">4<\/span><\/strong><\/td>\n<td style=\"text-align: center;\">&nbsp;<\/td>\n<td style=\"text-align: center;\">&nbsp;<\/td>\n<td>&nbsp;<\/td>\n<td>&nbsp;<\/td>\n<td>&nbsp;<\/td>\n<td>&nbsp;<\/td>\n<td>&nbsp;<\/td>\n<td>&nbsp;<\/td>\n<td>&nbsp;<\/td>\n<td>&nbsp;<\/td>\n<\/tr>\n<\/tbody>\n<\/table>\n<figcaption><strong><span style=\"color: #000000;\">PO\u010cET PUBLIK\u00c1CI\u00cd&nbsp; 459<\/span><\/strong><\/figcaption>\n<\/figure>\n<h1 style=\"text-align: center;\"><a href=\"https:\/\/epc.portal.tuke.sk\/#\/vystupy\"><strong>LINK<\/strong><\/a><\/h1>\n<h4>&nbsp;<\/h4>\n<h5 style=\"text-align: center;\"><span style=\"color: #000000;\"><strong style=\"font-family: 'Open Sans', sans-serif; font-size: 30px;\">Monographs and Textbooks<\/strong><\/span><\/h5>\n<p><span style=\"color: #000000;\">(AAA)<strong> Operational analysis in the practice of industrial enterprises. <\/strong>V\u0160B-TU Ostrava, 2019. 110 s. <\/span><span style=\"color: #000000;\">ISBN 978-80-248-4316-2.<\/span><br><span style=\"color: #000000;\">(AAA) <strong>Optimizing methods and their using in praxis.&nbsp; <\/strong>TU Ko\u0161ice, 2015. 65 s. ISBN 978-80-553-0972-8.&nbsp;<\/span><br><span style=\"color: #000000;\"> (AAA)<strong> Quantitative models of operations research. <\/strong>V\u0160B-TU Ostrava, 2016. 110 s. ISBN 978-80-248-3946-2. <\/span><br><span style=\"color: #000000;\">(AAA) <strong>Application of operational analysis tools in a mining enterprise. <\/strong>F BERG Ko\u0161ice, 2012. 113 s. ISBN 978-80-553-0915-6.<\/span><br><span style=\"color: #000000;\">(AAA)<strong> Modern trends in management accounting. <\/strong>F BERG Ko\u0161ice, 2012. 93 s. ISBN 978-80-553-0916-3. <\/span><br><span style=\"color: #000000;\">(AAA)<strong> Management tools as a support tool in industrial companies. <\/strong>V\u0160B TU Ostrava, 2017, 80 s. ISBN 978-80-248-4054-3.<\/span><br><span style=\"color: #000000;\"> (AAA)<strong> Trend analyzes of basic institutes of the tax process. <\/strong>V\u0160B TU Ostrava, 2017, 80 s. ISBN 978-80-248-4053-6<\/span><br><span style=\"color: #000000;\">(ABD)<strong> Management of supporting business processes in small and medium enterprises. <\/strong>DF Zvolen, 2013, 82-109 s. ISBN 978-80-228-2579-5.&nbsp;&nbsp;<\/span><br><span style=\"color: #000000;\">(AAA)<strong> Process view of company costs and their impact on efficiency. <\/strong>TU Ostrava, 2015, 66 s.&nbsp; ISBN 978-80-248-3697-3.<\/span><br><span style=\"color: #000000;\">(AAA)<strong> Profit management tools and their benefits in business practice.<\/strong> TU Ko\u0161ice, 2014. 76 s. ISBN 978-80-553-1955-1.<\/span><br><span style=\"color: #000000;\">(ABD) <strong>Modern trends in small and medium enterprises. Cost controlling. <\/strong>TU Zvolen, 2011, 67-91 s. ISBN 978-80-228-2281-7.<\/span><br><span style=\"color: #000000;\">(AAB)<strong> Management of managerial processes in the public sector and methods of their evaluation. <\/strong>TU Ko\u0161ice, 2018. 77 s. ISBN 978-80-553-3287-1.<\/span><br><span style=\"color: #000000;\">(AAB) <strong>Application of various methods of management and marketing in praxis. <\/strong> Inter M&amp;K, spol.s.r.o., Ko\u0161ice, 2019. ISBN 978-80-970118-7-1.<\/span><br><span style=\"color: #000000;\"> (AAB) <strong>Environmental policy tools and their benefits in practice. <\/strong>F BERG Ko\u0161ice, 2012. 94 s. ISBN 978-80-553-0917-0.<\/span><br><span style=\"color: #000000;\">(AAA)<strong> Kaizen is small and medium business. <\/strong>V\u0160B-TU Ostrava, 2015. 65 s. ISBN 978-80-248-3703-1.&nbsp;<\/span><br><span style=\"color: #000000;\">(ACA)<strong> Quality management. <\/strong>V\u0160B -TU Ostrava, 2019. 66 s. ISBN 978-80-248-4315-5.<\/span><br><span style=\"color: #000000;\">(AAB)<strong> Increasing pedagogical mastery through e-learning. <\/strong>FBERG Ko\u0161ice, 2016. 65 s. ISBN 978-80-553-2516-3.<\/span><br><span style=\"color: #000000;\">(AAA) <strong>Economic of quality &#8211; key elements of the quality management system. <\/strong>Alba Iulia: Aeternitas Publishing House, 2017. 107 s. ISBN 978-606-613-148-3. <\/span><br><span style=\"color: #000000;\">(AAA)<strong> Using new trends in praxis and economic gain for the firms. <\/strong>V\u0160B-TU Ostrava, 2014. 65 s. ISBN 978-80-248-3632-4.<\/span><br><span style=\"color: #000000;\">(ABD)<strong> Taxes and their impact on the business sector in Slovakia. <\/strong>&nbsp;Taxes and Taxation Trends. &#8211; London, Intech Open, 2018, 41-57 s. ISBN 978-1-78923-098-7.<br>(AAA) <strong>Smart economic-logistic methods based on the principle of Industry 4.0 and their significance for efficiency. <\/strong>V\u0160B TU, 2022. 86 s. ISBN 978-80-248-4619-4. <\/span><br><span style=\"color: #000000;\">(AAA)<strong> The synergy of forms of management in industrial enterprises and their impact on performance.<\/strong> Ostrava, V\u0160B TU, 2021. 93 s. ISBN 978-80-248-4500-5. <strong><a href=\"https:\/\/tukesk-my.sharepoint.com\/:b:\/g\/personal\/katarina_teplicka_tuke_sk\/EYIqpWCsEvtOhG2x5Dty-X4BKIoyevZg3CCeGfOn5Akr1Q?e=jWjwph\">LINK<\/a><\/strong><br>(ACA) <strong>Quality management. <\/strong>Katar\u00edna Teplick\u00e1, Ostrava: V\u0160B TU Ostrava, 2019. 66 s. ISBN 978-80-24843155.&nbsp;<br>(ACA)<strong> Management of budgeting.<\/strong> Katar\u00edna Teplick\u00e1, Ostrava: V\u0160B TU Ostrava, 2022. 64 s. ISBN 978-80-248-4620-0.<br>(ACA) <strong>Tax management. <\/strong>Katar\u00edna Teplick\u00e1, Ostrava: V\u0160B TU Ostrava, 2020. 90 s. ISBN 978-80-248-4407-7.&nbsp;<br>(ACA) <strong>Tax management. <\/strong>Katar\u00edna Teplick\u00e1, Ostrava: V\u0160B, TU Ostrava, 2. updated edition, 2024. 100 s. ISBN 978-80-248-4719-1.&nbsp;<br>(ACA) <strong>Calculation management. <\/strong>Katar\u00edna Teplick\u00e1, V\u0160B TU Ostrava, 2021. 74 s. ISBN 978-80-248-4501-2.<br>(ACD) <strong>Employment of foreign students on the Slovak labor market - advantages and disadvantages, comparison.<\/strong> Andrea Se\u0148ov\u00e1, Katar\u00edna Teplick\u00e1, 2020. In: Foreign university students - adaptation to study and work in Slovakia.TU Ko\u0161ice, 153-177 s. ISBN 978-80-553-3655-8.<br>(ACB) <strong>Informantion business system.<\/strong> Katar\u00edna Teplick\u00e1, 2. vyd. Ko\u0161ice: TU, 2004. 68 s. &nbsp;ISBN 80-8073-145-4.<br>(ACB) <strong>Managerial accounting. <\/strong>Katar\u00edna Teplick\u00e1, Ko\u0161ice: TU 2004. 90 s. ISBN 80-8073-162-4.<br>(ACB) <strong>Informantion business system. <\/strong>Adriana Csik\u00f3sov\u00e1, Katar\u00edna Kamen\u00edkov\u00e1, Katar\u00edna Teplick\u00e1&nbsp;&nbsp; 2. vyd.&nbsp; Ko\u0161ice: TU, 2004.&nbsp; 71 s. ISBN 80-8073-205-1.<br>(ACB) <strong>Taxes. <\/strong>Katar\u00edna Teplick\u00e1, ES FBERG TU Ko\u0161ice, 2016. 68 s. ISBN 978-80-553-2538-5.<br>(ACB) <strong>Economic statistic. <\/strong>Katar\u00edna Teplick\u00e1, ES F BERG TU Ko\u0161ice, 2016. 76 s. ISBN 978-80-553-2513-2.<br>(ACB) <strong>Optimization methods of operational analysis. <\/strong>Katar\u00edna Teplick\u00e1, TU FBERG Ko\u0161ice, 2016.&nbsp; 62 s. &nbsp;ISBN 978-80-553-2497-5.<br>(ACB) <strong>Innovative didactic methods in the pedagogical process at universities. <\/strong>&nbsp;Teplick\u00e1,K., Steingartner, W., Matvija, M., TU Ko\u0161ice, 2020.&nbsp; 71 s. &nbsp;ISBN 978-80-553-3501-8.<br>(BCI) <strong>Informantion business system.<\/strong> Katar\u00edna \u010cuchranov\u00e1, ES AMS Ko\u0161ice, 2003. 62 s. ISBN 80-8073-004-0.&nbsp;<br>(BCI) <strong>Methods of economic analysis.<\/strong> Katar\u00edna \u010cuchranov\u00e1, Vladim\u00edr Vodzinsk\u00fd, &nbsp;ES AMS Ko\u0161ice, 2003. 62 s. &nbsp;ISBN 80-8073-005-9.<br>(BCI) <strong>Informantion business system<\/strong> Adriana Csik\u00f3sov\u00e1, Katar\u00edna Kamen\u00edkov\u00e1, Katar\u00edna Teplick\u00e1, Ko\u0161ice: TU 2003. 71 s. ISBN 80-8073-062-8.<br>(BCI) <strong>Auditing and Taxes. <\/strong>Katar\u00edna Teplick\u00e1, FBERG Ko\u0161ice, 2006. 91 s. &nbsp;ISBN 80-8073-528-X.<br>(BCI) <strong>Base of taxes.<\/strong> Katar\u00edna Teplick\u00e1, FBERG&nbsp; Ko\u0161ice, 2009. 100 s. ISBN 978-80-553-0148-8.<br>(BCI) <strong>Base of managerial accounting. <\/strong>Katar\u00edna Teplick\u00e1, FBERG Ko\u0161ice, 2009. 100 s. ISBN 978-80-553-0277-5.<br>(BCI) <strong>Base of operational analysis.<\/strong> Katar\u00edna Teplick\u00e1, ES F BERG Ko\u0161ice, 2011. 100 s. ISBN 978-80-553-0713-8.<br>(BCI) <strong>Base of economic statistic. <\/strong>Katar\u00edna Teplick\u00e1, Gabriela Alexandrov\u00e1, ES F BERG Ko\u0161ice, 2011. 99 s. &nbsp;ISBN 978-80-553-0710-7.<br>(ACB) <strong>Base of environmental economy.<\/strong> Katar\u00edna Teplick\u00e1, TU F BERG Ko\u0161ice,&nbsp; 100 s. ISBN 978-80-553-4364-8.<\/span><\/p>\n<p><\/p>\n<p><\/p>\t\t\t\t\t\t\t\t<\/div>\n\t\t\t\t<\/div>\n\t\t\t\t\t<\/div>\n\t\t<\/div>\n\t\t\t\t\t<\/div>\n\t\t<\/section>\n\t\t\t\t<\/div>","protected":false},"excerpt":{"rendered":"<p>V r\u00e1mci publika\u010dnej \u010dinnosti realizujeme pr\u00edpravu odborn\u00fdch, vedeck\u00fdch, pedagogick\u00fdch publik\u00e1ci\u00ed. V odbornej oblasti sa orientujeme na odborn\u00e9 pr\u00edspevky, odborn\u00e9 knihy,<\/p>","protected":false},"author":2,"featured_media":0,"parent":0,"menu_order":6,"comment_status":"closed","ping_status":"closed","template":"","meta":{"colormag_page_container_layout":"no_sidebar_content_centered","colormag_page_sidebar_layout":"no_sidebar","footnotes":""},"class_list":["post-70","page","type-page","status-publish","hentry"],"_links":{"self":[{"href":"https:\/\/www.katarinateplicka.sk\/en\/wp-json\/wp\/v2\/pages\/70","targetHints":{"allow":["GET"]}}],"collection":[{"href":"https:\/\/www.katarinateplicka.sk\/en\/wp-json\/wp\/v2\/pages"}],"about":[{"href":"https:\/\/www.katarinateplicka.sk\/en\/wp-json\/wp\/v2\/types\/page"}],"author":[{"embeddable":true,"href":"https:\/\/www.katarinateplicka.sk\/en\/wp-json\/wp\/v2\/users\/2"}],"replies":[{"embeddable":true,"href":"https:\/\/www.katarinateplicka.sk\/en\/wp-json\/wp\/v2\/comments?post=70"}],"version-history":[{"count":146,"href":"https:\/\/www.katarinateplicka.sk\/en\/wp-json\/wp\/v2\/pages\/70\/revisions"}],"predecessor-version":[{"id":5562,"href":"https:\/\/www.katarinateplicka.sk\/en\/wp-json\/wp\/v2\/pages\/70\/revisions\/5562"}],"wp:attachment":[{"href":"https:\/\/www.katarinateplicka.sk\/en\/wp-json\/wp\/v2\/media?parent=70"}],"curies":[{"name":"wp","href":"https:\/\/api.w.org\/{rel}","templated":true}]}}