{"id":72,"date":"2020-01-13T09:52:17","date_gmt":"2020-01-13T09:52:17","guid":{"rendered":"https:\/\/www.katarinateplicka.sk\/?page_id=72"},"modified":"2025-12-08T14:00:33","modified_gmt":"2025-12-08T14:00:33","slug":"clenstvo","status":"publish","type":"page","link":"https:\/\/www.katarinateplicka.sk\/en\/clenstvo\/","title":{"rendered":"MEMBERSHIP"},"content":{"rendered":"<p class=\"has-white-color has-text-color has-background\" style=\"background-color:#3f9c2d\"><strong>As part of my work position, I am a member of various organizations, commissions, committees, magazines, state exams, internal audits, and faculty institutes. <br>Membership is determined based on the assigned appointment decrees or letters of appointment. <\/strong><\/p>\n\n\n\n<p class=\"has-text-align-center has-black-color has-white-background-color has-text-color has-background has-link-color has-medium-font-size wp-elements-afd748e57a09827442bfd246c1019299\"><strong>MEMBERSHIP IN ORGANIZATIONS<\/strong><\/p>\n\n\n\n<figure class=\"wp-block-image aligncenter size-full\"><img fetchpriority=\"high\" decoding=\"async\" width=\"727\" height=\"156\" src=\"https:\/\/www.katarinateplicka.sk\/wp-content\/uploads\/2023\/02\/clenstvo-obr.png\" alt=\"\" class=\"wp-image-2862\" srcset=\"https:\/\/www.katarinateplicka.sk\/wp-content\/uploads\/2023\/02\/clenstvo-obr.png 727w, https:\/\/www.katarinateplicka.sk\/wp-content\/uploads\/2023\/02\/clenstvo-obr-300x64.png 300w, https:\/\/www.katarinateplicka.sk\/wp-content\/uploads\/2023\/02\/clenstvo-obr-18x4.png 18w\" sizes=\"(max-width: 727px) 100vw, 727px\" \/><\/figure>\n\n\n<p><span style=\"color: #000000;\">(2004 -) Member - Slovak Chamber of Certified Accountants, Bratislava.\u00a0<br \/><\/span><span style=\"color: #000000;\">(2015 -) Member - SAM: Slovak Academy of Management, Bratislava.\u00a0<br \/><\/span><span style=\"color: #000000;\">(2015) Member - Slovak Society for Quality, Bratislava.\u00a0\u00a0<br \/><\/span><span style=\"color: #000000;\">(2014-2016) Member - working group BPUG - project management, Bratislava.<br \/><\/span><span style=\"color: #000000;\">(2018-2023) Member  - Slovak Institute of Project Management, Bratislava.<br \/><\/span><span style=\"color: #000000;\">(2024 -) Member \u2013 IRCA \u2013 international register of certificated auditors of quality system, USA.<br \/>(2025) Member - SAKVA - Slovak Association for the Quality of Higher Education, Poprad.<br \/><\/span><\/p>\n\n\n<p class=\"has-text-align-center has-black-color has-white-background-color has-text-color has-background has-link-color has-medium-font-size wp-elements-cfbe9cc42ea02e20d28d67d9db3f8ac4\"><strong>MEMBERSHIP IN EDITORIAL BOARDS OF JOURNAL <\/strong><\/p>\n\n\n\n<figure class=\"wp-block-image aligncenter size-full is-resized has-custom-border\"><img decoding=\"async\" width=\"761\" height=\"299\" src=\"https:\/\/www.katarinateplicka.sk\/wp-content\/uploads\/2025\/01\/clenstvo-rady.png\" alt=\"\" class=\"has-border-color has-black-border-color wp-image-3772\" style=\"border-width:1px;width:485px;height:auto\" srcset=\"https:\/\/www.katarinateplicka.sk\/wp-content\/uploads\/2025\/01\/clenstvo-rady.png 761w, https:\/\/www.katarinateplicka.sk\/wp-content\/uploads\/2025\/01\/clenstvo-rady-300x118.png 300w, https:\/\/www.katarinateplicka.sk\/wp-content\/uploads\/2025\/01\/clenstvo-rady-18x7.png 18w\" sizes=\"(max-width: 761px) 100vw, 761px\" \/><\/figure>\n\n\n\n<p class=\"has-black-color has-text-color has-link-color wp-elements-fdbe5f54cc124a6ad13e1b4000b59f26\" style=\"font-size:15px\">(2016) Member \u2013 Scientific Board of ECOLETRA.COM magazine - green publishing.<br>(2019 - present) Member - Scientific Board of MANEKO, Bratislava.<br>(2021) Member - Editorial Board of Q magazine, Ostrava, Czech republic.<br>(2024) Member of Editorial board of MANEKO journal, Bratislava. <br>(2023-2024) Member of the Reviewer board of MANEKO journal, Bratislava.<br>(2025) Vice-Chairman of the Editorial Board of MANEKO journal, Bratislava.<\/p>\n\n\n\n<p><\/p>\n\n\n\n<p class=\"has-text-align-center has-black-color has-text-color has-link-color has-medium-font-size wp-elements-f67f04c074342d3e505926f569825876\"><strong>MEMBERSHIP IN FINAL OPPONENTS<\/strong><\/p>\n\n\n\n<p class=\"has-black-color has-text-color has-link-color wp-elements-0d104e0a9cb1cfcac1fc580ba3551a68\" style=\"font-size:15px\">(2021) Member of the final opponent of the KEGA project: Creation of the Laboratory of Engineering Creativity, project leader: prof. Ing. Radim Ryb\u00e1r, PhD., Institute of Earth resources, Faculty of BERG, Ko\u0161ice. <br>(2022) Member of the final opponent of the KEGA project: Management of audits using a software application in accordance with the requirements of the ISO 9001: 2015 standard, project leader: prof. Ing. Hana Pa\u010daiov\u00e1, PhD., Department of Production Safety and Quality, Faculty of Mechanical Engineering TU Ko\u0161ice.<br>(2022) Member of the final opponent of the KEGA: 047\/TUKE-4\/2020 Designing buildings in the world of sustainable cities, project leader: Ing. Martin Kov\u00e1\u010d, PhD., Institute of Civil Engineering, Faculty of Civil Engineering TU Ko\u0161ice.<br>(2023) Member of the final opponent of the KEGA project: 019TUKE-4\/2020 Application-oriented education in the field of implementing the requirements of the ISO 9001:2015 standard, project leader: doc. Ing. \u0160tefan Markul\u00edk, PhD., Department of Production Safety and Quality, Faculty of Mechanical Engineering TU Ko\u0161ice.<br>(2024) Member of the final opponent of the KEGA project: 048TUKE-4\/2021 Universal education - competition platform, project leader: prof. Ing. Radim Ryb\u00e1r, PhD., Institute of Earth resources, Faculty of BERG, Technical university of Ko\u0161ice.<br>(2025) Member of the final opponent of the KEGA project: Teaching financial literacy using information technologies as a means of improving the quality of life and eliminating the impacts of the economic crisis, project leader: doc. ThDr. PaedDr. Anton Lisnik, PhD., Institute of Management, Slovak University of Technology in Bratislava.<\/p>\n\n\n\n<p class=\"has-black-color has-text-color has-link-color wp-elements-a70bc10310af4e6c81108f1f4a47e68a\" style=\"font-size:15px\"><\/p>\n\n\n\n<p class=\"has-text-align-center has-black-color has-white-background-color has-text-color has-background has-link-color has-medium-font-size wp-elements-629ba5b84d0fdbd6dba6955efef04384\"><strong>MEMBERSHIP IN STUDY AREA COMMISSIONS<\/strong><\/p>\n\n\n\n<p class=\"has-black-color has-text-color has-link-color wp-elements-5fdadae7a752459aaea8a4a944d3e7ac\" style=\"font-size:15px\">(2010) Member of the Departmental Commission for the Earth Resource Economics program at the BERG Faculty.<br>(2014) Member of the Departmental Committee for the Study Department 5.2.38 acquisition and processing of Earth resources Management.<br>(2023-2024) Member of the trade committee for the Mineral Mining and Engineering Technologies program, Faculty FBERG.<\/p>\n\n\n\n<p class=\"has-text-align-center has-black-color has-text-color has-link-color has-medium-font-size wp-elements-d21f60014e85c2ae702c328da38051b2\"><strong>MEMBERSHIP IN THE STUDY PROGRAM COUNCIL<\/strong><\/p>\n\n\n\n<p class=\"has-black-color has-text-color has-link-color wp-elements-41404bc940fbe1e006ffbaca3d23605d\" style=\"font-size:15px\">(2022-2025) Member of the Council of the study program Mineral Mining and Engineering Geotechnologies - doctoral study.<br>(2022 -2025) Member of the Council of the Rescue, Fire and Safety Technology, bachelor study program.<br>(2022 -2025) Member of the Council of the Rescue, Fire and Safety Technology, engineering study program.<br>(2025-present) Member of the Council of the Transport Logistics study program - bachelor's degree.<br>(2025-present) Member of the Council of the Transport Logistics study program - engineering degree.<\/p>\n\n\n\n<p class=\"has-text-align-center has-black-color has-white-background-color has-text-color has-background has-link-color has-medium-font-size wp-elements-2b7e01e30a005df91096ae12b602167a\"><strong> MEMBERSHIP IN PEDAGOGICAL COMMISSIONS<\/strong><\/p>\n\n\n\n<p class=\"has-black-color has-text-color\" style=\"font-size:15px\">(2002) Member in position: Head of the study group for Engineering Management, Entrepreneurship, Management of Earth resources.<br>(2004 - present) Member of the BERG Faculty Quality Council, Quality Management System at TUKE position: Quality Manager<br>(2004) Member of the BERG Quality Council in the position of: Vice-Chairman of the FBERG Quality Council.<br>(2004-present) Member of the FBERG Quality Council in the position of: internal auditor.<br>(2006) Member of the team for building the laboratory: Logistics Laboratory.<br>(2008) Membership in the commission for Student science competition, preparation, and organization of Student science competition - Engineering Management, Entrepreneurship, Management of Earth resources.<br>(2009-2010) Member of the inventory committee of the BERG faculty.<br>(2010) Member of the Faculty Promotion Team in the position: Study Promotion Coordinator at the BERG Faculty of Business and Management Institute.<br>(2010) Member of the Commission: Student Scientific Conference.<br>(2014) Member of the commission: Doctoral Conference, Economics of Land Resources and Utilization and Protection of Land Resources, TU Kosice.<br>(2016) Member of the commission: Scientific student conference: Institute of Earth Resources.<br>(2016) Member of the commission for the scientific student conference: Scientific International Student Conference, Institute of Earth Resources, Faculty of BERG Kosice, Faculty of Mining and Geology, Ostrava.<br>(2016) Member of the Commission: Conference of Young Scientists 2016.<br>(2016) Member of the Scientific Board: Student Conference - Optimization Methods and Their Use in Practice, University Library, Kosice.<br>(2016) Member of the preparatory team: Preparation of a lecture with members of the Government of the Slovak Republic students of the Department of MZZ, VAZE on the topic: Career, problems in higher education.<br>(2016) Member of the organizing committee of the lecture: Career and preparation of graduates for competitions.<br>(2019) Member of the committee: Student seminar: Statistical analyses in business practice, TU Ko\u0161ice \u2013 University Library.<br>(2019) Member of the committee: Student discussion forum: Tax system in Slovakia, TU Ko\u0161ice \u2013 University Library.<br>(2022) Member of the Council of the Rescue, Fire and Safety Technology study program.<br>(2024) Member of the science commission for workshop: Sanction system in environmental economic for the the Rescue, Fire and Safety Technology study program.<br>(2025) Member of the scientific council of the Workshop: Methods and approaches in quality management, study program: Earth Resources Management. <br>(2025) Member of the scientific council of the discussion forum: Quality Management Tools Forum 2025, study program Earth Resources Management.<\/p>\n\n\n\n<p class=\"has-text-align-center has-black-color has-white-background-color has-text-color has-background has-link-color has-medium-font-size wp-elements-6b39c43ee42c18e0a40988f0798c894e\"><strong>MEMBERSHIP IN DOCTORAL COMMISSIONS<\/strong><\/p>\n\n\n\n<p class=\"has-black-color has-text-color has-link-color wp-elements-1fa86736f1f8debc15dd55695f947e42\" style=\"font-size:15px\">(2010) Ing. M. Hus\u00e1rov\u00e1,  faculty BERG, chair of the commission - dissertation exam,<br>(2010) Ing. P. Hreha,  faculty BERG, chair of the commission - dissertation exam,<br>(2010) Ing. J. Zuz\u00edk,   faculty BERG, chair of the commission - dissertation exam,<br>(2010)Mgr. M. Muchov\u00e1, faculty BERG, chair of the commission - dissertation exam,<br>(2010)  Ing. L. Vinc,  faculty BERG, chair of the commission - dissertation exam,<br>(2010) Ing. K. Erd\u00e9lyiov\u00e1,   faculty BERG, chair of the commission - dissertation exam,<br>(2010) Ing. M. Hricov\u00e1, faculty BERG, chair of the commission - dissertation exam,<br>(2010) Ing. M. Kru\u013e\u00e1kov\u00e1, faculty BERG, chair of the commission - dissertation exam,<br>(2010) Ing. K. O\u010den\u00e1\u0161ov\u00e1,  faculty BERG, dissertation defense: Business risk management in the implementation of mineral resource exploitation projects.<br>(2012) Ing. J. \u0160est\u00e1k, faculty of Mechanical Engineering, Technical University of Ko\u0161ice, dissertation: Development of reconfigurable modular systems.<br>(2012) J. \u010cuchranov\u00e1, faculty of Mechanical Engineering, Technical University of Ko\u0161ice, dissertation: Ergonomic design of hybrid production systems.<br>(2012) Ing. M. \u0160usterov\u00e1, faculty of Mechanical Engineering, Technical University of Ko\u0161ice, dissertation: Methodology for assessing risks of innovative projects.<br>(2012) Dissertation. Ing. Michaela Durk\u00e1\u010dov\u00e1. Faculty of Mechanical Engineering TU Ko\u0161ice, thesis title: Evaluation of business process performance.<br>(2014) Ing. Lenka Kalafusov\u00e1, Strojn\u00edcka fakulta TU Ko\u0161ice,&nbsp; dizerta\u010dn\u00e1 pr\u00e1ca: Modelovanie vzniku a&nbsp;riadenia riz\u00edk podnikov\u00fdch procesov.<br>(2014) Ing. J. Zuba\u013eov\u00e1, BERG Faculty, dissertation defense.<br>(2014) Ing. P. Daubner, faculty BERG, dissertation defense.<br>(2014) Ing. I. \u0160imko, faculty BERG, dissertation examination.<br>(2014) Ing. G. Bardiovsk\u00fd, faculty BERG, dissertation examination.<br>(2014) Ing. B. Ondr\u00edk, faculty BERG, dissertation examination.<br>(2014) PhDr. V. Mokri\u0161ov\u00e1, faculty BERG, dissertation examination.<br>(2015) Ing. J. Kobulnick\u00fd, Strojn\u00edcka fakulta TU Ko\u0161ice,&nbsp; dizerta\u010dn\u00e1 pr\u00e1ca: Implement\u00e1cia proakt\u00edvnych konceptov v&nbsp;riaden\u00ed priemyseln\u00fdch podnikov.<br>(2015) Ing. P. Gall, faculty BERG, dissertation defense.<br>(2015) Ing. Ram\u00e1\u010dov\u00e1, faculty BERG, dissertation defense.<br>(2015) Ing. Igor \u0160imko, fakulty BERG, dissertation defense.<br>(2015) RNDr. Ing. M. Tk\u00e1\u010d, fakulty BERG, dissertation defense.<br>(2016) Ing. Martin \u013doch, FPEDAS, \u017dilina university,  Optimization of wagon current organization based on economic criteria, FPEDAS \u017dilina.<br>(2018) Doctoral thesis, Ing. J\u00e1n Kobulnick\u00fd, Faculty of Mechanical Engineering TU Ko\u0161ice Program: Industrial Engineering, supervisor: Doc. Ing. Jaroslava Kadarova, PhD. thesis title: Implementation of proactive concepts in the management of industrial enterprises.<br>(2018) Ing. Michal Deme\u010dko, faculty of Mechanical Engineering, TU Ko\u0161ice, dissertation: Reduction of the waste of production process with direction on productivity growth.<br>(2019) Ing. Marek Debn\u00e1r, DF, TU Zvolen, doctoral thesis: Economic-environmental aspects of the life cycle of wooden buildings.<br>(2019) Ing. Roman Dubov\u00fd, MBA., PEF faculty, Mendel University, Brno, doctoral thesis: Use of non-financial indicators for business performance management.<br>(2022) Ing. Laura Lachvajderov\u00e1, dissertation: Application of digital models and tools for the management of engineering companies with a research base.<br>(2023) Mgr. Luk\u00e1\u0161 Vete\u0161ka, dissertation defense, FM Comenius University in Bratislava. <br>(2023) PhDr. Loretta Pinke, dissertation defense, FM Comenius University in Bratislava.<br>(2023) PhDr. Peter Nov\u00e1\u010dek, faculty of Management Bratislava, dissertation: Use of bentonite mineral resource in the framework of business development in Slovakia.<br>(2023) Ing. Ladislav Moravec, HGF Ostrava,  dissertation: Assessment of the advantages of central heat supply compared to alternative local heating sources.<br>(2024) Ing. Petr Rys, HGF Ostrava, dissertation: Economics of the operation of facilities for processing and energy utilization of municipal waste.<br>(2024) Ing. Libor Hrb\u00e1\u010dek, HGF Ostrava, dissertation: Study of the perspective of the usability of the raw material base of building aggregates in the conditions of the Czech Republic.<br>(2024) Ing. Dominika Sukopov\u00e1, faculty of Mechanical Engineering, Technical University of Ko\u0161ice, dissertation: Advanced analytics and digitalization in business management.<\/p>\n\n\n\n<p class=\"has-text-align-center has-black-color has-white-background-color has-text-color has-background has-link-color has-medium-font-size wp-elements-7397f35cc4aacad84cd54409627adca6\"><strong>MEMBERSHIP IN STATE EXAM COMMISSIONS <\/strong><\/p>\n\n\n\n<figure style=\"font-size:15px\" class=\"wp-block-table\"><table class=\"has-black-color has-text-color has-link-color has-fixed-layout\" style=\"border-style:none;border-width:0px\"><tbody><tr><td class=\"has-text-align-left\" data-align=\"left\">(2005) Member of the commission for state final examinations of engineering studies in the study program \"Industrial logistics\", FBERG, Kosice. <br>(2005-2009) Member of the commission for state final examinations in engineering studies in the study programs \"Engineering Management\" and \"Entrepreneurship\", FBERG, Kosice.<br>(2005-2009) Member of the commission for state final examinations in engineering studies in the study programs \"Engineering Management\" and \"Entrepreneurship\", FBERG, Kosice.<br>(2009-2019) Member of the commission for state final examinations of bachelor's studies in the study program \" Management of Earth resources\". FBERG, Kosice.<br>(2009-2019) Member of the commission for state final examinations of engineering studies in the study program \" Management of Earth resources \". FBERG, Kosice.<br>(2011-2014) Member of the commission for state final examinations of bachelor's studies in the study program \"Production Quality Engineering\". MTF STU Trnava. <br>(2011-2014) Member of the commission for state final examinations of engineering studies in the study program \"Production Quality Engineering\". MTF STU Trnava. <br>(2013-2016) Member of the commission for state final examinations of engineering studies in the study program \"Production Quality Engineering\". Faculty of Mechanical Engineering, Kosice.&nbsp; <br>(2013-2016) Member of the commission for state final examinations of bachelor's studies in the study program \"Production Quality\". Faculty of Mechanical Engineering, Kosice.&nbsp; <br>(2019) Member of the commission for state final examinations of engineering studies for the study program \"Management of technological processes in chemistry and food industry\", FCFT STU Bratislava. \u2003<br>(2019 \u2013 2024) Member of the commission for state final exams of bachelor's studies in the study program \"Business Management and Economics\". SJF TU Ko\u0161ice.<\/td><\/tr><\/tbody><\/table><\/figure>\n\n\n\n<p style=\"font-size:15px\"><\/p>\n\n\n\n<p><\/p>","protected":false},"excerpt":{"rendered":"<p>V r\u00e1mci mojej pracovnej poz\u00edcie som \u010dlenkou r\u00f4znych organiz\u00e1ci\u00ed, komisi\u00ed, v\u00fdborov, \u010dasopisov, \u0161t\u00e1tnych sk\u00fa\u0161ok, intern\u00fdch auditov a fakultn\u00fdch in\u0161tit\u00fatov. \u010clenstvo<\/p>","protected":false},"author":2,"featured_media":0,"parent":0,"menu_order":7,"comment_status":"closed","ping_status":"closed","template":"","meta":{"colormag_page_container_layout":"no_sidebar_content_centered","colormag_page_sidebar_layout":"no_sidebar","footnotes":""},"class_list":["post-72","page","type-page","status-publish","hentry"],"_links":{"self":[{"href":"https:\/\/www.katarinateplicka.sk\/en\/wp-json\/wp\/v2\/pages\/72","targetHints":{"allow":["GET"]}}],"collection":[{"href":"https:\/\/www.katarinateplicka.sk\/en\/wp-json\/wp\/v2\/pages"}],"about":[{"href":"https:\/\/www.katarinateplicka.sk\/en\/wp-json\/wp\/v2\/types\/page"}],"author":[{"embeddable":true,"href":"https:\/\/www.katarinateplicka.sk\/en\/wp-json\/wp\/v2\/users\/2"}],"replies":[{"embeddable":true,"href":"https:\/\/www.katarinateplicka.sk\/en\/wp-json\/wp\/v2\/comments?post=72"}],"version-history":[{"count":176,"href":"https:\/\/www.katarinateplicka.sk\/en\/wp-json\/wp\/v2\/pages\/72\/revisions"}],"predecessor-version":[{"id":5532,"href":"https:\/\/www.katarinateplicka.sk\/en\/wp-json\/wp\/v2\/pages\/72\/revisions\/5532"}],"wp:attachment":[{"href":"https:\/\/www.katarinateplicka.sk\/en\/wp-json\/wp\/v2\/media?parent=72"}],"curies":[{"name":"wp","href":"https:\/\/api.w.org\/{rel}","templated":true}]}}