{"id":74,"date":"2020-01-13T09:52:28","date_gmt":"2020-01-13T09:52:28","guid":{"rendered":"https:\/\/www.katarinateplicka.sk\/?page_id=74"},"modified":"2025-02-01T13:48:07","modified_gmt":"2025-02-01T13:48:07","slug":"vzdelavanie","status":"publish","type":"page","link":"https:\/\/www.katarinateplicka.sk\/en\/vzdelavanie\/","title":{"rendered":"TRAINING"},"content":{"rendered":"<p class=\"has-white-color has-text-color has-background\" style=\"background-color:#3f9c2d\"><strong>As part of the \"Entrepreneurship\" process, we implement professional, specialized, educational training that allow improving the pedagogical and scientific-research process. The training are focused on pedagogical training in the field of didactics, the use of new methods in education, training in the field of e-learning education, information and communication courses, professional courses are focused on the field of accounting, taxation, wages, health and social insurance, the labor code. Specialization courses are oriented to the field of quality management, environmental management, project management and business management. <\/strong><\/p>\n\n\n\n<figure class=\"wp-block-image aligncenter size-large is-resized\"><img fetchpriority=\"high\" decoding=\"async\" width=\"1024\" height=\"520\" src=\"https:\/\/www.katarinateplicka.sk\/wp-content\/uploads\/2021\/11\/courses.png\" alt=\"\" class=\"wp-image-448\" style=\"width:922px;height:auto\" srcset=\"https:\/\/www.katarinateplicka.sk\/wp-content\/uploads\/2021\/11\/courses.png 1076w, https:\/\/www.katarinateplicka.sk\/wp-content\/uploads\/2021\/11\/courses-300x152.png 300w, https:\/\/www.katarinateplicka.sk\/wp-content\/uploads\/2021\/11\/courses-1024x519.png 1024w, https:\/\/www.katarinateplicka.sk\/wp-content\/uploads\/2021\/11\/courses-768x389.png 768w, https:\/\/www.katarinateplicka.sk\/wp-content\/uploads\/2021\/11\/courses-18x9.png 18w\" sizes=\"(max-width: 1024px) 100vw, 1024px\" \/><\/figure>\n\n\n\n<p class=\"has-text-align-center has-text-color has-link-color wp-elements-16f4b3b30466300cf31181ba5b81dde0\" style=\"color:#3f9c2d;font-size:25px\"><\/p>\n\n\n\n<div class=\"wp-block-columns is-layout-flex wp-container-core-columns-is-layout-28f84493 wp-block-columns-is-layout-flex\">\n<div class=\"wp-block-column is-layout-flow wp-block-column-is-layout-flow\"><\/div>\n\n\n\n<div class=\"wp-block-column is-layout-flow wp-block-column-is-layout-flow\"><\/div>\n<\/div>\n\n\n\n<figure class=\"wp-block-image aligncenter size-full\"><img decoding=\"async\" width=\"892\" height=\"257\" src=\"https:\/\/www.katarinateplicka.sk\/wp-content\/uploads\/2023\/02\/diplomy.png\" alt=\"\" class=\"wp-image-2813\" srcset=\"https:\/\/www.katarinateplicka.sk\/wp-content\/uploads\/2023\/02\/diplomy.png 892w, https:\/\/www.katarinateplicka.sk\/wp-content\/uploads\/2023\/02\/diplomy-300x86.png 300w, https:\/\/www.katarinateplicka.sk\/wp-content\/uploads\/2023\/02\/diplomy-768x221.png 768w, https:\/\/www.katarinateplicka.sk\/wp-content\/uploads\/2023\/02\/diplomy-18x5.png 18w\" sizes=\"(max-width: 892px) 100vw, 892px\" \/><\/figure>\n\n\n\n<div class=\"wp-block-group is-layout-flow wp-block-group-is-layout-flow\">\n<figure style=\"margin-top:var(--wp--preset--spacing--20);margin-right:var(--wp--preset--spacing--20);margin-bottom:var(--wp--preset--spacing--20);margin-left:var(--wp--preset--spacing--20);font-size:15px\" class=\"wp-block-table\"><table class=\"has-black-color has-white-background-color has-text-color has-background has-border-color has-black-border-color\"><thead><tr><th class=\"has-text-align-left\" data-align=\"left\">EDUCATION <\/th><th class=\"has-text-align-left\" data-align=\"left\">Quality management<\/th><th class=\"has-text-align-left\" data-align=\"left\"><strong>ACCOUNTING, TAXES, SALARY <\/strong><\/th><th class=\"has-text-align-left\" data-align=\"left\"><strong>PROJECT MANAGEMENT<\/strong><\/th><\/tr><\/thead><tbody><tr><td class=\"has-text-align-left\" data-align=\"left\">Training IDEP - distance education<\/td><td class=\"has-text-align-left\" data-align=\"left\">Internal auditing EN ISO 9001<\/td><td class=\"has-text-align-left\" data-align=\"left\">Property valuation and liabilities<\/td><td class=\"has-text-align-left\" data-align=\"left\">Controlling<\/td><\/tr><tr><td class=\"has-text-align-left\" data-align=\"left\">New approach in education and IKT using<\/td><td class=\"has-text-align-left\" data-align=\"left\">FMEA - improvement of processes<\/td><td class=\"has-text-align-left\" data-align=\"left\">Transition of simple accounting to double entry bookkeeping<\/td><td class=\"has-text-align-left\" data-align=\"left\">Project Management I. &nbsp;<\/td><\/tr><tr><td class=\"has-text-align-left\" data-align=\"left\">PC ECDL \u2013 informatic course<\/td><td class=\"has-text-align-left\" data-align=\"left\">Standardization and Visualization 5S<\/td><td class=\"has-text-align-left\" data-align=\"left\">New role of financial reporting IFRS<\/td><td class=\"has-text-align-left\" data-align=\"left\">Project Management II.<\/td><\/tr><tr><td class=\"has-text-align-left\" data-align=\"left\">IGIP education<\/td><td class=\"has-text-align-left\" data-align=\"left\">Course of internal auditor ISO\/IEC 17025:2017<\/td><td class=\"has-text-align-left\" data-align=\"left\">Novel of accounting law<\/td><td class=\"has-text-align-left\" data-align=\"left\">Agile Practice Workshop<\/td><\/tr><tr><td class=\"has-text-align-left\" data-align=\"left\">High school pedagogy &nbsp;<\/td><td class=\"has-text-align-left\" data-align=\"left\">LEAN methods<\/td><td class=\"has-text-align-left\" data-align=\"left\">Financial statement<\/td><td class=\"has-text-align-left\" data-align=\"left\">Modern Strategy Progressive Methods<\/td><\/tr><tr><td class=\"has-text-align-left\" data-align=\"left\">Additional education<\/td><td class=\"has-text-align-left\" data-align=\"left\">KAIZEN  continual improvement<\/td><td class=\"has-text-align-left\" data-align=\"left\">Changes in health and social insurance<\/td><td class=\"has-text-align-left\" data-align=\"left\">Project management IPMA D<\/td><\/tr><tr><td class=\"has-text-align-left\" data-align=\"left\">Course of quality management in education<\/td><td class=\"has-text-align-left\" data-align=\"left\">Total productive maintenance<\/td><td class=\"has-text-align-left\" data-align=\"left\">Expenses and Revenuesn in Accounting<\/td><td class=\"has-text-align-left\" data-align=\"left\">Manipulation<\/td><\/tr><tr><td class=\"has-text-align-left\" data-align=\"left\">MOODLE course<\/td><td class=\"has-text-align-left\" data-align=\"left\">G8D \u2013 report<\/td><td class=\"has-text-align-left\" data-align=\"left\">Leasing, depreciation, rezerve<\/td><td class=\"has-text-align-left\" data-align=\"left\">Technics of project management<\/td><\/tr><tr><td class=\"has-text-align-left\" data-align=\"left\">Digital garage<\/td><td class=\"has-text-align-left\" data-align=\"left\">Simplification in praxis<\/td><td class=\"has-text-align-left\" data-align=\"left\">Salary, insurance<\/td><td class=\"has-text-align-left\" data-align=\"left\">Methods of project management<\/td><\/tr><tr><td class=\"has-text-align-left\" data-align=\"left\">Innovative methods in education &nbsp;<\/td><td class=\"has-text-align-left\" data-align=\"left\">Statistical process control<\/td><td class=\"has-text-align-left\" data-align=\"left\">GDPR law<\/td><td class=\"has-text-align-left\" data-align=\"left\">The map of skills of project management<\/td><\/tr><tr><td class=\"has-text-align-left\" data-align=\"left\">On line education<\/td><td class=\"has-text-align-left\" data-align=\"left\">KANBAN approach and its use in the firm<\/td><td class=\"has-text-align-left\" data-align=\"left\">Assets in accounting<\/td><td class=\"has-text-align-left\" data-align=\"left\">Time management<\/td><\/tr><tr><td class=\"has-text-align-left\" data-align=\"left\">INTERREG Poland - Slovakia<\/td><td class=\"has-text-align-left\" data-align=\"left\">Change of ISO norms<\/td><td class=\"has-text-align-left\" data-align=\"left\">Salary law<\/td><td class=\"has-text-align-left\" data-align=\"left\">Risk management<\/td><\/tr><tr><td class=\"has-text-align-left\" data-align=\"left\">Conversation in english language<\/td><td class=\"has-text-align-left\" data-align=\"left\">LEAN methods in praxis<\/td><td class=\"has-text-align-left\" data-align=\"left\">Law of value added tax<\/td><td class=\"has-text-align-left\" data-align=\"left\">Trends of project management<\/td><\/tr><tr><td class=\"has-text-align-left\" data-align=\"left\">Internet business - eshop<\/td><td class=\"has-text-align-left\" data-align=\"left\">Base of the statistical quality management<\/td><td class=\"has-text-align-left\" data-align=\"left\">Value added tax<\/td><td class=\"has-text-align-left\" data-align=\"left\">Strategic management - trends<\/td><\/tr><\/tbody><\/table><\/figure>\n\n\n\n<p>&nbsp;<\/p>\n<\/div>","protected":false},"excerpt":{"rendered":"<p>V r\u00e1mci procesu \u201ePodnikanie\u201c realizujeme odborn\u00e9, \u0161pecializa\u010dn\u00e9, vzdel\u00e1vacie \u0161kolenia, ktor\u00e9 umo\u017e\u0148uj\u00fa zlep\u0161ova\u0165 pedagogick\u00fd a vedecko-v\u00fdskumn\u00fd proces. \u0160kolenia s\u00fa orientovan\u00e9 na<\/p>","protected":false},"author":2,"featured_media":0,"parent":0,"menu_order":9,"comment_status":"closed","ping_status":"closed","template":"","meta":{"colormag_page_container_layout":"no_sidebar_content_centered","colormag_page_sidebar_layout":"no_sidebar","footnotes":""},"class_list":["post-74","page","type-page","status-publish","hentry"],"_links":{"self":[{"href":"https:\/\/www.katarinateplicka.sk\/en\/wp-json\/wp\/v2\/pages\/74","targetHints":{"allow":["GET"]}}],"collection":[{"href":"https:\/\/www.katarinateplicka.sk\/en\/wp-json\/wp\/v2\/pages"}],"about":[{"href":"https:\/\/www.katarinateplicka.sk\/en\/wp-json\/wp\/v2\/types\/page"}],"author":[{"embeddable":true,"href":"https:\/\/www.katarinateplicka.sk\/en\/wp-json\/wp\/v2\/users\/2"}],"replies":[{"embeddable":true,"href":"https:\/\/www.katarinateplicka.sk\/en\/wp-json\/wp\/v2\/comments?post=74"}],"version-history":[{"count":73,"href":"https:\/\/www.katarinateplicka.sk\/en\/wp-json\/wp\/v2\/pages\/74\/revisions"}],"predecessor-version":[{"id":4389,"href":"https:\/\/www.katarinateplicka.sk\/en\/wp-json\/wp\/v2\/pages\/74\/revisions\/4389"}],"wp:attachment":[{"href":"https:\/\/www.katarinateplicka.sk\/en\/wp-json\/wp\/v2\/media?parent=74"}],"curies":[{"name":"wp","href":"https:\/\/api.w.org\/{rel}","templated":true}]}}